{"id":6861,"date":"2022-06-11T21:39:31","date_gmt":"2022-06-11T19:39:31","guid":{"rendered":"https:\/\/nid.pl\/?page_id=6861"},"modified":"2026-01-16T09:40:07","modified_gmt":"2026-01-16T08:40:07","slug":"podlasie-projekt-6","status":"publish","type":"page","link":"https:\/\/nid.pl\/en\/dom-podlasie\/podlasie-projekt-6\/","title":{"rendered":"Projekt domu nr 6"},"content":{"rendered":"<p>[et_pb_section fb_built=&#8221;1&#8243; _builder_version=&#8221;4.16&#8243; _module_preset=&#8221;default&#8221; custom_padding=&#8221;0px||0px|||&#8221; global_colors_info=&#8221;{}&#8221;][et_pb_row admin_label=&#8221;asdsadsdd&#8221; _builder_version=&#8221;4.16&#8243; _module_preset=&#8221;default&#8221; background_image=&#8221;https:\/\/nid.pl\/wp-content\/uploads\/2022\/06\/Dom-na-Podlasiu_projekt6_header.jpg&#8221; width=&#8221;100%&#8221; max_width=&#8221;100%&#8221; height=&#8221;400px&#8221; custom_margin=&#8221;|auto||auto|false|false&#8221; custom_padding=&#8221;0px||0px|||&#8221; global_colors_info=&#8221;{}&#8221;][et_pb_column type=&#8221;4_4&#8243; _builder_version=&#8221;4.16&#8243; _module_preset=&#8221;default&#8221; global_colors_info=&#8221;{}&#8221;][\/et_pb_column][\/et_pb_row][\/et_pb_section][et_pb_section fb_built=&#8221;1&#8243; _builder_version=&#8221;4.16&#8243; _module_preset=&#8221;default&#8221; custom_padding=&#8221;0px|0px|0px|0px|false|false&#8221; global_colors_info=&#8221;{}&#8221;][et_pb_row _builder_version=&#8221;4.16&#8243; _module_preset=&#8221;default&#8221; width=&#8221;100%&#8221; max_width=&#8221;100%&#8221; custom_padding=&#8221;50px|50px|50px|50px|false|false&#8221; global_colors_info=&#8221;{}&#8221;][et_pb_column type=&#8221;4_4&#8243; _builder_version=&#8221;4.16&#8243; _module_preset=&#8221;default&#8221; global_colors_info=&#8221;{}&#8221;][et_pb_code _builder_version=&#8221;4.16&#8243; _module_preset=&#8221;default&#8221; custom_margin=&#8221;||0px||false|false&#8221; global_colors_info=&#8221;{}&#8221;]<\/p>\n<div id=\"backButtonBox\" class=\"et_pb_module et_pb_text et_pb_text_0  et_pb_text_align_left et_pb_bg_layout_light\" style=\"display: block;\"><!-- [et_pb_line_break_holder] --><\/p>\n<div class=\"et_pb_text_inner\">\n<div class=\"backButton\" onclick=\"javascript:window.history.back();\"><span>\u2190<\/span>Powr\u00f3t<\/div>\n<\/div>\n<p><!-- [et_pb_line_break_holder] --><\/div>\n<p>[\/et_pb_code][et_pb_text _builder_version=&#8221;4.16&#8243; _dynamic_attributes=&#8221;content&#8221; _module_preset=&#8221;default&#8221; text_font_size=&#8221;26px&#8221; custom_margin=&#8221;||25px||false|false&#8221; custom_padding=&#8221;||||false|false&#8221; global_colors_info=&#8221;{}&#8221;]@ET-DC@eyJkeW5hbWljIjp0cnVlLCJjb250ZW50IjoicG9zdF90aXRsZSIsInNldHRpbmdzIjp7ImJlZm9yZSI6IiIsImFmdGVyIjoiIn19@[\/et_pb_text][et_pb_divider _builder_version=&#8221;4.16&#8243; _module_preset=&#8221;default&#8221; background_color=&#8221;#e52330&#8243; height=&#8221;5px&#8221; custom_margin=&#8221;0px||25px||false|false&#8221; custom_padding=&#8221;0px||0px||false|false&#8221; global_colors_info=&#8221;{}&#8221;][\/et_pb_divider][et_pb_text _builder_version=&#8221;4.16&#8243; _module_preset=&#8221;default&#8221; global_colors_info=&#8221;{}&#8221;]<\/p>\n<h2><strong>WYR\u00d3\u017bNIENIE I STOPNIA<\/strong><\/h2>\n<p><strong>DOM NA PODLASIU<\/strong><\/p>\n<p>Zesp\u00f3\u0142 autorski: Ewa Bubik, Anna Capi\u0144ska, Adam Stafiniak, Tomasz W\u0119grzyn<\/p>\n<p>[\/et_pb_text][et_pb_image src=&#8221;https:\/\/nid.pl\/wp-content\/uploads\/2022\/06\/Wegrzyn_02_RGB.jpg&#8221; title_text=&#8221;render_poziomy&#8221; align=&#8221;center&#8221; _builder_version=&#8221;4.16&#8243; _module_preset=&#8221;default&#8221; global_colors_info=&#8221;{}&#8221;][\/et_pb_image][et_pb_gallery gallery_ids=&#8221;6925,6926,6927,6928,6924&#8243; posts_number=&#8221;8&#8243; show_title_and_caption=&#8221;off&#8221; _builder_version=&#8221;4.16&#8243; _module_preset=&#8221;default&#8221; global_colors_info=&#8221;{}&#8221;][\/et_pb_gallery][et_pb_accordion module_class=&#8221;specialAccordion keepOpenAccordion&#8221; _builder_version=&#8221;4.16&#8243; _module_preset=&#8221;default&#8221; hover_enabled=&#8221;0&#8243; global_colors_info=&#8221;{}&#8221; sticky_enabled=&#8221;0&#8243;][et_pb_accordion_item title=&#8221;LOKALIZACJA&#8221; open=&#8221;off&#8221; _builder_version=&#8221;4.16&#8243; _module_preset=&#8221;default&#8221; global_colors_info=&#8221;{}&#8221;]<\/p>\n<p>Powiaty bia\u0142ostocki, bielski, hajnowski, sok\u00f3lski (dopuszczalna lokalizacja na obszarze ca\u0142ego wojew\u00f3dztwa na dzia\u0142kach o niewielkiej szeroko\u015bci)<\/p>\n<p>[\/et_pb_accordion_item][et_pb_accordion_item title=&#8221;UZASADNIENIE S\u0104DU KONKURSOWEGO&#8221; _builder_version=&#8221;4.16&#8243; _module_preset=&#8221;default&#8221; global_colors_info=&#8221;{}&#8221; open=&#8221;off&#8221;]<\/p>\n<p>Za pow\u015bci\u0105gliwo\u015b\u0107 w rozwi\u0105zaniu formy i interesuj\u0105c\u0105 transpozycj\u0119 uk\u0142adu wzd\u0142u\u017cnego zagrody w typie bielsko-hajnowskim.<\/p>\n<p>[\/et_pb_accordion_item][et_pb_accordion_item title=&#8221;IDEA \/ INSPIRACJE&#8221; _builder_version=&#8221;4.16&#8243; _module_preset=&#8221;default&#8221; global_colors_info=&#8221;{}&#8221; open=&#8221;off&#8221;]<\/p>\n<p>Inspiracj\u0119 stanowi unikatowy dla Polski p\u00f3\u0142nocno-wschodniej, a w szczeg\u00f3lno\u015bci dla powiat\u00f3w bielskiego i hajnowskiego, uk\u0142ad zagrody wyd\u0142u\u017conej, w kt\u00f3rym usytuowany na w\u0105skiej dzia\u0142ce, szczytem do drogi, dom oraz budynki gospodarcze zestawiano ze sob\u0105 liniowo i po\u0142\u0105czono wsp\u00f3lnym zadaszeniem. Projekt stanowi tw\u00f3rcz\u0105 reinterpretacj\u0119 tego wzorca, definiuj\u0105c na nowo zagrod\u0119 wyd\u0142u\u017con\u0105. Jego proporcje nawi\u0105zuj\u0105 do tych lokalnych, w niewymuszony spos\u00f3b wpisuj\u0105c si\u0119 w zastany krajobraz. Umo\u017cliwiaj\u0105 te\u017c lokalizacj\u0119 budynku na cz\u0119sto wyst\u0119puj\u0105cych na terenach wiejskich i podmiejskich w\u0105skich dzia\u0142kach.<\/p>\n<p>[\/et_pb_accordion_item][et_pb_accordion_item title=&#8221;O PROJEKCIE&#8221; _builder_version=&#8221;4.16&#8243; _module_preset=&#8221;default&#8221; global_colors_info=&#8221;{}&#8221; open=&#8221;off&#8221;]<\/p>\n<p>Budynek przewidziano jako parterowy zapewniaj\u0105c dost\u0119pno\u015b\u0107 osobom z niepe\u0142nosprawno\u015bci\u0105 i o ograniczonej zdolno\u015bci poruszania. Wyd\u0142u\u017con\u0105 bry\u0142\u0119 domu podzielono na fragmenty stanowi\u0105ce modu\u0142y funkcjonalne. S\u0105 one zaprojektowane w taki spos\u00f3b, aby mo\u017cna by\u0142o komponowa\u0107 je w dowolnej kolejno\u015bci oraz dobudowywa\u0107 kolejne wraz ze zmieniaj\u0105cymi si\u0119 potrzebami u\u017cytkownik\u00f3w. Pozwala to na podzia\u0142 budowy domu na roz\u0142o\u017cone w czasie etapy. Modu\u0142 g\u0142\u00f3wny, w kt\u00f3rym znajduje si\u0119 salon, kuchnia, pok\u00f3j go\u015bcinny, \u0142azienka oraz pomieszczenie techniczne, mo\u017ce samodzielnie stanowi\u0107 dom dla dwuosobowej rodziny. Korytarz, z kt\u00f3rego dost\u0119pne s\u0105 wej\u015bcia do sypialni, przeszklono i otwiera si\u0119 na ogr\u00f3d. Nast\u0119pne modu\u0142y do wyboru to gara\u017c lub wiata o dowolnej liczbie stanowisk, sypialnie z dodatkowymi \u0142azienkami, modu\u0142 gospodarczy \/ hobby, w kt\u00f3rym zaaran\u017cowa\u0107 mo\u017cna warsztat stolarski, kurnik czy si\u0142owni\u0119, oraz ostatni modu\u0142 pe\u0142ni\u0105cy funkcj\u0119 domku go\u015bcinnego z oddzielnym wej\u015bciem. Przedstawiony w projekcie wariant sk\u0142ada si\u0119 z modu\u0142u g\u0142\u00f3wnego, modu\u0142u z trzema sypialniami, modu\u0142u gospodarczego oraz gara\u017cu na dwa stanowiska.<\/p>\n<p>[\/et_pb_accordion_item][et_pb_accordion_item title=&#8221;KONTAKT W SPRAWIE ZAKUPU PROJEKTU&#8221; _builder_version=&#8221;4.16&#8243; _module_preset=&#8221;default&#8221; global_colors_info=&#8221;{}&#8221; open=&#8221;on&#8221;]<\/p>\n<p>JASTAA sp. z o.o., ul. Gda\u0144ska 28\/9, 50-344 Wroc\u0142aw, tel. +48 509 046\u00a0247<\/p>\n<p><span><a href=\"http:\/\/www.jastaa.pl\">www.jastaa.pl<\/a><\/span>, <span><a href=\"mailto:biuro@jastaa.pl\">biuro@jastaa.pl<\/a><\/span><\/p>\n<p>[\/et_pb_accordion_item][\/et_pb_accordion][\/et_pb_column][\/et_pb_row][\/et_pb_section][et_pb_section fb_built=&#8221;1&#8243; _builder_version=&#8221;4.7.4&#8243; _module_preset=&#8221;default&#8221; custom_margin=&#8221;43px||||false|false&#8221; custom_padding=&#8221;0px||0px||false|false&#8221; global_module=&#8221;353&#8243; saved_tabs=&#8221;all&#8221; global_colors_info=&#8221;{}&#8221;][et_pb_row column_structure=&#8221;1_3,1_3,1_3&#8243; use_custom_gutter=&#8221;on&#8221; gutter_width=&#8221;1&#8243; _builder_version=&#8221;4.16&#8243; _module_preset=&#8221;default&#8221; background_color=&#8221;rgba(0,0,0,0)&#8221; width=&#8221;100%&#8221; max_width=&#8221;2560px&#8221; custom_padding=&#8221;0px||0px||false|false&#8221; global_colors_info=&#8221;{}&#8221;][et_pb_column type=&#8221;1_3&#8243; _builder_version=&#8221;4.16&#8243; _module_preset=&#8221;default&#8221; background_color=&#8221;#e52330&#8243; global_colors_info=&#8221;{}&#8221;][et_pb_blurb title=&#8221;Logotypy NID&#8221; url_new_window=&#8221;on&#8221; use_icon=&#8221;on&#8221; font_icon=&#8221;&#xe004;||divi||400&#8243; icon_placement=&#8221;left&#8221; image_icon_width=&#8221;50px&#8221; module_class=&#8221;bigButtonModules&#8221; _builder_version=&#8221;4.27.2&#8243; _module_preset=&#8221;default&#8221; header_level=&#8221;h3&#8243; header_font=&#8221;|700|||||||&#8221; header_text_color=&#8221;#ffffff&#8221; body_text_color=&#8221;#ffffff&#8221; background_color=&#8221;#E52330&#8243; custom_margin=&#8221;||||false|false&#8221; custom_padding=&#8221;25px|25px|25px|25px|false|false&#8221; animation=&#8221;off&#8221; link_option_url=&#8221;https:\/\/nid.pl\/logotypy\/&#8221; link_option_url_new_window=&#8221;on&#8221; custom_css_blurb_image=&#8221;padding-right: 20px;||vertical-align: middle;&#8221; icon_font_size=&#8221;50px&#8221; global_colors_info=&#8221;{}&#8221;]<\/p>\n<p>Pobierz znaki promocyjne <br \/>Narodowego Instytutu Dziedzictwa<\/p>\n<p>[\/et_pb_blurb][\/et_pb_column][et_pb_column type=&#8221;1_3&#8243; _builder_version=&#8221;4.16&#8243; _module_preset=&#8221;default&#8221; background_color=&#8221;#e52330&#8243; global_colors_info=&#8221;{}&#8221;][et_pb_code _builder_version=&#8221;4.23.2&#8243; _module_preset=&#8221;default&#8221; global_colors_info=&#8221;{}&#8221;][\/et_pb_code][et_pb_blurb title=&#8221;Ksi\u0119garnia NID&#8221; url_new_window=&#8221;on&#8221; use_icon=&#8221;on&#8221; font_icon=&#8221;&#xe022;||divi||400&#8243; icon_placement=&#8221;left&#8221; image_icon_width=&#8221;50px&#8221; module_class=&#8221;bigButtonModules&#8221; _builder_version=&#8221;4.16&#8243; _module_preset=&#8221;default&#8221; header_level=&#8221;h3&#8243; header_font=&#8221;|700|||||||&#8221; header_text_color=&#8221;#ffffff&#8221; body_text_color=&#8221;#ffffff&#8221; background_color=&#8221;#444444&#8243; custom_margin=&#8221;||||false|false&#8221; custom_padding=&#8221;25px|25px|25px|25px|false|false&#8221; animation=&#8221;off&#8221; link_option_url=&#8221;https:\/\/ksiegarnia.nid.pl\/&#8221; link_option_url_new_window=&#8221;on&#8221; custom_css_blurb_image=&#8221;padding-right: 20px;||vertical-align: middle;&#8221; icon_font_size=&#8221;50px&#8221; global_colors_info=&#8221;{}&#8221;]<\/p>\n<p>Sprawd\u017a nasze produkty w ksi\u0119garni. Zamawiaj bez wychodzenia z domu ju\u017c teraz!<\/p>\n<p>[\/et_pb_blurb][\/et_pb_column][et_pb_column type=&#8221;1_3&#8243; _builder_version=&#8221;4.16&#8243; _module_preset=&#8221;default&#8221; background_color=&#8221;#e52330&#8243; global_colors_info=&#8221;{}&#8221;][et_pb_blurb title=&#8221;Zabytek.pl&#8221; url_new_window=&#8221;on&#8221; image=&#8221;https:\/\/nid.pl\/wp-content\/uploads\/2025\/12\/zabytek.pl_favicona_sm.png&#8221; icon_placement=&#8221;left&#8221; image_icon_width=&#8221;50px&#8221; module_class=&#8221;bigButtonModules&#8221; _builder_version=&#8221;4.27.5&#8243; _module_preset=&#8221;default&#8221; header_level=&#8221;h3&#8243; header_font=&#8221;|700|||||||&#8221; header_text_color=&#8221;#ffffff&#8221; body_text_color=&#8221;#ffffff&#8221; background_color=&#8221;#6b6b6b&#8221; custom_margin=&#8221;||||false|false&#8221; custom_padding=&#8221;25px|25px|25px|25px|false|false&#8221; animation=&#8221;off&#8221; link_option_url=&#8221;https:\/\/zabytek.pl\/pl&#8221; link_option_url_new_window=&#8221;on&#8221; custom_css_blurb_image=&#8221;padding-right: 20px;||vertical-align: middle;&#8221; icon_font_size=&#8221;50px&#8221; global_colors_info=&#8221;{}&#8221;]<\/p>\n<p>Serwis Narodowego Instytutu Dziedzictwa, kt\u00f3ry w nowoczesny i kompleksowy spos\u00f3b udost\u0119pnia informacje o polskich zabytkach!<\/p>\n<p>[\/et_pb_blurb][\/et_pb_column][\/et_pb_row][\/et_pb_section]<\/p>","protected":false},"excerpt":{"rendered":"<p>WYR\u00d3\u017bNIENIE I STOPNIA DOM NA PODLASIU Zesp\u00f3\u0142 autorski: Ewa Bubik, Anna Capi\u0144ska, Adam Stafiniak, Tomasz W\u0119grzynPowiaty bia\u0142ostocki, bielski, hajnowski, sok\u00f3lski (dopuszczalna lokalizacja na obszarze ca\u0142ego wojew\u00f3dztwa na dzia\u0142kach o niewielkiej [&hellip;]<\/p>","protected":false},"author":8,"featured_media":0,"parent":6351,"menu_order":6,"comment_status":"closed","ping_status":"closed","template":"","meta":{"_et_pb_use_builder":"on","_et_pb_old_content":"<!-- wp:divi\/placeholder \/-->","_et_gb_content_width":"","_monsterinsights_skip_tracking":false,"_monsterinsights_sitenote_active":false,"_monsterinsights_sitenote_note":"","_monsterinsights_sitenote_category":0,"footnotes":""},"class_list":["post-6861","page","type-page","status-publish","hentry"],"yoast_head":"<!-- This site is optimized with the Yoast SEO plugin v26.5 - https:\/\/yoast.com\/wordpress\/plugins\/seo\/ -->\n<title>Projekt domu nr 6 - NID<\/title>\n<meta name=\"robots\" content=\"index, follow, max-snippet:-1, max-image-preview:large, max-video-preview:-1\" \/>\n<link rel=\"canonical\" href=\"https:\/\/nid.pl\/en\/dom-podlasie\/podlasie-projekt-6\/\" \/>\n<meta property=\"og:locale\" content=\"en_GB\" \/>\n<meta property=\"og:type\" content=\"article\" \/>\n<meta property=\"og:title\" content=\"Projekt domu nr 6 - NID\" \/>\n<meta property=\"og:description\" content=\"WYR\u00d3\u017bNIENIE I STOPNIA DOM NA PODLASIU Zesp\u00f3\u0142 autorski: Ewa Bubik, Anna Capi\u0144ska, Adam Stafiniak, Tomasz W\u0119grzynPowiaty bia\u0142ostocki, bielski, hajnowski, sok\u00f3lski (dopuszczalna lokalizacja na obszarze ca\u0142ego wojew\u00f3dztwa na dzia\u0142kach o niewielkiej [&hellip;]\" \/>\n<meta property=\"og:url\" content=\"https:\/\/nid.pl\/en\/dom-podlasie\/podlasie-projekt-6\/\" \/>\n<meta property=\"og:site_name\" content=\"NID\" \/>\n<meta property=\"article:publisher\" content=\"https:\/\/www.facebook.com\/zabytek\" \/>\n<meta property=\"article:modified_time\" content=\"2026-01-16T08:40:07+00:00\" \/>\n<meta name=\"twitter:card\" content=\"summary_large_image\" \/>\n<meta name=\"twitter:site\" content=\"@NarIDpl\" \/>\n<script type=\"application\/ld+json\" class=\"yoast-schema-graph\">{\"@context\":\"https:\/\/schema.org\",\"@graph\":[{\"@type\":\"WebPage\",\"@id\":\"https:\/\/nid.pl\/dom-podlasie\/podlasie-projekt-6\/\",\"url\":\"https:\/\/nid.pl\/dom-podlasie\/podlasie-projekt-6\/\",\"name\":\"Projekt domu nr 6 - NID\",\"isPartOf\":{\"@id\":\"https:\/\/nid.pl\/#website\"},\"datePublished\":\"2022-06-11T19:39:31+00:00\",\"dateModified\":\"2026-01-16T08:40:07+00:00\",\"breadcrumb\":{\"@id\":\"https:\/\/nid.pl\/dom-podlasie\/podlasie-projekt-6\/#breadcrumb\"},\"inLanguage\":\"en-GB\",\"potentialAction\":[{\"@type\":\"ReadAction\",\"target\":[\"https:\/\/nid.pl\/dom-podlasie\/podlasie-projekt-6\/\"]}]},{\"@type\":\"BreadcrumbList\",\"@id\":\"https:\/\/nid.pl\/dom-podlasie\/podlasie-projekt-6\/#breadcrumb\",\"itemListElement\":[{\"@type\":\"ListItem\",\"position\":1,\"name\":\"Home\",\"item\":\"https:\/\/nid.pl\/\"},{\"@type\":\"ListItem\",\"position\":2,\"name\":\"Dom na Podlasiu\",\"item\":\"https:\/\/nid.pl\/dom-podlasie\/\"},{\"@type\":\"ListItem\",\"position\":3,\"name\":\"Projekt domu nr 6\"}]},{\"@type\":\"WebSite\",\"@id\":\"https:\/\/nid.pl\/#website\",\"url\":\"https:\/\/nid.pl\/\",\"name\":\"NID\",\"description\":\"Narodowy Instytut Dziedzictwa\",\"publisher\":{\"@id\":\"https:\/\/nid.pl\/#organization\"},\"potentialAction\":[{\"@type\":\"SearchAction\",\"target\":{\"@type\":\"EntryPoint\",\"urlTemplate\":\"https:\/\/nid.pl\/?s={search_term_string}\"},\"query-input\":{\"@type\":\"PropertyValueSpecification\",\"valueRequired\":true,\"valueName\":\"search_term_string\"}}],\"inLanguage\":\"en-GB\"},{\"@type\":\"Organization\",\"@id\":\"https:\/\/nid.pl\/#organization\",\"name\":\"Narodowy Instytut Dziedzictwa\",\"url\":\"https:\/\/nid.pl\/\",\"logo\":{\"@type\":\"ImageObject\",\"inLanguage\":\"en-GB\",\"@id\":\"https:\/\/nid.pl\/#\/schema\/logo\/image\/\",\"url\":\"https:\/\/nid.pl\/wp-content\/uploads\/2022\/10\/logoRedDark.png\",\"contentUrl\":\"https:\/\/nid.pl\/wp-content\/uploads\/2022\/10\/logoRedDark.png\",\"width\":200,\"height\":197,\"caption\":\"Narodowy Instytut Dziedzictwa\"},\"image\":{\"@id\":\"https:\/\/nid.pl\/#\/schema\/logo\/image\/\"},\"sameAs\":[\"https:\/\/www.facebook.com\/zabytek\",\"https:\/\/x.com\/NarIDpl\",\"https:\/\/www.instagram.com\/nid.pl\/?hl=pl\",\"https:\/\/www.linkedin.com\/company\/narodowy-instytut-dziedzictwa\",\"https:\/\/www.youtube.com\/channel\/UCQXuhKa2uHtmNvLRUSx40JA\"]}]}<\/script>\n<!-- \/ Yoast SEO plugin. -->","yoast_head_json":{"title":"Projekt domu nr 6 - NID","robots":{"index":"index","follow":"follow","max-snippet":"max-snippet:-1","max-image-preview":"max-image-preview:large","max-video-preview":"max-video-preview:-1"},"canonical":"https:\/\/nid.pl\/en\/dom-podlasie\/podlasie-projekt-6\/","og_locale":"en_GB","og_type":"article","og_title":"Projekt domu nr 6 - NID","og_description":"WYR\u00d3\u017bNIENIE I STOPNIA DOM NA PODLASIU Zesp\u00f3\u0142 autorski: Ewa Bubik, Anna Capi\u0144ska, Adam Stafiniak, Tomasz W\u0119grzynPowiaty bia\u0142ostocki, bielski, hajnowski, sok\u00f3lski (dopuszczalna lokalizacja na obszarze ca\u0142ego wojew\u00f3dztwa na dzia\u0142kach o niewielkiej [&hellip;]","og_url":"https:\/\/nid.pl\/en\/dom-podlasie\/podlasie-projekt-6\/","og_site_name":"NID","article_publisher":"https:\/\/www.facebook.com\/zabytek","article_modified_time":"2026-01-16T08:40:07+00:00","twitter_card":"summary_large_image","twitter_site":"@NarIDpl","schema":{"@context":"https:\/\/schema.org","@graph":[{"@type":"WebPage","@id":"https:\/\/nid.pl\/dom-podlasie\/podlasie-projekt-6\/","url":"https:\/\/nid.pl\/dom-podlasie\/podlasie-projekt-6\/","name":"Projekt domu nr 6 - NID","isPartOf":{"@id":"https:\/\/nid.pl\/#website"},"datePublished":"2022-06-11T19:39:31+00:00","dateModified":"2026-01-16T08:40:07+00:00","breadcrumb":{"@id":"https:\/\/nid.pl\/dom-podlasie\/podlasie-projekt-6\/#breadcrumb"},"inLanguage":"en-GB","potentialAction":[{"@type":"ReadAction","target":["https:\/\/nid.pl\/dom-podlasie\/podlasie-projekt-6\/"]}]},{"@type":"BreadcrumbList","@id":"https:\/\/nid.pl\/dom-podlasie\/podlasie-projekt-6\/#breadcrumb","itemListElement":[{"@type":"ListItem","position":1,"name":"Home","item":"https:\/\/nid.pl\/"},{"@type":"ListItem","position":2,"name":"Dom na Podlasiu","item":"https:\/\/nid.pl\/dom-podlasie\/"},{"@type":"ListItem","position":3,"name":"Projekt domu nr 6"}]},{"@type":"WebSite","@id":"https:\/\/nid.pl\/#website","url":"https:\/\/nid.pl\/","name":"NID","description":"Narodowy Instytut Dziedzictwa","publisher":{"@id":"https:\/\/nid.pl\/#organization"},"potentialAction":[{"@type":"SearchAction","target":{"@type":"EntryPoint","urlTemplate":"https:\/\/nid.pl\/?s={search_term_string}"},"query-input":{"@type":"PropertyValueSpecification","valueRequired":true,"valueName":"search_term_string"}}],"inLanguage":"en-GB"},{"@type":"Organization","@id":"https:\/\/nid.pl\/#organization","name":"Narodowy Instytut Dziedzictwa","url":"https:\/\/nid.pl\/","logo":{"@type":"ImageObject","inLanguage":"en-GB","@id":"https:\/\/nid.pl\/#\/schema\/logo\/image\/","url":"https:\/\/nid.pl\/wp-content\/uploads\/2022\/10\/logoRedDark.png","contentUrl":"https:\/\/nid.pl\/wp-content\/uploads\/2022\/10\/logoRedDark.png","width":200,"height":197,"caption":"Narodowy Instytut Dziedzictwa"},"image":{"@id":"https:\/\/nid.pl\/#\/schema\/logo\/image\/"},"sameAs":["https:\/\/www.facebook.com\/zabytek","https:\/\/x.com\/NarIDpl","https:\/\/www.instagram.com\/nid.pl\/?hl=pl","https:\/\/www.linkedin.com\/company\/narodowy-instytut-dziedzictwa","https:\/\/www.youtube.com\/channel\/UCQXuhKa2uHtmNvLRUSx40JA"]}]}},"_links":{"self":[{"href":"https:\/\/nid.pl\/en\/wp-json\/wp\/v2\/pages\/6861","targetHints":{"allow":["GET"]}}],"collection":[{"href":"https:\/\/nid.pl\/en\/wp-json\/wp\/v2\/pages"}],"about":[{"href":"https:\/\/nid.pl\/en\/wp-json\/wp\/v2\/types\/page"}],"author":[{"embeddable":true,"href":"https:\/\/nid.pl\/en\/wp-json\/wp\/v2\/users\/8"}],"replies":[{"embeddable":true,"href":"https:\/\/nid.pl\/en\/wp-json\/wp\/v2\/comments?post=6861"}],"version-history":[{"count":1,"href":"https:\/\/nid.pl\/en\/wp-json\/wp\/v2\/pages\/6861\/revisions"}],"predecessor-version":[{"id":31478,"href":"https:\/\/nid.pl\/en\/wp-json\/wp\/v2\/pages\/6861\/revisions\/31478"}],"up":[{"embeddable":true,"href":"https:\/\/nid.pl\/en\/wp-json\/wp\/v2\/pages\/6351"}],"wp:attachment":[{"href":"https:\/\/nid.pl\/en\/wp-json\/wp\/v2\/media?parent=6861"}],"curies":[{"name":"wp","href":"https:\/\/api.w.org\/{rel}","templated":true}]}}