{"id":6453,"date":"2022-06-02T12:49:51","date_gmt":"2022-06-02T10:49:51","guid":{"rendered":"https:\/\/nid.pl\/?page_id=6453"},"modified":"2026-01-16T09:38:53","modified_gmt":"2026-01-16T08:38:53","slug":"slask-projekt-6","status":"publish","type":"page","link":"https:\/\/nid.pl\/en\/dom-slask\/slask-projekt-6\/","title":{"rendered":"Projekt domu nr 6"},"content":{"rendered":"<p>[et_pb_section fb_built=&#8221;1&#8243; _builder_version=&#8221;4.7.4&#8243; _module_preset=&#8221;default&#8221; custom_padding=&#8221;0px||0px|||&#8221; global_colors_info=&#8221;{}&#8221;][et_pb_row admin_label=&#8221;asdsadsdd&#8221; _builder_version=&#8221;4.14.9&#8243; _module_preset=&#8221;default&#8221; background_image=&#8221;https:\/\/nid.pl\/wp-content\/uploads\/2022\/06\/Dom-na-Slasku_projekt6_header.jpg&#8221; width=&#8221;100%&#8221; max_width=&#8221;100%&#8221; height=&#8221;400px&#8221; custom_margin=&#8221;|auto||auto|false|false&#8221; custom_padding=&#8221;0px||0px|||&#8221; global_colors_info=&#8221;{}&#8221;][et_pb_column type=&#8221;4_4&#8243; _builder_version=&#8221;4.14.9&#8243; _module_preset=&#8221;default&#8221; global_colors_info=&#8221;{}&#8221;][\/et_pb_column][\/et_pb_row][\/et_pb_section][et_pb_section fb_built=&#8221;1&#8243; _builder_version=&#8221;4.7.4&#8243; _module_preset=&#8221;default&#8221; custom_padding=&#8221;0px|0px|0px|0px|false|false&#8221; global_colors_info=&#8221;{}&#8221;][et_pb_row _builder_version=&#8221;4.7.4&#8243; _module_preset=&#8221;default&#8221; width=&#8221;100%&#8221; max_width=&#8221;100%&#8221; custom_padding=&#8221;50px|50px|50px|50px|false|false&#8221; global_colors_info=&#8221;{}&#8221;][et_pb_column type=&#8221;4_4&#8243; _builder_version=&#8221;4.7.4&#8243; _module_preset=&#8221;default&#8221; global_colors_info=&#8221;{}&#8221;][et_pb_code _builder_version=&#8221;4.14.9&#8243; _module_preset=&#8221;default&#8221; custom_margin=&#8221;||0px||false|false&#8221; global_colors_info=&#8221;{}&#8221;]<\/p>\n<div id=\"backButtonBox\" class=\"et_pb_module et_pb_text et_pb_text_0  et_pb_text_align_left et_pb_bg_layout_light\" style=\"display: block;\"><!-- [et_pb_line_break_holder] --><\/p>\n<div class=\"et_pb_text_inner\">\n<div class=\"backButton\" onclick=\"javascript:window.history.back();\"><span>\u2190<\/span>Powr\u00f3t<\/div>\n<\/div>\n<p><!-- [et_pb_line_break_holder] --><\/div>\n<p>[\/et_pb_code][et_pb_text _builder_version=&#8221;4.7.4&#8243; _dynamic_attributes=&#8221;content&#8221; _module_preset=&#8221;default&#8221; text_font_size=&#8221;26px&#8221; custom_margin=&#8221;||25px||false|false&#8221; custom_padding=&#8221;||||false|false&#8221; global_colors_info=&#8221;{}&#8221;]@ET-DC@eyJkeW5hbWljIjp0cnVlLCJjb250ZW50IjoicG9zdF90aXRsZSIsInNldHRpbmdzIjp7ImJlZm9yZSI6IiIsImFmdGVyIjoiIn19@[\/et_pb_text][et_pb_divider _builder_version=&#8221;4.7.4&#8243; _module_preset=&#8221;default&#8221; background_color=&#8221;#e52330&#8243; height=&#8221;5px&#8221; custom_margin=&#8221;0px||25px||false|false&#8221; custom_padding=&#8221;0px||0px||false|false&#8221; global_colors_info=&#8221;{}&#8221;][\/et_pb_divider][et_pb_text _builder_version=&#8221;4.14.9&#8243; _module_preset=&#8221;default&#8221; hover_enabled=&#8221;0&#8243; global_colors_info=&#8221;{}&#8221; sticky_enabled=&#8221;0&#8243;]<\/p>\n<h2><strong>I WYR\u00d3\u017bNIENIE (exaequo)<\/strong><\/h2>\n<p><strong>DOM \u015aL\u0104SKI<\/strong><\/p>\n<div class=\"et_pb_module et_pb_text et_pb_text_1  et_pb_text_align_left et_pb_bg_layout_light\">\n<div class=\"et_pb_text_inner\">\n<p>Autor: Przemys\u0142aw Szyma\u0144ski<\/p>\n<\/div>\n<\/div>\n<p>[\/et_pb_text][et_pb_image src=&#8221;https:\/\/nid.pl\/wp-content\/uploads\/2022\/06\/06_I-wyroznienie_Szymanski_wizualizacje-1_RGB-MALY.jpg&#8221; title_text=&#8221;06_I wyr\u00f3\u017cnienie_Szyma\u0144ski_wizualizacje (1)_RGB MA\u0141Y&#8221; align=&#8221;center&#8221; _builder_version=&#8221;4.14.9&#8243; _module_preset=&#8221;default&#8221; global_colors_info=&#8221;{}&#8221;][\/et_pb_image][et_pb_gallery gallery_ids=&#8221;6590,6591,6592,6593,6594,6595,6596,6597&#8243; posts_number=&#8221;8&#8243; show_title_and_caption=&#8221;off&#8221; _builder_version=&#8221;4.14.9&#8243; _module_preset=&#8221;default&#8221; global_colors_info=&#8221;{}&#8221;][\/et_pb_gallery][et_pb_accordion module_class=&#8221;specialAccordion keepOpenAccordion&#8221; _builder_version=&#8221;4.14.9&#8243; _module_preset=&#8221;default&#8221; global_colors_info=&#8221;{}&#8221;][et_pb_accordion_item title=&#8221;LOKALIZACJA&#8221; open=&#8221;off&#8221; _builder_version=&#8221;4.14.9&#8243; _module_preset=&#8221;default&#8221; global_colors_info=&#8221;{}&#8221;]<\/p>\n<p>Powiat pszczy\u0144ski<\/p>\n<p>[\/et_pb_accordion_item][et_pb_accordion_item title=&#8221;UZASADNIENIE S\u0104DU KONKURSOWEGO&#8221; _builder_version=&#8221;4.14.9&#8243; _module_preset=&#8221;default&#8221; global_colors_info=&#8221;{}&#8221; open=&#8221;off&#8221;]<\/p>\n<p>Za trafnie uchwycone proporcje; za poszukiwanie materia\u0142owe w tworzeniu dwup\u0142aszczyznowej elewacji z motywami z tradycyjnych form oraz detali, takich jak \u201ewysiadki\u201d.<\/p>\n<p>[\/et_pb_accordion_item][et_pb_accordion_item title=&#8221;O PROJEKCIE&#8221; _builder_version=&#8221;4.14.9&#8243; _module_preset=&#8221;default&#8221; global_colors_info=&#8221;{}&#8221; open=&#8221;off&#8221;]<\/p>\n<p>Ca\u0142o\u015b\u0107 budynku cechuje prostota i skromno\u015b\u0107, dzi\u0119ki kt\u00f3rym stanowi on wsp\u00f3\u0142czesn\u0105 kontynuacj\u0119 dziedzictwa kulturowego Ziemi Pszczy\u0144skiej. Projektuje si\u0119 dom ekonomiczny i ekologiczny, wykonany z materia\u0142\u00f3w tanich i \u0142atwo dost\u0119pnych na miejscu, dlatego zaproponowano budynek w konstrukcji szkieletowej wype\u0142nionej kostkami s\u0142omy. Jest to rozwi\u0105zanie ograniczaj\u0105ce zu\u017cycie energii i minimalizuj\u0105ce \u015blad w\u0119glowy. Proporcje i detale budynku zosta\u0142y przeniesione z architektury dawnej, a\u00a0zewn\u0119trzny drewniany p\u0142aszcz wraz z g\u0142\u0119bokim okapem stanowi\u0105 os\u0142on\u0119 przed deszczem i wiatrem oraz zadaszenie taras\u00f3w zewn\u0119trznych.<\/p>\n<p>[\/et_pb_accordion_item][et_pb_accordion_item title=&#8221;DANE OG\u00d3LNE&#8221; _builder_version=&#8221;4.14.9&#8243; _module_preset=&#8221;default&#8221; global_colors_info=&#8221;{}&#8221; open=&#8221;off&#8221;]<\/p>\n<p>Minimalna powierzchnia dzia\u0142ki: 650,0 m<sup>2<\/sup><\/p>\n<p>Powierzchnia budynku:<\/p>\n<p>\u2013 u\u017cytkowa: 148,9 m<sup>2<\/sup><\/p>\n<p>\u2013 zabudowy: 121,51 m<sup>2<\/sup><\/p>\n<p>Kubatura: 725,88 m<sup>3<\/sup><\/p>\n<p>Liczba kondygnacji: 2<\/p>\n<p>Podpiwniczenie: brak<\/p>\n<p>Wysoko\u015b\u0107 do kalenicy: 8,60 m<\/p>\n<p>K\u0105t nachylenia dachu: 42\u00b0<\/p>\n<p>\u015aciany zewn\u0119trzne: prefabrykowane, kolejno od \u015brodka: tynk, p\u0142yty gliniane, \u0142aty drewniane \/ we\u0142na mineralna, konstrukcja z drewna klejonego \/ kostki s\u0142omy lub we\u0142na mineralna, wiatroizolacja, kontr\u0142aty, deska elewacyjna<\/p>\n<p>\u015aciany wewn\u0119trzne: prefabrykowane, wype\u0142nione kostkami s\u0142omy, wyko\u0144czone tynkiem wapiennym<\/p>\n<p>Strop: prefabrykowany jako pas dolny wi\u0105zar\u00f3w dachowych<\/p>\n<p>[\/et_pb_accordion_item][et_pb_accordion_item title=&#8221;WYKO\u0143CZENIE&#8221; _builder_version=&#8221;4.14.9&#8243; _module_preset=&#8221;default&#8221; global_colors_info=&#8221;{}&#8221; open=&#8221;off&#8221;]<\/p>\n<p>Pokrycie dachu: deska elewacyjna \/ dach\u00f3wka ceramiczna<\/p>\n<p>Elewacje: deska elewacyjna \/ tynk<\/p>\n<p>Spos\u00f3b ogrzewania: pompa ciep\u0142a<\/p>\n<p>Instalacje: elektryczna, wodoci\u0105gowa, kanalizacji sanitarnej, fotowoltaiczna<\/p>\n<p>[\/et_pb_accordion_item][et_pb_accordion_item title=&#8221;KONTAKT W SPRAWIE ZAKUPU PROJEKTU&#8221; _builder_version=&#8221;4.14.9&#8243; _module_preset=&#8221;default&#8221; global_colors_info=&#8221;{}&#8221; open=&#8221;on&#8221;]<\/p>\n<p>Przemys\u0142aw Szyma\u0144ski<\/p>\n<p>skrytka pocztowa 165 | Poczta \u0141\u00f3d\u017a 01<\/p>\n<p>90-001 \u0141\u00f3d\u017a<\/p>\n<p>przemyslawszymanski@o2.pl | tel. 601689464<\/p>\n<p>[\/et_pb_accordion_item][\/et_pb_accordion][\/et_pb_column][\/et_pb_row][\/et_pb_section][et_pb_section fb_built=&#8221;1&#8243; _builder_version=&#8221;4.7.4&#8243; _module_preset=&#8221;default&#8221; custom_margin=&#8221;43px||||false|false&#8221; custom_padding=&#8221;0px||0px||false|false&#8221; global_module=&#8221;353&#8243; saved_tabs=&#8221;all&#8221; global_colors_info=&#8221;{}&#8221;][et_pb_row column_structure=&#8221;1_3,1_3,1_3&#8243; use_custom_gutter=&#8221;on&#8221; gutter_width=&#8221;1&#8243; _builder_version=&#8221;4.7.4&#8243; _module_preset=&#8221;default&#8221; background_color=&#8221;rgba(0,0,0,0)&#8221; width=&#8221;100%&#8221; max_width=&#8221;2560px&#8221; custom_padding=&#8221;0px||0px||false|false&#8221; global_colors_info=&#8221;{}&#8221;][et_pb_column type=&#8221;1_3&#8243; _builder_version=&#8221;4.7.4&#8243; _module_preset=&#8221;default&#8221; background_color=&#8221;#e52330&#8243; global_colors_info=&#8221;{}&#8221;][et_pb_blurb title=&#8221;Subskrybuj newsletter NID&#8221; use_icon=&#8221;on&#8221; font_icon=&#8221;&#xe106;||divi||400&#8243; icon_placement=&#8221;left&#8221; image_icon_width=&#8221;50px&#8221; module_class=&#8221;bigButtonModules&#8221; _builder_version=&#8221;4.13.0&#8243; _module_preset=&#8221;default&#8221; header_level=&#8221;h3&#8243; header_font=&#8221;|700|||||||&#8221; header_text_color=&#8221;#ffffff&#8221; body_text_color=&#8221;#ffffff&#8221; background_color=&#8221;#e52330&#8243; custom_margin=&#8221;||||false|false&#8221; custom_padding=&#8221;25px|25px|25px|25px|false|false&#8221; animation=&#8221;off&#8221; link_option_url=&#8221;https:\/\/nid.pl\/newsletter&#8221; custom_css_blurb_image=&#8221;padding-right: 20px;||vertical-align: middle;&#8221; icon_font_size=&#8221;50px&#8221; global_colors_info=&#8221;{}&#8221;]<\/p>\n<p>Zapisz si\u0119 do naszego newslettera i otrzymuj naj\u015bwie\u017csze informacj\u0119 ze \u015bwiata kultury.<\/p>\n<p>[\/et_pb_blurb][\/et_pb_column][et_pb_column type=&#8221;1_3&#8243; _builder_version=&#8221;4.7.4&#8243; _module_preset=&#8221;default&#8221; background_color=&#8221;#e52330&#8243; global_colors_info=&#8221;{}&#8221;][et_pb_blurb title=&#8221;Ksi\u0119garnia NID&#8221; url_new_window=&#8221;on&#8221; use_icon=&#8221;on&#8221; font_icon=&#8221;&#xe022;||divi||400&#8243; icon_placement=&#8221;left&#8221; image_icon_width=&#8221;50px&#8221; module_class=&#8221;bigButtonModules&#8221; _builder_version=&#8221;4.13.0&#8243; _module_preset=&#8221;default&#8221; header_level=&#8221;h3&#8243; header_font=&#8221;|700|||||||&#8221; header_text_color=&#8221;#ffffff&#8221; body_text_color=&#8221;#ffffff&#8221; background_color=&#8221;#444444&#8243; custom_margin=&#8221;||||false|false&#8221; custom_padding=&#8221;25px|25px|25px|25px|false|false&#8221; animation=&#8221;off&#8221; link_option_url=&#8221;https:\/\/ksiegarnia.nid.pl\/&#8221; link_option_url_new_window=&#8221;on&#8221; custom_css_blurb_image=&#8221;padding-right: 20px;||vertical-align: middle;&#8221; icon_font_size=&#8221;50px&#8221; global_colors_info=&#8221;{}&#8221;]<\/p>\n<p>Sprawd\u017a nasze produkty w ksi\u0119garni. Zamawiaj bez wychodzenia z domu ju\u017c teraz!<\/p>\n<p>[\/et_pb_blurb][\/et_pb_column][et_pb_column type=&#8221;1_3&#8243; _builder_version=&#8221;4.7.4&#8243; _module_preset=&#8221;default&#8221; background_color=&#8221;#e52330&#8243; global_colors_info=&#8221;{}&#8221;][et_pb_blurb title=&#8221;Platforma szkoleniowa&#8221; url_new_window=&#8221;on&#8221; use_icon=&#8221;on&#8221; font_icon=&#8221;&#xe0e9;||divi||400&#8243; icon_placement=&#8221;left&#8221; image_icon_width=&#8221;50px&#8221; module_class=&#8221;bigButtonModules&#8221; _builder_version=&#8221;4.13.0&#8243; _module_preset=&#8221;default&#8221; header_level=&#8221;h3&#8243; header_font=&#8221;|700|||||||&#8221; header_text_color=&#8221;#ffffff&#8221; body_text_color=&#8221;#ffffff&#8221; background_color=&#8221;#6b6b6b&#8221; custom_margin=&#8221;||||false|false&#8221; custom_padding=&#8221;25px|25px|25px|25px|false|false&#8221; animation=&#8221;off&#8221; link_option_url=&#8221;https:\/\/szkolenianid.learncom.pl&#8221; link_option_url_new_window=&#8221;on&#8221; custom_css_blurb_image=&#8221;padding-right: 20px;||vertical-align: middle;&#8221; icon_font_size=&#8221;50px&#8221; global_colors_info=&#8221;{}&#8221;]<\/p>\n<p>Zapisz si\u0119 na nasz\u0105 platform\u0119 e-szkoleniow\u0105 i dowiedz si\u0119 jak zarz\u0105dza\u0107 dziedzictwem i wykorzysta\u0107 jego potencja\u0142.<\/p>\n<p>[\/et_pb_blurb][\/et_pb_column][\/et_pb_row][\/et_pb_section]<\/p>","protected":false},"excerpt":{"rendered":"<p>I WYR\u00d3\u017bNIENIE (exaequo) DOM \u015aL\u0104SKI Autor: Przemys\u0142aw Szyma\u0144ski Powiat pszczy\u0144skiZa trafnie uchwycone proporcje; za poszukiwanie materia\u0142owe w tworzeniu dwup\u0142aszczyznowej elewacji z motywami z tradycyjnych form oraz detali, takich jak \u201ewysiadki\u201d.Ca\u0142o\u015b\u0107 [&hellip;]<\/p>","protected":false},"author":8,"featured_media":0,"parent":6349,"menu_order":6,"comment_status":"closed","ping_status":"closed","template":"","meta":{"_et_pb_use_builder":"on","_et_pb_old_content":"<!-- wp:divi\/placeholder \/-->","_et_gb_content_width":"","_monsterinsights_skip_tracking":false,"_monsterinsights_sitenote_active":false,"_monsterinsights_sitenote_note":"","_monsterinsights_sitenote_category":0,"footnotes":""},"class_list":["post-6453","page","type-page","status-publish","hentry"],"yoast_head":"<!-- This site is optimized with the Yoast SEO plugin v26.5 - https:\/\/yoast.com\/wordpress\/plugins\/seo\/ -->\n<title>Projekt domu nr 6 - NID<\/title>\n<meta name=\"robots\" content=\"index, follow, max-snippet:-1, max-image-preview:large, max-video-preview:-1\" \/>\n<link rel=\"canonical\" href=\"https:\/\/nid.pl\/en\/dom-slask\/slask-projekt-6\/\" \/>\n<meta property=\"og:locale\" content=\"en_GB\" \/>\n<meta property=\"og:type\" content=\"article\" \/>\n<meta property=\"og:title\" content=\"Projekt domu nr 6 - NID\" \/>\n<meta property=\"og:description\" content=\"I WYR\u00d3\u017bNIENIE (exaequo) DOM \u015aL\u0104SKI Autor: Przemys\u0142aw Szyma\u0144ski Powiat pszczy\u0144skiZa trafnie uchwycone proporcje; za poszukiwanie materia\u0142owe w tworzeniu dwup\u0142aszczyznowej elewacji z motywami z tradycyjnych form oraz detali, takich jak \u201ewysiadki\u201d.Ca\u0142o\u015b\u0107 [&hellip;]\" \/>\n<meta property=\"og:url\" content=\"https:\/\/nid.pl\/en\/dom-slask\/slask-projekt-6\/\" \/>\n<meta property=\"og:site_name\" content=\"NID\" \/>\n<meta property=\"article:publisher\" content=\"https:\/\/www.facebook.com\/zabytek\" \/>\n<meta property=\"article:modified_time\" content=\"2026-01-16T08:38:53+00:00\" \/>\n<meta name=\"twitter:card\" content=\"summary_large_image\" \/>\n<meta name=\"twitter:site\" content=\"@NarIDpl\" \/>\n<script type=\"application\/ld+json\" class=\"yoast-schema-graph\">{\"@context\":\"https:\/\/schema.org\",\"@graph\":[{\"@type\":\"WebPage\",\"@id\":\"https:\/\/nid.pl\/dom-slask\/slask-projekt-6\/\",\"url\":\"https:\/\/nid.pl\/dom-slask\/slask-projekt-6\/\",\"name\":\"Projekt domu nr 6 - NID\",\"isPartOf\":{\"@id\":\"https:\/\/nid.pl\/#website\"},\"datePublished\":\"2022-06-02T10:49:51+00:00\",\"dateModified\":\"2026-01-16T08:38:53+00:00\",\"breadcrumb\":{\"@id\":\"https:\/\/nid.pl\/dom-slask\/slask-projekt-6\/#breadcrumb\"},\"inLanguage\":\"en-GB\",\"potentialAction\":[{\"@type\":\"ReadAction\",\"target\":[\"https:\/\/nid.pl\/dom-slask\/slask-projekt-6\/\"]}]},{\"@type\":\"BreadcrumbList\",\"@id\":\"https:\/\/nid.pl\/dom-slask\/slask-projekt-6\/#breadcrumb\",\"itemListElement\":[{\"@type\":\"ListItem\",\"position\":1,\"name\":\"Home\",\"item\":\"https:\/\/nid.pl\/\"},{\"@type\":\"ListItem\",\"position\":2,\"name\":\"Dom na \u015al\u0105sku\",\"item\":\"https:\/\/nid.pl\/dom-slask\/\"},{\"@type\":\"ListItem\",\"position\":3,\"name\":\"Projekt domu nr 6\"}]},{\"@type\":\"WebSite\",\"@id\":\"https:\/\/nid.pl\/#website\",\"url\":\"https:\/\/nid.pl\/\",\"name\":\"NID\",\"description\":\"Narodowy Instytut Dziedzictwa\",\"publisher\":{\"@id\":\"https:\/\/nid.pl\/#organization\"},\"potentialAction\":[{\"@type\":\"SearchAction\",\"target\":{\"@type\":\"EntryPoint\",\"urlTemplate\":\"https:\/\/nid.pl\/?s={search_term_string}\"},\"query-input\":{\"@type\":\"PropertyValueSpecification\",\"valueRequired\":true,\"valueName\":\"search_term_string\"}}],\"inLanguage\":\"en-GB\"},{\"@type\":\"Organization\",\"@id\":\"https:\/\/nid.pl\/#organization\",\"name\":\"Narodowy Instytut Dziedzictwa\",\"url\":\"https:\/\/nid.pl\/\",\"logo\":{\"@type\":\"ImageObject\",\"inLanguage\":\"en-GB\",\"@id\":\"https:\/\/nid.pl\/#\/schema\/logo\/image\/\",\"url\":\"https:\/\/nid.pl\/wp-content\/uploads\/2022\/10\/logoRedDark.png\",\"contentUrl\":\"https:\/\/nid.pl\/wp-content\/uploads\/2022\/10\/logoRedDark.png\",\"width\":200,\"height\":197,\"caption\":\"Narodowy Instytut Dziedzictwa\"},\"image\":{\"@id\":\"https:\/\/nid.pl\/#\/schema\/logo\/image\/\"},\"sameAs\":[\"https:\/\/www.facebook.com\/zabytek\",\"https:\/\/x.com\/NarIDpl\",\"https:\/\/www.instagram.com\/nid.pl\/?hl=pl\",\"https:\/\/www.linkedin.com\/company\/narodowy-instytut-dziedzictwa\",\"https:\/\/www.youtube.com\/channel\/UCQXuhKa2uHtmNvLRUSx40JA\"]}]}<\/script>\n<!-- \/ Yoast SEO plugin. -->","yoast_head_json":{"title":"Projekt domu nr 6 - NID","robots":{"index":"index","follow":"follow","max-snippet":"max-snippet:-1","max-image-preview":"max-image-preview:large","max-video-preview":"max-video-preview:-1"},"canonical":"https:\/\/nid.pl\/en\/dom-slask\/slask-projekt-6\/","og_locale":"en_GB","og_type":"article","og_title":"Projekt domu nr 6 - NID","og_description":"I WYR\u00d3\u017bNIENIE (exaequo) DOM \u015aL\u0104SKI Autor: Przemys\u0142aw Szyma\u0144ski Powiat pszczy\u0144skiZa trafnie uchwycone proporcje; za poszukiwanie materia\u0142owe w tworzeniu dwup\u0142aszczyznowej elewacji z motywami z tradycyjnych form oraz detali, takich jak \u201ewysiadki\u201d.Ca\u0142o\u015b\u0107 [&hellip;]","og_url":"https:\/\/nid.pl\/en\/dom-slask\/slask-projekt-6\/","og_site_name":"NID","article_publisher":"https:\/\/www.facebook.com\/zabytek","article_modified_time":"2026-01-16T08:38:53+00:00","twitter_card":"summary_large_image","twitter_site":"@NarIDpl","schema":{"@context":"https:\/\/schema.org","@graph":[{"@type":"WebPage","@id":"https:\/\/nid.pl\/dom-slask\/slask-projekt-6\/","url":"https:\/\/nid.pl\/dom-slask\/slask-projekt-6\/","name":"Projekt domu nr 6 - NID","isPartOf":{"@id":"https:\/\/nid.pl\/#website"},"datePublished":"2022-06-02T10:49:51+00:00","dateModified":"2026-01-16T08:38:53+00:00","breadcrumb":{"@id":"https:\/\/nid.pl\/dom-slask\/slask-projekt-6\/#breadcrumb"},"inLanguage":"en-GB","potentialAction":[{"@type":"ReadAction","target":["https:\/\/nid.pl\/dom-slask\/slask-projekt-6\/"]}]},{"@type":"BreadcrumbList","@id":"https:\/\/nid.pl\/dom-slask\/slask-projekt-6\/#breadcrumb","itemListElement":[{"@type":"ListItem","position":1,"name":"Home","item":"https:\/\/nid.pl\/"},{"@type":"ListItem","position":2,"name":"Dom na \u015al\u0105sku","item":"https:\/\/nid.pl\/dom-slask\/"},{"@type":"ListItem","position":3,"name":"Projekt domu nr 6"}]},{"@type":"WebSite","@id":"https:\/\/nid.pl\/#website","url":"https:\/\/nid.pl\/","name":"NID","description":"Narodowy Instytut Dziedzictwa","publisher":{"@id":"https:\/\/nid.pl\/#organization"},"potentialAction":[{"@type":"SearchAction","target":{"@type":"EntryPoint","urlTemplate":"https:\/\/nid.pl\/?s={search_term_string}"},"query-input":{"@type":"PropertyValueSpecification","valueRequired":true,"valueName":"search_term_string"}}],"inLanguage":"en-GB"},{"@type":"Organization","@id":"https:\/\/nid.pl\/#organization","name":"Narodowy Instytut Dziedzictwa","url":"https:\/\/nid.pl\/","logo":{"@type":"ImageObject","inLanguage":"en-GB","@id":"https:\/\/nid.pl\/#\/schema\/logo\/image\/","url":"https:\/\/nid.pl\/wp-content\/uploads\/2022\/10\/logoRedDark.png","contentUrl":"https:\/\/nid.pl\/wp-content\/uploads\/2022\/10\/logoRedDark.png","width":200,"height":197,"caption":"Narodowy Instytut Dziedzictwa"},"image":{"@id":"https:\/\/nid.pl\/#\/schema\/logo\/image\/"},"sameAs":["https:\/\/www.facebook.com\/zabytek","https:\/\/x.com\/NarIDpl","https:\/\/www.instagram.com\/nid.pl\/?hl=pl","https:\/\/www.linkedin.com\/company\/narodowy-instytut-dziedzictwa","https:\/\/www.youtube.com\/channel\/UCQXuhKa2uHtmNvLRUSx40JA"]}]}},"_links":{"self":[{"href":"https:\/\/nid.pl\/en\/wp-json\/wp\/v2\/pages\/6453","targetHints":{"allow":["GET"]}}],"collection":[{"href":"https:\/\/nid.pl\/en\/wp-json\/wp\/v2\/pages"}],"about":[{"href":"https:\/\/nid.pl\/en\/wp-json\/wp\/v2\/types\/page"}],"author":[{"embeddable":true,"href":"https:\/\/nid.pl\/en\/wp-json\/wp\/v2\/users\/8"}],"replies":[{"embeddable":true,"href":"https:\/\/nid.pl\/en\/wp-json\/wp\/v2\/comments?post=6453"}],"version-history":[{"count":1,"href":"https:\/\/nid.pl\/en\/wp-json\/wp\/v2\/pages\/6453\/revisions"}],"predecessor-version":[{"id":31598,"href":"https:\/\/nid.pl\/en\/wp-json\/wp\/v2\/pages\/6453\/revisions\/31598"}],"up":[{"embeddable":true,"href":"https:\/\/nid.pl\/en\/wp-json\/wp\/v2\/pages\/6349"}],"wp:attachment":[{"href":"https:\/\/nid.pl\/en\/wp-json\/wp\/v2\/media?parent=6453"}],"curies":[{"name":"wp","href":"https:\/\/api.w.org\/{rel}","templated":true}]}}