{"id":5940,"date":"2022-04-22T11:27:52","date_gmt":"2022-04-22T09:27:52","guid":{"rendered":"https:\/\/nid.pl\/?page_id=5940"},"modified":"2026-04-17T13:39:15","modified_gmt":"2026-04-17T11:39:15","slug":"europejskie-dni-archeologii","status":"publish","type":"page","link":"https:\/\/nid.pl\/en\/dzialalnosc\/europejskie-dni-archeologii\/","title":{"rendered":"Europejskie Dni Archeologii"},"content":{"rendered":"<p>[et_pb_section fb_built=&#8221;1&#8243; _builder_version=&#8221;4.16&#8243; _module_preset=&#8221;default&#8221; custom_padding=&#8221;0px||0px|||&#8221; global_colors_info=&#8221;{}&#8221;][et_pb_row _builder_version=&#8221;4.27.5&#8243; _module_preset=&#8221;default&#8221; background_image=&#8221;https:\/\/nid.pl\/wp-content\/uploads\/2026\/04\/EDA_header.jpg&#8221; width=&#8221;100%&#8221; max_width=&#8221;100%&#8221; height=&#8221;400px&#8221; custom_margin=&#8221;|auto||auto|false|false&#8221; custom_padding=&#8221;0px||0px|||&#8221; hover_enabled=&#8221;0&#8243; global_colors_info=&#8221;{}&#8221; title_text=&#8221;EDA_header&#8221; sticky_enabled=&#8221;0&#8243;][et_pb_column type=&#8221;4_4&#8243; _builder_version=&#8221;4.16&#8243; _module_preset=&#8221;default&#8221; background_image=&#8221;https:\/\/nid.pl\/wp-content\/uploads\/2022\/04\/EDA_header.jpg&#8221; global_colors_info=&#8221;{}&#8221;][\/et_pb_column][\/et_pb_row][\/et_pb_section][et_pb_section fb_built=&#8221;1&#8243; _builder_version=&#8221;4.16&#8243; _module_preset=&#8221;default&#8221; custom_padding=&#8221;0px|0px|0px|0px|false|false&#8221; global_colors_info=&#8221;{}&#8221;][et_pb_row _builder_version=&#8221;4.25.1&#8243; _module_preset=&#8221;default&#8221; width=&#8221;100%&#8221; max_width=&#8221;100%&#8221; custom_padding=&#8221;50px|50px|50px|50px|false|false&#8221; global_colors_info=&#8221;{}&#8221;][et_pb_column type=&#8221;4_4&#8243; _builder_version=&#8221;4.16&#8243; _module_preset=&#8221;default&#8221; global_colors_info=&#8221;{}&#8221;][et_pb_text module_id=&#8221;backButtonBox&#8221; _builder_version=&#8221;4.7.4&#8243; _module_preset=&#8221;default&#8221; custom_margin=&#8221;0px|0px|0px|0px|false|false&#8221; custom_padding=&#8221;0px|0px|0px|0px|false|false&#8221; global_module=&#8221;2594&#8243; locked=&#8221;off&#8221; global_colors_info=&#8221;{}&#8221;]<\/p>\n<div class=\"backButton\" onclick=\"javascript:window.history.back();\"><span>\u2190<\/span>Powr\u00f3t<\/div>\n<p>[\/et_pb_text][et_pb_text _builder_version=&#8221;4.16&#8243; _dynamic_attributes=&#8221;content&#8221; _module_preset=&#8221;default&#8221; text_font_size=&#8221;26px&#8221; custom_margin=&#8221;||25px||false|false&#8221; custom_padding=&#8221;||||false|false&#8221; global_colors_info=&#8221;{}&#8221;]@ET-DC@eyJkeW5hbWljIjp0cnVlLCJjb250ZW50IjoicG9zdF90aXRsZSIsInNldHRpbmdzIjp7ImJlZm9yZSI6IiIsImFmdGVyIjoiIn19@[\/et_pb_text][et_pb_divider _builder_version=&#8221;4.16&#8243; _module_preset=&#8221;default&#8221; background_color=&#8221;#e52330&#8243; height=&#8221;5px&#8221; custom_margin=&#8221;0px||25px||false|false&#8221; custom_padding=&#8221;0px||0px||false|false&#8221; global_colors_info=&#8221;{}&#8221;][\/et_pb_divider][et_pb_accordion icon_color=&#8221;#e52330&#8243; module_class=&#8221;specialAccordion keepOpenAccordion&#8221; _builder_version=&#8221;4.27.5&#8243; _module_preset=&#8221;default&#8221; locked=&#8221;off&#8221; global_colors_info=&#8221;{}&#8221;][et_pb_accordion_item title=&#8221;O projekcie&#8221; open=&#8221;on&#8221; _builder_version=&#8221;4.27.5&#8243; _module_preset=&#8221;default&#8221; global_colors_info=&#8221;{}&#8221;]<\/p>\n<p><strong><\/strong><\/p>\n<p><strong>Europejskie Dni Archeologii (#EDA)<\/strong> to cykl wydarze\u0144 organizowanych co roku w trzeci weekend czerwca.<\/p>\n<p>W tym roku spotkamy si\u0119 <strong>12-14 czerwca<\/strong>. Archeolodzy i edukatorzy umo\u017cliwi\u0105 zwiedzaj\u0105cym bezpo\u015bredni kontakt z zabytkami sprzed tysi\u0119cy lat \u2013 oprowadz\u0105 po <strong>wystawach archeologicznych<\/strong>, zaprosz\u0105 na <strong>prelekcje<\/strong>, <strong>warsztaty<\/strong> i <strong>pikniki<\/strong> prezentuj\u0105ce bogactwo dziedzictwa archeologicznego. Otworz\u0105 tak\u017ce drzwi <strong>pracowni i magazyn\u00f3w<\/strong> zwykle niedost\u0119pnych dla zwiedzaj\u0105cych.<\/p>\n<p>Celem EDA jest przyci\u0105gni\u0119cie do <strong>dziedzictwa archeologicznego<\/strong> os\u00f3b dotychczas niezainteresowanych oraz pokazanie r\u00f3\u017cnorodno\u015bci wsp\u00f3\u0142czesnej archeologii z jej coraz szerszym polem zainteresowa\u0144, rozwijaj\u0105cym si\u0119 wachlarzem metod badawczych i rosn\u0105c\u0105 \u015bwiadomo\u015bci\u0105 korzy\u015bci, kt\u00f3re mo\u017cna uzyska\u0107 dzi\u0119ki badaniom archeologicznym.<\/p>\n<p>Wydarzenia organizowane pod szyldem EDA wykraczaj\u0105 zwykle poza standardowy program instytucji archeologicznych. S\u0105 profilowane pod k\u0105tem r\u00f3\u017cnych grup odbiorc\u00f3w, dlatego atrakcje dla siebie znajd\u0105 <strong>rodziny z dzie\u0107mi, m\u0142odzie\u017c, i doro\u015bli.<\/strong><\/p>\n<p>Europejskie Dni Archeologii w Polsce ci\u0105gle si\u0119 rozwijaj\u0105. W 2024 ponad 65 organizator\u00f3w przygotowa\u0142o ponad 150 wydarze\u0144. Rok temu ponad 80 organizator\u00f3w i wsp\u00f3\u0142organizator\u00f3w przygotowa\u0142o dla zwiedzaj\u0105cych na 200 wydarze\u0144.\u00a0<\/p>\n<p>Niezale\u017cnie od tego, czy uda nam si\u0119 pobi\u0107 kolejny rekord, EDA 2026 to mo\u017cliwo\u015b\u0107 poznania materialnych \u015blad\u00f3w przesz\u0142o\u015bci i zajmuj\u0105cych si\u0119 nimi badaczy i muzealnik\u00f3w. <\/p>\n<p><strong>Do zobaczenia w czerwcu!<\/strong><\/p>\n<p>Weekend z archeologi\u0105 odbywa si\u0119 w Polsce od 2019 roku, ale zapocz\u0105tkowany zosta\u0142 ju\u017c w 2010 roku jako wydarzenie francuskie. Pomys\u0142odawc\u0105 i g\u0142\u00f3wnym organizatorem jest Narodowy Instytut Archeologicznych Bada\u0144 Ratowniczych we Francji (Inrap).<\/p>\n<p>Patronem Europejskich Dni Archeologii jest Alain Berset, Sekretarz Generalny Rady Europy.<span>\u00a0<\/span><br \/><span>Patronami medialnymi Europejskich Dni Archeologii oraz og\u00f3lnopolskiej inauguracji wydarzenia s\u0105 TVP 3, Polskie Radio<\/span><span>.\u00a0<\/span><\/p>\n<p>[\/et_pb_accordion_item][et_pb_accordion_item title=&#8221;Wydarzenia #EDA 2026&#8243; _builder_version=&#8221;4.27.5&#8243; _module_preset=&#8221;default&#8221; global_colors_info=&#8221;{}&#8221; open=&#8221;off&#8221;]<\/p>\n<p>Rejestracja wydarze\u0144 i program w j\u0119zyku polskim: <a href=\"https:\/\/openagenda.com\/en\/jea-2026-poland\">https:\/\/openagenda.com\/en\/jea-2026-poland<\/a><\/p>\n<p>[\/et_pb_accordion_item][et_pb_accordion_item title=&#8221;Do pobrania&#8221; _builder_version=&#8221;4.27.5&#8243; _module_preset=&#8221;default&#8221; link_option_url_new_window=&#8221;on&#8221; global_colors_info=&#8221;{}&#8221; open=&#8221;off&#8221;]Materia\u0142y dotycz\u0105ce tegorocznej edycji pojawi\u0105 si\u0119 ju\u017c wkr\u00f3tce.<\/p>\n<p><span hidden=\"\"><a class=\"attachment\" href=\"https:\/\/nid.pl\/wp-content\/uploads\/2025\/05\/Instrukcja-rejestracji-wydarzen-na-portalu-europejskim-EDA.pdf\" target=\"_blank\" rel=\"noopener\">Instrukcja rejestracji wydarze\u0144 na portalu europejskim EDA<\/a><\/span><\/p>\n<p><span hidden=\"\"><a class=\"attachment\" href=\"https:\/\/nid.pl\/wp-content\/uploads\/2025\/06\/EDA_plakat_ver_5_A-scaled.jpg\" target=\"_blank\" rel=\"noopener\">Plakat EDA 2025 (.jpg)<\/a><\/span><\/p>\n<p><span hidden=\"\"><a class=\"attachment\" href=\"https:\/\/nid.pl\/wp-content\/uploads\/2025\/06\/EDA_plakat_ver_5A.pdf\" target=\"_blank\" rel=\"noopener\">Plakat EDA 2025 (.pdf)<\/a><\/span><\/p>\n<p><span hidden=\"\"><a class=\"attachment\" href=\"https:\/\/nid.pl\/wp-content\/uploads\/2025\/06\/EDA_plakat_szablony_A-scaled.png\" target=\"_blank\" rel=\"noopener\">Szablon EDA 2025 (.png)<\/a><\/span><\/p>\n<p><span hidden=\"\"><a class=\"attachment\" href=\"https:\/\/nid.pl\/wp-content\/uploads\/2025\/06\/EDA_plakat_szablony_A.pdf\" target=\"_blank\" rel=\"noopener\">Szablon EDA 2025 (.pdf)<\/a><\/span>[\/et_pb_accordion_item][et_pb_accordion_item title=&#8221;Kontakt&#8221; _builder_version=&#8221;4.16&#8243; _module_preset=&#8221;default&#8221; link_option_url_new_window=&#8221;on&#8221; global_colors_info=&#8221;{}&#8221; open=&#8221;off&#8221;]<\/p>\n<p><b>Narodowy Instytut Dziedzictwa<br \/>dr Agnieszka Oniszczuk<\/b><br \/>e-mail: <a href=\"mailto:aoniszczuk@nid.pl\">aoniszczuk@nid.pl<\/a><br \/>tel.: 22 826 02 39 wew. 134<\/p>\n<p>[\/et_pb_accordion_item][\/et_pb_accordion][et_pb_text _builder_version=&#8221;4.16&#8243; _module_preset=&#8221;default&#8221; locked=&#8221;off&#8221; global_colors_info=&#8221;{}&#8221;]<\/p>\n<p><strong>News<\/strong><\/p>\n<p>[\/et_pb_text][et_pb_blog posts_number=&#8221;4&#8243; include_categories=&#8221;79&#8243; excerpt_length=&#8221;150&#8243; show_author=&#8221;off&#8221; show_categories=&#8221;off&#8221; module_class=&#8221;specialPosts&#8221; _builder_version=&#8221;4.16&#8243; _module_preset=&#8221;default&#8221; header_font=&#8221;|600|||||||&#8221; header_text_color=&#8221;#e52330&#8243; header_font_size=&#8221;19px&#8221; header_line_height=&#8221;1.2em&#8221; body_text_color=&#8221;#000000&#8243; meta_font=&#8221;||||||||&#8221; meta_text_color=&#8221;#9b9b9b&#8221; read_more_font=&#8221;|700||||on|||&#8221; read_more_text_color=&#8221;#000000&#8243; custom_margin=&#8221;-32px|||||&#8221; custom_padding=&#8221;||||false|false&#8221; custom_css_main_element=&#8221;column-count: 4;||column-gap: 25px;&#8221; locked=&#8221;off&#8221; global_colors_info=&#8221;{}&#8221; custom_css_main_element_last_edited=&#8221;on|phone&#8221; custom_css_main_element_tablet=&#8221;column-count: 2;||column-gap: 25px;&#8221; custom_css_main_element_phone=&#8221;column-count: 1;||column-gap: 0px;&#8221;][\/et_pb_blog][\/et_pb_column][\/et_pb_row][\/et_pb_section][et_pb_section fb_built=&#8221;1&#8243; _builder_version=&#8221;4.7.4&#8243; _module_preset=&#8221;default&#8221; custom_margin=&#8221;43px||||false|false&#8221; custom_padding=&#8221;0px||0px||false|false&#8221; global_module=&#8221;353&#8243; saved_tabs=&#8221;all&#8221; global_colors_info=&#8221;{}&#8221;][et_pb_row column_structure=&#8221;1_3,1_3,1_3&#8243; use_custom_gutter=&#8221;on&#8221; gutter_width=&#8221;1&#8243; _builder_version=&#8221;4.16&#8243; _module_preset=&#8221;default&#8221; background_color=&#8221;rgba(0,0,0,0)&#8221; width=&#8221;100%&#8221; max_width=&#8221;2560px&#8221; custom_padding=&#8221;0px||0px||false|false&#8221; global_colors_info=&#8221;{}&#8221;][et_pb_column type=&#8221;1_3&#8243; _builder_version=&#8221;4.16&#8243; _module_preset=&#8221;default&#8221; background_color=&#8221;#e52330&#8243; global_colors_info=&#8221;{}&#8221;][et_pb_blurb title=&#8221;Logotypy NID&#8221; url_new_window=&#8221;on&#8221; use_icon=&#8221;on&#8221; font_icon=&#8221;&#xe004;||divi||400&#8243; icon_placement=&#8221;left&#8221; image_icon_width=&#8221;50px&#8221; module_class=&#8221;bigButtonModules&#8221; _builder_version=&#8221;4.27.2&#8243; _module_preset=&#8221;default&#8221; header_level=&#8221;h3&#8243; header_font=&#8221;|700|||||||&#8221; header_text_color=&#8221;#ffffff&#8221; body_text_color=&#8221;#ffffff&#8221; background_color=&#8221;#E52330&#8243; custom_margin=&#8221;||||false|false&#8221; custom_padding=&#8221;25px|25px|25px|25px|false|false&#8221; animation=&#8221;off&#8221; link_option_url=&#8221;https:\/\/nid.pl\/logotypy\/&#8221; link_option_url_new_window=&#8221;on&#8221; custom_css_blurb_image=&#8221;padding-right: 20px;||vertical-align: middle;&#8221; icon_font_size=&#8221;50px&#8221; global_colors_info=&#8221;{}&#8221;]<\/p>\n<p>Pobierz znaki promocyjne <br \/>Narodowego Instytutu Dziedzictwa<\/p>\n<p>[\/et_pb_blurb][\/et_pb_column][et_pb_column type=&#8221;1_3&#8243; _builder_version=&#8221;4.16&#8243; _module_preset=&#8221;default&#8221; background_color=&#8221;#e52330&#8243; global_colors_info=&#8221;{}&#8221;][et_pb_code _builder_version=&#8221;4.23.2&#8243; _module_preset=&#8221;default&#8221; global_colors_info=&#8221;{}&#8221;][\/et_pb_code][et_pb_blurb title=&#8221;Ksi\u0119garnia NID&#8221; url_new_window=&#8221;on&#8221; use_icon=&#8221;on&#8221; font_icon=&#8221;&#xe022;||divi||400&#8243; icon_placement=&#8221;left&#8221; image_icon_width=&#8221;50px&#8221; module_class=&#8221;bigButtonModules&#8221; _builder_version=&#8221;4.16&#8243; _module_preset=&#8221;default&#8221; header_level=&#8221;h3&#8243; header_font=&#8221;|700|||||||&#8221; header_text_color=&#8221;#ffffff&#8221; body_text_color=&#8221;#ffffff&#8221; background_color=&#8221;#444444&#8243; custom_margin=&#8221;||||false|false&#8221; custom_padding=&#8221;25px|25px|25px|25px|false|false&#8221; animation=&#8221;off&#8221; link_option_url=&#8221;https:\/\/ksiegarnia.nid.pl\/&#8221; link_option_url_new_window=&#8221;on&#8221; custom_css_blurb_image=&#8221;padding-right: 20px;||vertical-align: middle;&#8221; icon_font_size=&#8221;50px&#8221; global_colors_info=&#8221;{}&#8221;]<\/p>\n<p>Sprawd\u017a nasze produkty w ksi\u0119garni. Zamawiaj bez wychodzenia z domu ju\u017c teraz!<\/p>\n<p>[\/et_pb_blurb][\/et_pb_column][et_pb_column type=&#8221;1_3&#8243; _builder_version=&#8221;4.16&#8243; _module_preset=&#8221;default&#8221; background_color=&#8221;#e52330&#8243; global_colors_info=&#8221;{}&#8221;][et_pb_blurb title=&#8221;Zabytek.pl&#8221; url_new_window=&#8221;on&#8221; image=&#8221;https:\/\/nid.pl\/wp-content\/uploads\/2025\/12\/zabytek.pl_favicona_sm.png&#8221; icon_placement=&#8221;left&#8221; image_icon_width=&#8221;50px&#8221; module_class=&#8221;bigButtonModules&#8221; _builder_version=&#8221;4.27.5&#8243; _module_preset=&#8221;default&#8221; header_level=&#8221;h3&#8243; header_font=&#8221;|700|||||||&#8221; header_text_color=&#8221;#ffffff&#8221; body_text_color=&#8221;#ffffff&#8221; background_color=&#8221;#6b6b6b&#8221; custom_margin=&#8221;||||false|false&#8221; custom_padding=&#8221;25px|25px|25px|25px|false|false&#8221; animation=&#8221;off&#8221; link_option_url=&#8221;https:\/\/zabytek.pl\/pl&#8221; link_option_url_new_window=&#8221;on&#8221; custom_css_blurb_image=&#8221;padding-right: 20px;||vertical-align: middle;&#8221; icon_font_size=&#8221;50px&#8221; global_colors_info=&#8221;{}&#8221;]<\/p>\n<p>Serwis Narodowego Instytutu Dziedzictwa, kt\u00f3ry w nowoczesny i kompleksowy spos\u00f3b udost\u0119pnia informacje o polskich zabytkach!<\/p>\n<p>[\/et_pb_blurb][\/et_pb_column][\/et_pb_row][\/et_pb_section]<\/p>","protected":false},"excerpt":{"rendered":"<p>\u2190Powr\u00f3t Europejskie Dni Archeologii (#EDA) to cykl wydarze\u0144 organizowanych co roku w trzeci weekend czerwca. W tym roku spotkamy si\u0119 12-14 czerwca. Archeolodzy i edukatorzy umo\u017cliwi\u0105 zwiedzaj\u0105cym bezpo\u015bredni kontakt z [&hellip;]<\/p>","protected":false},"author":4,"featured_media":0,"parent":1883,"menu_order":0,"comment_status":"closed","ping_status":"closed","template":"","meta":{"_et_pb_use_builder":"on","_et_pb_old_content":"","_et_gb_content_width":"","_monsterinsights_skip_tracking":false,"_monsterinsights_sitenote_active":false,"_monsterinsights_sitenote_note":"","_monsterinsights_sitenote_category":0,"footnotes":""},"class_list":["post-5940","page","type-page","status-publish","hentry"],"yoast_head":"<!-- This site is optimized with the Yoast SEO plugin v26.5 - https:\/\/yoast.com\/wordpress\/plugins\/seo\/ -->\n<title>Europejskie Dni Archeologii - NID<\/title>\n<meta name=\"robots\" content=\"index, follow, max-snippet:-1, max-image-preview:large, max-video-preview:-1\" \/>\n<link rel=\"canonical\" href=\"https:\/\/nid.pl\/en\/dzialalnosc\/europejskie-dni-archeologii\/\" \/>\n<meta property=\"og:locale\" content=\"en_GB\" \/>\n<meta property=\"og:type\" content=\"article\" \/>\n<meta property=\"og:title\" content=\"Europejskie Dni Archeologii - NID\" \/>\n<meta property=\"og:description\" content=\"\u2190Powr\u00f3t Europejskie Dni Archeologii (#EDA) to cykl wydarze\u0144 organizowanych co roku w trzeci weekend czerwca. W tym roku spotkamy si\u0119 12-14 czerwca. Archeolodzy i edukatorzy umo\u017cliwi\u0105 zwiedzaj\u0105cym bezpo\u015bredni kontakt z [&hellip;]\" \/>\n<meta property=\"og:url\" content=\"https:\/\/nid.pl\/en\/dzialalnosc\/europejskie-dni-archeologii\/\" \/>\n<meta property=\"og:site_name\" content=\"NID\" \/>\n<meta property=\"article:publisher\" content=\"https:\/\/www.facebook.com\/zabytek\" \/>\n<meta property=\"article:modified_time\" content=\"2026-04-17T11:39:15+00:00\" \/>\n<meta name=\"twitter:card\" content=\"summary_large_image\" \/>\n<meta name=\"twitter:site\" content=\"@NarIDpl\" \/>\n<meta name=\"twitter:label1\" content=\"Estimated reading time\" \/>\n\t<meta name=\"twitter:data1\" content=\"6 minutes\" \/>\n<script type=\"application\/ld+json\" class=\"yoast-schema-graph\">{\"@context\":\"https:\/\/schema.org\",\"@graph\":[{\"@type\":\"WebPage\",\"@id\":\"https:\/\/nid.pl\/dzialalnosc\/europejskie-dni-archeologii\/\",\"url\":\"https:\/\/nid.pl\/dzialalnosc\/europejskie-dni-archeologii\/\",\"name\":\"Europejskie Dni Archeologii - NID\",\"isPartOf\":{\"@id\":\"https:\/\/nid.pl\/#website\"},\"datePublished\":\"2022-04-22T09:27:52+00:00\",\"dateModified\":\"2026-04-17T11:39:15+00:00\",\"breadcrumb\":{\"@id\":\"https:\/\/nid.pl\/dzialalnosc\/europejskie-dni-archeologii\/#breadcrumb\"},\"inLanguage\":\"en-GB\",\"potentialAction\":[{\"@type\":\"ReadAction\",\"target\":[\"https:\/\/nid.pl\/dzialalnosc\/europejskie-dni-archeologii\/\"]}]},{\"@type\":\"BreadcrumbList\",\"@id\":\"https:\/\/nid.pl\/dzialalnosc\/europejskie-dni-archeologii\/#breadcrumb\",\"itemListElement\":[{\"@type\":\"ListItem\",\"position\":1,\"name\":\"Home\",\"item\":\"https:\/\/nid.pl\/\"},{\"@type\":\"ListItem\",\"position\":2,\"name\":\"Dzia\u0142alno\u015b\u0107\",\"item\":\"https:\/\/nid.pl\/dzialalnosc\/\"},{\"@type\":\"ListItem\",\"position\":3,\"name\":\"Europejskie Dni Archeologii\"}]},{\"@type\":\"WebSite\",\"@id\":\"https:\/\/nid.pl\/#website\",\"url\":\"https:\/\/nid.pl\/\",\"name\":\"NID\",\"description\":\"Narodowy Instytut Dziedzictwa\",\"publisher\":{\"@id\":\"https:\/\/nid.pl\/#organization\"},\"potentialAction\":[{\"@type\":\"SearchAction\",\"target\":{\"@type\":\"EntryPoint\",\"urlTemplate\":\"https:\/\/nid.pl\/?s={search_term_string}\"},\"query-input\":{\"@type\":\"PropertyValueSpecification\",\"valueRequired\":true,\"valueName\":\"search_term_string\"}}],\"inLanguage\":\"en-GB\"},{\"@type\":\"Organization\",\"@id\":\"https:\/\/nid.pl\/#organization\",\"name\":\"Narodowy Instytut Dziedzictwa\",\"url\":\"https:\/\/nid.pl\/\",\"logo\":{\"@type\":\"ImageObject\",\"inLanguage\":\"en-GB\",\"@id\":\"https:\/\/nid.pl\/#\/schema\/logo\/image\/\",\"url\":\"https:\/\/nid.pl\/wp-content\/uploads\/2022\/10\/logoRedDark.png\",\"contentUrl\":\"https:\/\/nid.pl\/wp-content\/uploads\/2022\/10\/logoRedDark.png\",\"width\":200,\"height\":197,\"caption\":\"Narodowy Instytut Dziedzictwa\"},\"image\":{\"@id\":\"https:\/\/nid.pl\/#\/schema\/logo\/image\/\"},\"sameAs\":[\"https:\/\/www.facebook.com\/zabytek\",\"https:\/\/x.com\/NarIDpl\",\"https:\/\/www.instagram.com\/nid.pl\/?hl=pl\",\"https:\/\/www.linkedin.com\/company\/narodowy-instytut-dziedzictwa\",\"https:\/\/www.youtube.com\/channel\/UCQXuhKa2uHtmNvLRUSx40JA\"]}]}<\/script>\n<!-- \/ Yoast SEO plugin. -->","yoast_head_json":{"title":"Europejskie Dni Archeologii - NID","robots":{"index":"index","follow":"follow","max-snippet":"max-snippet:-1","max-image-preview":"max-image-preview:large","max-video-preview":"max-video-preview:-1"},"canonical":"https:\/\/nid.pl\/en\/dzialalnosc\/europejskie-dni-archeologii\/","og_locale":"en_GB","og_type":"article","og_title":"Europejskie Dni Archeologii - NID","og_description":"\u2190Powr\u00f3t Europejskie Dni Archeologii (#EDA) to cykl wydarze\u0144 organizowanych co roku w trzeci weekend czerwca. W tym roku spotkamy si\u0119 12-14 czerwca. Archeolodzy i edukatorzy umo\u017cliwi\u0105 zwiedzaj\u0105cym bezpo\u015bredni kontakt z [&hellip;]","og_url":"https:\/\/nid.pl\/en\/dzialalnosc\/europejskie-dni-archeologii\/","og_site_name":"NID","article_publisher":"https:\/\/www.facebook.com\/zabytek","article_modified_time":"2026-04-17T11:39:15+00:00","twitter_card":"summary_large_image","twitter_site":"@NarIDpl","twitter_misc":{"Estimated reading time":"6 minutes"},"schema":{"@context":"https:\/\/schema.org","@graph":[{"@type":"WebPage","@id":"https:\/\/nid.pl\/dzialalnosc\/europejskie-dni-archeologii\/","url":"https:\/\/nid.pl\/dzialalnosc\/europejskie-dni-archeologii\/","name":"Europejskie Dni Archeologii - NID","isPartOf":{"@id":"https:\/\/nid.pl\/#website"},"datePublished":"2022-04-22T09:27:52+00:00","dateModified":"2026-04-17T11:39:15+00:00","breadcrumb":{"@id":"https:\/\/nid.pl\/dzialalnosc\/europejskie-dni-archeologii\/#breadcrumb"},"inLanguage":"en-GB","potentialAction":[{"@type":"ReadAction","target":["https:\/\/nid.pl\/dzialalnosc\/europejskie-dni-archeologii\/"]}]},{"@type":"BreadcrumbList","@id":"https:\/\/nid.pl\/dzialalnosc\/europejskie-dni-archeologii\/#breadcrumb","itemListElement":[{"@type":"ListItem","position":1,"name":"Home","item":"https:\/\/nid.pl\/"},{"@type":"ListItem","position":2,"name":"Dzia\u0142alno\u015b\u0107","item":"https:\/\/nid.pl\/dzialalnosc\/"},{"@type":"ListItem","position":3,"name":"Europejskie Dni Archeologii"}]},{"@type":"WebSite","@id":"https:\/\/nid.pl\/#website","url":"https:\/\/nid.pl\/","name":"NID","description":"Narodowy Instytut Dziedzictwa","publisher":{"@id":"https:\/\/nid.pl\/#organization"},"potentialAction":[{"@type":"SearchAction","target":{"@type":"EntryPoint","urlTemplate":"https:\/\/nid.pl\/?s={search_term_string}"},"query-input":{"@type":"PropertyValueSpecification","valueRequired":true,"valueName":"search_term_string"}}],"inLanguage":"en-GB"},{"@type":"Organization","@id":"https:\/\/nid.pl\/#organization","name":"Narodowy Instytut Dziedzictwa","url":"https:\/\/nid.pl\/","logo":{"@type":"ImageObject","inLanguage":"en-GB","@id":"https:\/\/nid.pl\/#\/schema\/logo\/image\/","url":"https:\/\/nid.pl\/wp-content\/uploads\/2022\/10\/logoRedDark.png","contentUrl":"https:\/\/nid.pl\/wp-content\/uploads\/2022\/10\/logoRedDark.png","width":200,"height":197,"caption":"Narodowy Instytut Dziedzictwa"},"image":{"@id":"https:\/\/nid.pl\/#\/schema\/logo\/image\/"},"sameAs":["https:\/\/www.facebook.com\/zabytek","https:\/\/x.com\/NarIDpl","https:\/\/www.instagram.com\/nid.pl\/?hl=pl","https:\/\/www.linkedin.com\/company\/narodowy-instytut-dziedzictwa","https:\/\/www.youtube.com\/channel\/UCQXuhKa2uHtmNvLRUSx40JA"]}]}},"_links":{"self":[{"href":"https:\/\/nid.pl\/en\/wp-json\/wp\/v2\/pages\/5940","targetHints":{"allow":["GET"]}}],"collection":[{"href":"https:\/\/nid.pl\/en\/wp-json\/wp\/v2\/pages"}],"about":[{"href":"https:\/\/nid.pl\/en\/wp-json\/wp\/v2\/types\/page"}],"author":[{"embeddable":true,"href":"https:\/\/nid.pl\/en\/wp-json\/wp\/v2\/users\/4"}],"replies":[{"embeddable":true,"href":"https:\/\/nid.pl\/en\/wp-json\/wp\/v2\/comments?post=5940"}],"version-history":[{"count":8,"href":"https:\/\/nid.pl\/en\/wp-json\/wp\/v2\/pages\/5940\/revisions"}],"predecessor-version":[{"id":34309,"href":"https:\/\/nid.pl\/en\/wp-json\/wp\/v2\/pages\/5940\/revisions\/34309"}],"up":[{"embeddable":true,"href":"https:\/\/nid.pl\/en\/wp-json\/wp\/v2\/pages\/1883"}],"wp:attachment":[{"href":"https:\/\/nid.pl\/en\/wp-json\/wp\/v2\/media?parent=5940"}],"curies":[{"name":"wp","href":"https:\/\/api.w.org\/{rel}","templated":true}]}}