{"id":5701,"date":"2022-03-28T16:56:14","date_gmt":"2022-03-28T14:56:14","guid":{"rendered":"https:\/\/nid.pl\/?page_id=5701"},"modified":"2024-09-17T16:36:40","modified_gmt":"2024-09-17T14:36:40","slug":"centrum-ukraina","status":"publish","type":"page","link":"https:\/\/nid.pl\/en\/centrum-ukraina\/","title":{"rendered":"Centrum Pomocy dla Kultury na Ukrainie"},"content":{"rendered":"<p>[et_pb_section fb_built=&#8221;1&#8243; _builder_version=&#8221;4.16&#8243; _module_preset=&#8221;default&#8221; custom_padding=&#8221;0px||0px|||&#8221; global_colors_info=&#8221;{}&#8221;][et_pb_row _builder_version=&#8221;4.16&#8243; _module_preset=&#8221;default&#8221; background_color_gradient_start=&#8221;#0007ea&#8221; background_color_gradient_end=&#8221;#f2e200&#8243; background_image=&#8221;https:\/\/nid.pl\/wp-content\/uploads\/2022\/06\/CPKU_baner_1900x560__prod3__PL.png&#8221; width=&#8221;100%&#8221; max_width=&#8221;100%&#8221; height=&#8221;400px&#8221; custom_margin=&#8221;|auto||auto|false|false&#8221; custom_padding=&#8221;0px||0px|||&#8221; global_colors_info=&#8221;{}&#8221;][et_pb_column type=&#8221;4_4&#8243; _builder_version=&#8221;4.16&#8243; _module_preset=&#8221;default&#8221; use_background_color_gradient=&#8221;on&#8221; background_color_gradient_stops=&#8221;#000be2 0%|#efe300 100%&#8221; background_color_gradient_start=&#8221;#000be2&#8243; background_color_gradient_end=&#8221;#efe300&#8243; background_image=&#8221;https:\/\/nid.pl\/wp-content\/uploads\/2022\/06\/CPKU_baner_1900x560__prod3__PL.png&#8221; global_colors_info=&#8221;{}&#8221;][\/et_pb_column][\/et_pb_row][\/et_pb_section][et_pb_section fb_built=&#8221;1&#8243; _builder_version=&#8221;4.16&#8243; _module_preset=&#8221;default&#8221; custom_padding=&#8221;0px|0px|0px|0px|false|false&#8221; global_colors_info=&#8221;{}&#8221;][et_pb_row _builder_version=&#8221;4.16&#8243; _module_preset=&#8221;default&#8221; width=&#8221;100%&#8221; max_width=&#8221;100%&#8221; custom_padding=&#8221;50px|50px|50px|50px|false|false&#8221; global_colors_info=&#8221;{}&#8221;][et_pb_column type=&#8221;4_4&#8243; _builder_version=&#8221;4.16&#8243; _module_preset=&#8221;default&#8221; global_colors_info=&#8221;{}&#8221;][et_pb_text module_id=&#8221;backButtonBox&#8221; _builder_version=&#8221;4.7.4&#8243; _module_preset=&#8221;default&#8221; custom_margin=&#8221;0px|0px|0px|0px|false|false&#8221; custom_padding=&#8221;0px|0px|0px|0px|false|false&#8221; global_module=&#8221;2594&#8243; locked=&#8221;off&#8221; global_colors_info=&#8221;{}&#8221;]<\/p>\n<div class=\"backButton\" onclick=\"javascript:window.history.back();\"><span>\u2190<\/span>Powr\u00f3t<\/div>\n<p>[\/et_pb_text][et_pb_text _builder_version=&#8221;4.16&#8243; _dynamic_attributes=&#8221;content&#8221; _module_preset=&#8221;default&#8221; text_font_size=&#8221;26px&#8221; custom_margin=&#8221;||25px||false|false&#8221; custom_padding=&#8221;||||false|false&#8221; global_colors_info=&#8221;{}&#8221;]@ET-DC@eyJkeW5hbWljIjp0cnVlLCJjb250ZW50IjoicG9zdF90aXRsZSIsInNldHRpbmdzIjp7ImJlZm9yZSI6IiIsImFmdGVyIjoiIn19@[\/et_pb_text][et_pb_text _builder_version=&#8221;4.16&#8243; _module_preset=&#8221;default&#8221; custom_padding=&#8221;||0px|||&#8221; global_colors_info=&#8221;{}&#8221;]<\/p>\n<h3><span style=\"color: #808080;\">Polish Support Center for Culture in Ukraine<\/span><\/h3>\n<p>[\/et_pb_text][et_pb_divider _builder_version=&#8221;4.16&#8243; _module_preset=&#8221;default&#8221; background_color=&#8221;#e52330&#8243; height=&#8221;5px&#8221; custom_margin=&#8221;0px||25px||false|false&#8221; custom_padding=&#8221;0px||0px||false|false&#8221; global_colors_info=&#8221;{}&#8221;][\/et_pb_divider][et_pb_text _builder_version=&#8221;4.27.0&#8243; _module_preset=&#8221;default&#8221; hover_enabled=&#8221;0&#8243; global_colors_info=&#8221;{}&#8221; sticky_enabled=&#8221;0&#8243;]<\/p>\n<p>Each war wreaks havoc. What is most precious for us can perish in one moment \u2013 the loved ones, homes, and a sense of security. War destroys the wealth worked out by generations and ruins plans for the future. War has its tragic effects also in the sphere that shapes national identity - culture. Unique heritage of Ukraine vanishes before our eyes as a result of the Russian agression. The losses inflicted in this area are irreparable. \nPoland understands very well what the loss of cultural heritage means \u2013 wars of the past century have deprived us of historic architecture, art collections, libraries and archives. The Ministry of Culture and National Heritage, noticing a change in Russia's military strategy shifting to the destruction of civilian facilities, decided to establish a special unit tasked to help Ukraine in this area. The Support Center for Culture in Ukraine was established to coordinate both domestic and foreign initiatives to save the cultural heritage of our close neighbor. <strong>Centrum Pomocy dla Kultury na Ukrainie<\/strong> was established to coordinate both domestic and foreign initiatives to save the cultural heritage of our close neighbor<\/p>\n<p>We encourage everyone who understands the importance and value of the national heritage to support this initiative.<\/p>\n<p><em>\"Heritage is the memory of generations\"<\/em><\/p>\n<p><strong>What is our work?<\/strong><br \/>From the first days of Russia's aggression against Ukraine, the Ministry of Culture and National Heritage has been organizing assistance to Ukrainian cultural institutions and their staff who are involved in safeguarding activities. So far, numerous transports of fire-fighting equipment and materials necessary to protect the collections were organized and succesfully delivered to Ukraine.  Further deliveries are organized in accordance with verified needs. Every day, Poland coordinates material support for Ukrainian cultural institutions that flows in from all over the world.<\/p>\n<p><strong>Who we are?<\/strong><br \/><strong>Centrum Pomocy dla Kultury na Ukrainie<\/strong> operates within the structure of the National Institute of Cultural Heritage (NID) - an institution with more than 60 years of experience in cultural heritage research and protection. \nA dedicated team within the Support Center for Culture in Ukraine cooperates with the members of a task force at the Ministry of Culture and National Heritage, monitors and analyzes threats to cultural heritage. As established by the order of the Minister of Culture and National Heritage of February 23, 2022, the task of the Center is to coordinate support to save the Ukrainian cultural heritage threatened by hostilities.<\/p>\n<p><strong>Our team<\/strong><br \/>The Staff of the Support Center for Culture in Ukraine coordinates activities aimed at the protection of monuments in Ukraine.<\/p>\n<p><span style=\"font-size: 14px;\">If you wish to get engaged or obtain more information please contact us via: <\/span><strong><a href=\"mailto:ukraina@nid.pl\" style=\"font-size: 14px;\">ukraina@nid.pl<\/a><span style=\"font-size: 14px;\">\u00a0<\/span><\/strong><\/p>\n<p>Wi\u0119cej informacji na stronie: <strong><a href=\"https:\/\/ukraina.nid.pl\/\" target=\"_blank\" rel=\"noopener\" title=\"Link zostanie otwarty w nowym oknie\">Centrum Pomocy dla Kultury na Ukrainie \/\u00a0Polish Support Center for Culture in Ukraine<\/a><\/strong><\/p>\n<p>&nbsp;<\/p>\n<p><strong><\/strong><\/p>\n<p>[\/et_pb_text][et_pb_divider color=&#8221;#e52330&#8243; _builder_version=&#8221;4.16&#8243; _module_preset=&#8221;default&#8221; background_color=&#8221;#FFFFFF&#8221; custom_margin=&#8221;||21px|||&#8221; global_colors_info=&#8221;{}&#8221;][\/et_pb_divider][et_pb_text _builder_version=&#8221;4.23.2&#8243; _module_preset=&#8221;default&#8221; global_colors_info=&#8221;{}&#8221;]<span style=\"color: #e52330;\"><strong>Warsaw Recommendation in Ukrainian!<\/strong><\/span><\/p>\n<p><strong>\"The Warsaw Recommendation on Recovery and Reconstruction of Cultural Heritage\"<\/strong> powsta\u0142a na konferencji \u201eThe challenges of World Heritage recovery. International conference on reconstruction\u201d w 2018 roku. Dokument zawiera najwa\u017cniejsze zagadnienia dotycz\u0105ce odbudowy zniszczonych obiekt\u00f3w kultury. Rekomendacja powsta\u0142a przy udziale UNESCO, ICOMOS, ICCROM, UNISDR, Banku \u015awiatowego, Global Alliance for Urban Crises (\u015awiatowy sojusz na rzecz przeciwdzia\u0142ania kryzysom miejskim) oraz przedstawicieli wszystkich region\u00f3w \u015bwiata.\u00a0Wydana w\u0142a\u015bnie ukrai\u0144ska edycja Rekomendacji Warszawskiej b\u0119dzie wsparciem dla prac przy odbudowie dziedzictwa kultury zniszczonego w wyniku rosyjskiej agresji.[\/et_pb_text][et_pb_button button_url=&#8221;https:\/\/ksiegarnia.nid.pl\/wp-content\/uploads\/2022\/09\/Rekomendacja-warszawska-2022_ENFRPLUAAR.pdf&#8221; button_text=&#8221;Pobierz&#8221; _builder_version=&#8221;4.23.2&#8243; _module_preset=&#8221;default&#8221; custom_button=&#8221;on&#8221; button_text_size=&#8221;16px&#8221; button_text_color=&#8221;#FFFFFF&#8221; button_bg_color=&#8221;#e52330&#8243; button_font=&#8221;|600|||||||&#8221; button_icon=&#8221;&#xe071;||divi||400&#8243; button_icon_color=&#8221;#FFFFFF&#8221; button_icon_placement=&#8221;left&#8221; button_on_hover=&#8221;off&#8221; box_shadow_style=&#8221;preset1&#8243; box_shadow_color=&#8221;#FFFFFF&#8221; global_colors_info=&#8221;{}&#8221;][\/et_pb_button][et_pb_divider color=&#8221;#e52330&#8243; _builder_version=&#8221;4.16&#8243; _module_preset=&#8221;default&#8221; background_color=&#8221;#FFFFFF&#8221; custom_margin=&#8221;||21px|||&#8221; global_colors_info=&#8221;{}&#8221;][\/et_pb_divider][et_pb_text _builder_version=&#8221;4.23.2&#8243; _module_preset=&#8221;default&#8221; global_colors_info=&#8221;{}&#8221;]<\/p>\n<p><span style=\"color: #e52330;\"><strong>Saving Ukraine&#8217;s culture. Polish Support Center for Culture i Ukraine. Activity report February 2022 &#8211; December 2022<\/strong><\/span><\/p>\n<p>Raport pod tytu\u0142em <strong>\u201eZachowa\u0107 dziedzictwo Ukrainy\u201d<\/strong> powsta\u0142 jako podsumowanie dzia\u0142a\u0144 prowadzonych przez Centrum Pomocy dla Kultury na Ukrainie.<\/p>\n<p>Raport zosta\u0142 napisany w j\u0119zyku angielskim i jest jednym z pierwszych opracowa\u0144, kt\u00f3re przedstawia w spos\u00f3b kompleksowy problematyk\u0119 zniszcze\u0144 dziedzictwa kulturowego i wskazuje na konieczno\u015b\u0107 podj\u0119cia dzia\u0142a\u0144 przez wsp\u00f3lnot\u0119 mi\u0119dzynarodow\u0105 w celu skuteczniejszej ochrony kultury w czasie konfliktu zbrojnego.<\/p>\n<p>Wi\u0119cej informacji na stronie <a href=\"https:\/\/ukraina.nid.pl\/raport-zachowac-dziedzictwo-ukrainy-sprawozdanie-z-dzialalnosci-centrum-pomocy-dla-kultury-na-ukrainie\/\" target=\"_blank\" rel=\"noopener\" title=\"Link zostanie otwarty w nowym oknie\">ukraina.nid.pl<\/a><a href=\"https:\/\/ukraina.nid.pl\/wp-content\/uploads\/2023\/03\/saving-ukraines-culture-pscreport.pdf\" target=\"_blank\" rel=\"noopener\" title=\"Plik zostanie otwarty w nowym oknie\"><\/a><\/p>\n<p>[\/et_pb_text][et_pb_button button_url=&#8221;https:\/\/ksiegarnia.nid.pl\/produkt\/saving-ukraines-culture-psc-activity-report-2022\/&#8221; button_text=&#8221;Pobierz&#8221; _builder_version=&#8221;4.23.2&#8243; _module_preset=&#8221;default&#8221; custom_button=&#8221;on&#8221; button_text_size=&#8221;16px&#8221; button_text_color=&#8221;#FFFFFF&#8221; button_bg_color=&#8221;#e52330&#8243; button_font=&#8221;|600|||||||&#8221; button_icon=&#8221;&#xe071;||divi||400&#8243; button_icon_color=&#8221;#FFFFFF&#8221; button_icon_placement=&#8221;left&#8221; button_on_hover=&#8221;off&#8221; box_shadow_style=&#8221;preset1&#8243; box_shadow_color=&#8221;#FFFFFF&#8221; global_colors_info=&#8221;{}&#8221;][\/et_pb_button][et_pb_divider color=&#8221;#e52330&#8243; _builder_version=&#8221;4.16&#8243; _module_preset=&#8221;default&#8221; background_color=&#8221;#FFFFFF&#8221; custom_margin=&#8221;||21px|||&#8221; global_colors_info=&#8221;{}&#8221;][\/et_pb_divider][et_pb_text _builder_version=&#8221;4.23.2&#8243; _module_preset=&#8221;default&#8221; global_colors_info=&#8221;{}&#8221;]<\/p>\n<p><span style=\"color: #e52330;\"><strong>Ocali\u0107 dziedzictwo Ukrainy. Raport Narodowego Instytutu Dziedzictwa \u2013 Centrum Pomocy dla Kultury na Ukrainie<\/strong><\/span><\/p>\n<p>Raport z dzia\u0142alno\u015bci Centrum Pomocy dla Kultury na Ukrainie pod tytu\u0142em &#8220;Ocali\u0107 dziedzictwo Ukrainy\u201d\u00a0 to podsumowanie dzia\u0142a\u0144 w\u0142asnych w latach 2022 i 2023 oraz innych instytucji i plac\u00f3wek podleg\u0142ych Ministerstwu Kultury i Dziedzictwa Narodowego.<\/p>\n<p>Wi\u0119cej informacji na stronie <a href=\"https:\/\/ukraina.nid.pl\/ocalic-dziedzictwo-ukrainy-raport-cpku-2023\/ \" target=\"_blank\" rel=\"noopener\" title=\"Link zostanie otwarty w nowym oknie\">ukraina.nid.pl<\/a><a href=\"https:\/\/ukraina.nid.pl\/wp-content\/uploads\/2023\/03\/saving-ukraines-culture-pscreport.pdf\" target=\"_blank\" rel=\"noopener\" title=\"Plik zostanie otwarty w nowym oknie\"><\/a><\/p>\n<p>[\/et_pb_text][et_pb_button button_url=&#8221;https:\/\/ksiegarnia.nid.pl\/wp-content\/uploads\/2024\/02\/Ocalic-dziedzictwo-Ukrainy-Raport-CPKU-2023.pdf&#8221; button_text=&#8221;Pobierz&#8221; _builder_version=&#8221;4.23.2&#8243; _module_preset=&#8221;default&#8221; custom_button=&#8221;on&#8221; button_text_size=&#8221;16px&#8221; button_text_color=&#8221;#FFFFFF&#8221; button_bg_color=&#8221;#e52330&#8243; button_font=&#8221;|600|||||||&#8221; button_icon=&#8221;&#xe071;||divi||400&#8243; button_icon_color=&#8221;#FFFFFF&#8221; button_icon_placement=&#8221;left&#8221; button_on_hover=&#8221;off&#8221; box_shadow_style=&#8221;preset1&#8243; box_shadow_color=&#8221;#FFFFFF&#8221; global_colors_info=&#8221;{}&#8221;][\/et_pb_button][et_pb_social_media_follow icon_color=&#8221;#565656&#8243; _builder_version=&#8221;4.16&#8243; _module_preset=&#8221;default&#8221; background_color=&#8221;#FFFFFF&#8221; text_orientation=&#8221;right&#8221; custom_margin=&#8221;0px|0px|0px|0px|false|false&#8221; custom_padding=&#8221;0px|0px|0px|0px|false|false&#8221; custom_css_social_follow=&#8221;margin-bottom: 0px !important;&#8221; custom_css_social_icon=&#8221;background: transparent !important;&#8221; locked=&#8221;off&#8221; global_colors_info=&#8221;{}&#8221; icon_color__hover_enabled=&#8221;on|desktop&#8221; icon_color__hover=&#8221;#e52330&#8243;][et_pb_social_media_follow_network social_network=&#8221;facebook&#8221; url=&#8221;https:\/\/www.facebook.com\/Centrum-Pomocy-dla-Kultury-na-Ukrainie-109844908356133%20&#8243; icon_color=&#8221;#e52330&#8243; use_icon_font_size=&#8221;on&#8221; icon_font_size=&#8221;25px&#8221; _builder_version=&#8221;4.16&#8243; _module_preset=&#8221;default&#8221; background_enable_color=&#8221;off&#8221; background_enable_image=&#8221;off&#8221; box_shadow_style=&#8221;preset1&#8243; box_shadow_color=&#8221;#D6D6D6&#8243; global_colors_info=&#8221;{}&#8221; follow_button=&#8221;off&#8221; url_new_window=&#8221;on&#8221;]facebook[\/et_pb_social_media_follow_network][\/et_pb_social_media_follow][\/et_pb_column][\/et_pb_row][\/et_pb_section][et_pb_section fb_built=&#8221;1&#8243; _builder_version=&#8221;4.7.4&#8243; _module_preset=&#8221;default&#8221; custom_margin=&#8221;43px||||false|false&#8221; custom_padding=&#8221;0px||0px||false|false&#8221; global_module=&#8221;353&#8243; saved_tabs=&#8221;all&#8221; global_colors_info=&#8221;{}&#8221;][et_pb_row column_structure=&#8221;1_3,1_3,1_3&#8243; use_custom_gutter=&#8221;on&#8221; gutter_width=&#8221;1&#8243; _builder_version=&#8221;4.16&#8243; _module_preset=&#8221;default&#8221; background_color=&#8221;rgba(0,0,0,0)&#8221; width=&#8221;100%&#8221; max_width=&#8221;2560px&#8221; custom_padding=&#8221;0px||0px||false|false&#8221; global_colors_info=&#8221;{}&#8221;][et_pb_column type=&#8221;1_3&#8243; _builder_version=&#8221;4.16&#8243; _module_preset=&#8221;default&#8221; background_color=&#8221;#e52330&#8243; global_colors_info=&#8221;{}&#8221;][et_pb_blurb title=&#8221;Subskrybuj newsletter NID&#8221; use_icon=&#8221;on&#8221; font_icon=&#8221;&#xe106;||divi||400&#8243; icon_placement=&#8221;left&#8221; image_icon_width=&#8221;50px&#8221; module_class=&#8221;bigButtonModules&#8221; _builder_version=&#8221;4.16&#8243; _module_preset=&#8221;default&#8221; header_level=&#8221;h3&#8243; header_font=&#8221;|700|||||||&#8221; header_text_color=&#8221;#ffffff&#8221; body_text_color=&#8221;#ffffff&#8221; background_color=&#8221;#E52330&#8243; custom_margin=&#8221;||||false|false&#8221; custom_padding=&#8221;25px|25px|25px|25px|false|false&#8221; animation=&#8221;off&#8221; link_option_url=&#8221;https:\/\/nid.pl\/newsletter&#8221; custom_css_blurb_image=&#8221;padding-right: 20px;||vertical-align: middle;&#8221; icon_font_size=&#8221;50px&#8221; global_colors_info=&#8221;{}&#8221;]<\/p>\n<p>Zapisz si\u0119 do naszego newslettera i otrzymuj naj\u015bwie\u017csze informacj\u0119 ze \u015bwiata kultury.<\/p>\n<p>[\/et_pb_blurb][\/et_pb_column][et_pb_column type=&#8221;1_3&#8243; _builder_version=&#8221;4.16&#8243; _module_preset=&#8221;default&#8221; background_color=&#8221;#e52330&#8243; global_colors_info=&#8221;{}&#8221;][et_pb_code _builder_version=&#8221;4.23.2&#8243; _module_preset=&#8221;default&#8221; global_colors_info=&#8221;{}&#8221;][\/et_pb_code][et_pb_blurb title=&#8221;Ksi\u0119garnia NID&#8221; url_new_window=&#8221;on&#8221; use_icon=&#8221;on&#8221; font_icon=&#8221;&#xe022;||divi||400&#8243; icon_placement=&#8221;left&#8221; image_icon_width=&#8221;50px&#8221; module_class=&#8221;bigButtonModules&#8221; _builder_version=&#8221;4.16&#8243; _module_preset=&#8221;default&#8221; header_level=&#8221;h3&#8243; header_font=&#8221;|700|||||||&#8221; header_text_color=&#8221;#ffffff&#8221; body_text_color=&#8221;#ffffff&#8221; background_color=&#8221;#444444&#8243; custom_margin=&#8221;||||false|false&#8221; custom_padding=&#8221;25px|25px|25px|25px|false|false&#8221; animation=&#8221;off&#8221; link_option_url=&#8221;https:\/\/ksiegarnia.nid.pl\/&#8221; link_option_url_new_window=&#8221;on&#8221; custom_css_blurb_image=&#8221;padding-right: 20px;||vertical-align: middle;&#8221; icon_font_size=&#8221;50px&#8221; global_colors_info=&#8221;{}&#8221;]<\/p>\n<p>Sprawd\u017a nasze produkty w ksi\u0119garni. Zamawiaj bez wychodzenia z domu ju\u017c teraz!<\/p>\n<p>[\/et_pb_blurb][\/et_pb_column][et_pb_column type=&#8221;1_3&#8243; _builder_version=&#8221;4.16&#8243; _module_preset=&#8221;default&#8221; background_color=&#8221;#e52330&#8243; global_colors_info=&#8221;{}&#8221;][et_pb_blurb title=&#8221;Platforma szkoleniowa&#8221; url_new_window=&#8221;on&#8221; use_icon=&#8221;on&#8221; font_icon=&#8221;&#xe0e9;||divi||400&#8243; icon_placement=&#8221;left&#8221; image_icon_width=&#8221;50px&#8221; module_class=&#8221;bigButtonModules&#8221; _builder_version=&#8221;4.16&#8243; _module_preset=&#8221;default&#8221; header_level=&#8221;h3&#8243; header_font=&#8221;|700|||||||&#8221; header_text_color=&#8221;#ffffff&#8221; body_text_color=&#8221;#ffffff&#8221; background_color=&#8221;#6b6b6b&#8221; custom_margin=&#8221;||||false|false&#8221; custom_padding=&#8221;25px|25px|25px|25px|false|false&#8221; animation=&#8221;off&#8221; link_option_url=&#8221;https:\/\/szkolenianid.learncom.pl&#8221; link_option_url_new_window=&#8221;on&#8221; custom_css_blurb_image=&#8221;padding-right: 20px;||vertical-align: middle;&#8221; icon_font_size=&#8221;50px&#8221; global_colors_info=&#8221;{}&#8221;]<\/p>\n<p>Zapisz si\u0119 na nasz\u0105 platform\u0119 e-szkoleniow\u0105 i dowiedz si\u0119 jak zarz\u0105dza\u0107 dziedzictwem i wykorzysta\u0107 jego potencja\u0142.<\/p>\n<p>[\/et_pb_blurb][\/et_pb_column][\/et_pb_row][\/et_pb_section]<\/p>","protected":false},"excerpt":{"rendered":"<p>\u2190Powr\u00f3t Polish Support Center for Culture in UkraineKa\u017cda wojna przynosi spustoszenie i zabiera to co najcenniejsze \u2013 bliskich, domy, poczucie bezpiecze\u0144stwa. Niszczy te\u017c wypracowany przez pokolenia kapita\u0142 i niweczy plany [&hellip;]<\/p>","protected":false},"author":4,"featured_media":0,"parent":0,"menu_order":0,"comment_status":"closed","ping_status":"closed","template":"","meta":{"_et_pb_use_builder":"on","_et_pb_old_content":"","_et_gb_content_width":"","_monsterinsights_skip_tracking":false,"_monsterinsights_sitenote_active":false,"_monsterinsights_sitenote_note":"","_monsterinsights_sitenote_category":0,"footnotes":""},"class_list":["post-5701","page","type-page","status-publish","hentry"],"yoast_head":"<!-- This site is optimized with the Yoast SEO plugin v26.5 - https:\/\/yoast.com\/wordpress\/plugins\/seo\/ -->\n<title>Centrum Pomocy dla Kultury na Ukrainie - NID<\/title>\n<meta name=\"robots\" content=\"index, follow, max-snippet:-1, max-image-preview:large, max-video-preview:-1\" \/>\n<link rel=\"canonical\" href=\"https:\/\/nid.pl\/en\/centrum-ukraina\/\" \/>\n<meta property=\"og:locale\" content=\"en_GB\" \/>\n<meta property=\"og:type\" content=\"article\" \/>\n<meta property=\"og:title\" content=\"Centrum Pomocy dla Kultury na Ukrainie - NID\" \/>\n<meta property=\"og:description\" content=\"\u2190Powr\u00f3t Polish Support Center for Culture in UkraineKa\u017cda wojna przynosi spustoszenie i zabiera to co najcenniejsze \u2013 bliskich, domy, poczucie bezpiecze\u0144stwa. Niszczy te\u017c wypracowany przez pokolenia kapita\u0142 i niweczy plany [&hellip;]\" \/>\n<meta property=\"og:url\" content=\"https:\/\/nid.pl\/en\/centrum-ukraina\/\" \/>\n<meta property=\"og:site_name\" content=\"NID\" \/>\n<meta property=\"article:publisher\" content=\"https:\/\/www.facebook.com\/zabytek\" \/>\n<meta property=\"article:modified_time\" content=\"2024-09-17T14:36:40+00:00\" \/>\n<meta name=\"twitter:card\" content=\"summary_large_image\" \/>\n<meta name=\"twitter:site\" content=\"@NarIDpl\" \/>\n<script type=\"application\/ld+json\" class=\"yoast-schema-graph\">{\"@context\":\"https:\/\/schema.org\",\"@graph\":[{\"@type\":\"WebPage\",\"@id\":\"https:\/\/nid.pl\/centrum-ukraina\/\",\"url\":\"https:\/\/nid.pl\/centrum-ukraina\/\",\"name\":\"Centrum Pomocy dla Kultury na Ukrainie - NID\",\"isPartOf\":{\"@id\":\"https:\/\/nid.pl\/#website\"},\"datePublished\":\"2022-03-28T14:56:14+00:00\",\"dateModified\":\"2024-09-17T14:36:40+00:00\",\"breadcrumb\":{\"@id\":\"https:\/\/nid.pl\/centrum-ukraina\/#breadcrumb\"},\"inLanguage\":\"en-GB\",\"potentialAction\":[{\"@type\":\"ReadAction\",\"target\":[\"https:\/\/nid.pl\/centrum-ukraina\/\"]}]},{\"@type\":\"BreadcrumbList\",\"@id\":\"https:\/\/nid.pl\/centrum-ukraina\/#breadcrumb\",\"itemListElement\":[{\"@type\":\"ListItem\",\"position\":1,\"name\":\"Home\",\"item\":\"https:\/\/nid.pl\/\"},{\"@type\":\"ListItem\",\"position\":2,\"name\":\"Centrum Pomocy dla Kultury na Ukrainie\"}]},{\"@type\":\"WebSite\",\"@id\":\"https:\/\/nid.pl\/#website\",\"url\":\"https:\/\/nid.pl\/\",\"name\":\"NID\",\"description\":\"Narodowy Instytut Dziedzictwa\",\"publisher\":{\"@id\":\"https:\/\/nid.pl\/#organization\"},\"potentialAction\":[{\"@type\":\"SearchAction\",\"target\":{\"@type\":\"EntryPoint\",\"urlTemplate\":\"https:\/\/nid.pl\/?s={search_term_string}\"},\"query-input\":{\"@type\":\"PropertyValueSpecification\",\"valueRequired\":true,\"valueName\":\"search_term_string\"}}],\"inLanguage\":\"en-GB\"},{\"@type\":\"Organization\",\"@id\":\"https:\/\/nid.pl\/#organization\",\"name\":\"Narodowy Instytut Dziedzictwa\",\"url\":\"https:\/\/nid.pl\/\",\"logo\":{\"@type\":\"ImageObject\",\"inLanguage\":\"en-GB\",\"@id\":\"https:\/\/nid.pl\/#\/schema\/logo\/image\/\",\"url\":\"https:\/\/nid.pl\/wp-content\/uploads\/2022\/10\/logoRedDark.png\",\"contentUrl\":\"https:\/\/nid.pl\/wp-content\/uploads\/2022\/10\/logoRedDark.png\",\"width\":200,\"height\":197,\"caption\":\"Narodowy Instytut Dziedzictwa\"},\"image\":{\"@id\":\"https:\/\/nid.pl\/#\/schema\/logo\/image\/\"},\"sameAs\":[\"https:\/\/www.facebook.com\/zabytek\",\"https:\/\/x.com\/NarIDpl\",\"https:\/\/www.instagram.com\/nid.pl\/?hl=pl\",\"https:\/\/www.linkedin.com\/company\/narodowy-instytut-dziedzictwa\",\"https:\/\/www.youtube.com\/channel\/UCQXuhKa2uHtmNvLRUSx40JA\"]}]}<\/script>\n<!-- \/ Yoast SEO plugin. -->","yoast_head_json":{"title":"Centrum Pomocy dla Kultury na Ukrainie - NID","robots":{"index":"index","follow":"follow","max-snippet":"max-snippet:-1","max-image-preview":"max-image-preview:large","max-video-preview":"max-video-preview:-1"},"canonical":"https:\/\/nid.pl\/en\/centrum-ukraina\/","og_locale":"en_GB","og_type":"article","og_title":"Centrum Pomocy dla Kultury na Ukrainie - NID","og_description":"\u2190Powr\u00f3t Polish Support Center for Culture in UkraineKa\u017cda wojna przynosi spustoszenie i zabiera to co najcenniejsze \u2013 bliskich, domy, poczucie bezpiecze\u0144stwa. Niszczy te\u017c wypracowany przez pokolenia kapita\u0142 i niweczy plany [&hellip;]","og_url":"https:\/\/nid.pl\/en\/centrum-ukraina\/","og_site_name":"NID","article_publisher":"https:\/\/www.facebook.com\/zabytek","article_modified_time":"2024-09-17T14:36:40+00:00","twitter_card":"summary_large_image","twitter_site":"@NarIDpl","schema":{"@context":"https:\/\/schema.org","@graph":[{"@type":"WebPage","@id":"https:\/\/nid.pl\/centrum-ukraina\/","url":"https:\/\/nid.pl\/centrum-ukraina\/","name":"Centrum Pomocy dla Kultury na Ukrainie - NID","isPartOf":{"@id":"https:\/\/nid.pl\/#website"},"datePublished":"2022-03-28T14:56:14+00:00","dateModified":"2024-09-17T14:36:40+00:00","breadcrumb":{"@id":"https:\/\/nid.pl\/centrum-ukraina\/#breadcrumb"},"inLanguage":"en-GB","potentialAction":[{"@type":"ReadAction","target":["https:\/\/nid.pl\/centrum-ukraina\/"]}]},{"@type":"BreadcrumbList","@id":"https:\/\/nid.pl\/centrum-ukraina\/#breadcrumb","itemListElement":[{"@type":"ListItem","position":1,"name":"Home","item":"https:\/\/nid.pl\/"},{"@type":"ListItem","position":2,"name":"Centrum Pomocy dla Kultury na Ukrainie"}]},{"@type":"WebSite","@id":"https:\/\/nid.pl\/#website","url":"https:\/\/nid.pl\/","name":"NID","description":"Narodowy Instytut Dziedzictwa","publisher":{"@id":"https:\/\/nid.pl\/#organization"},"potentialAction":[{"@type":"SearchAction","target":{"@type":"EntryPoint","urlTemplate":"https:\/\/nid.pl\/?s={search_term_string}"},"query-input":{"@type":"PropertyValueSpecification","valueRequired":true,"valueName":"search_term_string"}}],"inLanguage":"en-GB"},{"@type":"Organization","@id":"https:\/\/nid.pl\/#organization","name":"Narodowy Instytut Dziedzictwa","url":"https:\/\/nid.pl\/","logo":{"@type":"ImageObject","inLanguage":"en-GB","@id":"https:\/\/nid.pl\/#\/schema\/logo\/image\/","url":"https:\/\/nid.pl\/wp-content\/uploads\/2022\/10\/logoRedDark.png","contentUrl":"https:\/\/nid.pl\/wp-content\/uploads\/2022\/10\/logoRedDark.png","width":200,"height":197,"caption":"Narodowy Instytut Dziedzictwa"},"image":{"@id":"https:\/\/nid.pl\/#\/schema\/logo\/image\/"},"sameAs":["https:\/\/www.facebook.com\/zabytek","https:\/\/x.com\/NarIDpl","https:\/\/www.instagram.com\/nid.pl\/?hl=pl","https:\/\/www.linkedin.com\/company\/narodowy-instytut-dziedzictwa","https:\/\/www.youtube.com\/channel\/UCQXuhKa2uHtmNvLRUSx40JA"]}]}},"_links":{"self":[{"href":"https:\/\/nid.pl\/en\/wp-json\/wp\/v2\/pages\/5701","targetHints":{"allow":["GET"]}}],"collection":[{"href":"https:\/\/nid.pl\/en\/wp-json\/wp\/v2\/pages"}],"about":[{"href":"https:\/\/nid.pl\/en\/wp-json\/wp\/v2\/types\/page"}],"author":[{"embeddable":true,"href":"https:\/\/nid.pl\/en\/wp-json\/wp\/v2\/users\/4"}],"replies":[{"embeddable":true,"href":"https:\/\/nid.pl\/en\/wp-json\/wp\/v2\/comments?post=5701"}],"version-history":[{"count":0,"href":"https:\/\/nid.pl\/en\/wp-json\/wp\/v2\/pages\/5701\/revisions"}],"wp:attachment":[{"href":"https:\/\/nid.pl\/en\/wp-json\/wp\/v2\/media?parent=5701"}],"curies":[{"name":"wp","href":"https:\/\/api.w.org\/{rel}","templated":true}]}}