{"id":4572,"date":"2021-12-21T16:54:14","date_gmt":"2021-12-21T15:54:14","guid":{"rendered":"https:\/\/nid.pl\/?page_id=4572"},"modified":"2022-11-25T15:30:18","modified_gmt":"2022-11-25T14:30:18","slug":"system-danych-o-zabytkach","status":"publish","type":"page","link":"https:\/\/nid.pl\/en\/system-danych-o-zabytkach\/","title":{"rendered":"System danych o zabytkach"},"content":{"rendered":"<p>[et_pb_section fb_built=&#8221;1&#8243; _builder_version=&#8221;4.7.4&#8243; _module_preset=&#8221;default&#8221; custom_padding=&#8221;0px||0px|||&#8221; global_colors_info=&#8221;{}&#8221;][et_pb_row _builder_version=&#8221;4.7.4&#8243; _module_preset=&#8221;default&#8221; background_image=&#8221;https:\/\/nid.pl\/wp-content\/uploads\/2021\/08\/Dzialalnosc-Gromadzenie-danych-o-zabytkach.jpg&#8221; width=&#8221;100%&#8221; max_width=&#8221;100%&#8221; height=&#8221;400px&#8221; custom_margin=&#8221;|auto||auto|false|false&#8221; custom_padding=&#8221;0px||0px|||&#8221; global_colors_info=&#8221;{}&#8221;][et_pb_column type=&#8221;4_4&#8243; _builder_version=&#8221;4.7.4&#8243; _module_preset=&#8221;default&#8221; global_colors_info=&#8221;{}&#8221;][\/et_pb_column][\/et_pb_row][\/et_pb_section][et_pb_section fb_built=&#8221;1&#8243; _builder_version=&#8221;4.7.4&#8243; _module_preset=&#8221;default&#8221; custom_padding=&#8221;0px|0px|0px|0px|false|false&#8221; global_colors_info=&#8221;{}&#8221;][et_pb_row _builder_version=&#8221;4.7.4&#8243; _module_preset=&#8221;default&#8221; width=&#8221;100%&#8221; max_width=&#8221;100%&#8221; custom_padding=&#8221;50px|50px|50px|50px|false|false&#8221; global_colors_info=&#8221;{}&#8221;][et_pb_column type=&#8221;4_4&#8243; _builder_version=&#8221;4.7.4&#8243; _module_preset=&#8221;default&#8221; global_colors_info=&#8221;{}&#8221;][et_pb_text module_id=&#8221;backButtonBox&#8221; _builder_version=&#8221;4.7.4&#8243; _module_preset=&#8221;default&#8221; custom_margin=&#8221;0px|0px|0px|0px|false|false&#8221; custom_padding=&#8221;0px|0px|0px|0px|false|false&#8221; global_module=&#8221;2594&#8243; locked=&#8221;off&#8221; global_colors_info=&#8221;{}&#8221;]<\/p>\n<div class=\"backButton\" onclick=\"javascript:window.history.back();\"><span>\u2190<\/span>Powr\u00f3t<\/div>\n<p>[\/et_pb_text][et_pb_text _builder_version=&#8221;4.7.4&#8243; _dynamic_attributes=&#8221;content&#8221; _module_preset=&#8221;default&#8221; text_font_size=&#8221;26px&#8221; custom_margin=&#8221;||25px||false|false&#8221; custom_padding=&#8221;||||false|false&#8221; global_colors_info=&#8221;{}&#8221;]@ET-DC@eyJkeW5hbWljIjp0cnVlLCJjb250ZW50IjoicG9zdF90aXRsZSIsInNldHRpbmdzIjp7ImJlZm9yZSI6IiIsImFmdGVyIjoiIn19@[\/et_pb_text][et_pb_divider _builder_version=&#8221;4.7.4&#8243; _module_preset=&#8221;default&#8221; background_color=&#8221;#e52330&#8243; height=&#8221;5px&#8221; custom_margin=&#8221;0px||25px||false|false&#8221; custom_padding=&#8221;0px||0px||false|false&#8221; global_colors_info=&#8221;{}&#8221;][\/et_pb_divider][et_pb_image src=&#8221;https:\/\/nid.pl\/wp-content\/uploads\/2022\/11\/Baner-www-zrealizowane-w-ramach-KPOZ.png&#8221; _builder_version=&#8221;4.14.9&#8243; _module_preset=&#8221;default&#8221; title_text=&#8221;Baner-www-zrealizowane-w-ramach-KPOZ&#8221; align=&#8221;center&#8221; hover_enabled=&#8221;0&#8243; sticky_enabled=&#8221;0&#8243;][\/et_pb_image][et_pb_text _builder_version=&#8221;4.14.9&#8243; _module_preset=&#8221;default&#8221; hover_enabled=&#8221;0&#8243; global_colors_info=&#8221;{}&#8221; sticky_enabled=&#8221;0&#8243;]<\/p>\n<div>Narodowy Instytut Dziedzictwa pozyskuje, gromadzi i udost\u0119pnia dane cyfrowe dotycz\u0105ce rejestru zabytk\u00f3w i krajowej ewidencji zabytk\u00f3w.<\/div>\n<p>W przypadku <strong>rejestru zabytk\u00f3w<\/strong> jest to wynik realizacji przez NID zadania publicznego wykonywanego w imieniu Ministra Kultury i Dziedzictwa Narodowego, polegaj\u0105cego na budowie w NID w\u0119z\u0142a infrastruktury informacji przestrzennej dotycz\u0105cego obszar\u00f3w chronionych.<\/p>\n<p>Dyrektywa 2007\/2\/WE Parlamentu Europejskiego i Rady z dnia 14 marca 2007 r., zwana dyrektyw\u0105 INSPIRE, ma na celu konkretn\u0105 realizacj\u0119 idei INSPIRE, ustalaj\u0105c podstawowe rozwi\u0105zania prawne, zakres tematyczny, zasady funkcjonowania oraz program tworzenia ustanawianej przez t\u0119 dyrektyw\u0119 infrastruktury. Infrastruktura ta powstaje dzi\u0119ki dzia\u0142aniom Komisji Europejskiej (KE) oraz rz\u0105d\u00f3w Pa\u0144stw Cz\u0142onkowskich. Ka\u017cde z nich zobowi\u0105zane jest do zbudowania swojej krajowej infrastruktury informacji przestrzennej, stanowi\u0105cej cz\u0119\u015b\u0107 infrastruktury europejskiej, czyli INSPIRE (Infrastructure for Spatial Information in Europe).<\/p>\n<p>Ka\u017cde z pa\u0144stw cz\u0142onkowskich zosta\u0142o zobowi\u0105zane do transpozycji dyrektywy INSPIRE do swojego porz\u0105dku prawnego. W Polsce zobowi\u0105zanie to zosta\u0142o wype\u0142nione przez wej\u015bcie w \u017cycie w dniu 7 czerwca 2010 r. ustawy o infrastrukturze informacji przestrzennej.<\/p>\n<p>W wyniku prac w NID nad wdro\u017ceniem INSPIRE zosta\u0142 zdigitalizowany i udost\u0119pniony ca\u0142y rejestr zabytk\u00f3w nieruchomych, ruchomych i archeologicznych. Efekty prac Instytutu w zakresie zabytk\u00f3w nieruchomych i archeologicznych mo\u017cna odnale\u017a\u0107 na portalu mapowym NID (tzw. geoportalu), dost\u0119pnym pod adresem <a href=\"http:\/\/mapy.zabytek.gov.pl\" target=\"_blank\" rel=\"noopener noreferrer\" title=\"link zostanie otwarty w nowym oknie\">mapy.zabytek.gov.pl<\/a> , kt\u00f3ry dzia\u0142a od 2015 roku. Ka\u017cdy zabytek wpisany do rejestru ma tu swoj\u0105 reprezentacj\u0119 geometryczn\u0105 oraz jest opisany zestawem atrybut\u00f3w, wraz z powi\u0105zaniem ka\u017cdego zabytku z odpowiadaj\u0105c\u0105 mu dokumentacj\u0105 wydan\u0105 przez Wojew\u00f3dzkich Konserwator\u00f3w Zabytk\u00f3w. Zas\u00f3b jest pozyskiwany i gromadzony na bie\u017c\u0105co w bazie danych geoprzestrzennych GIS w miar\u0119 przesy\u0142ania przez konserwator\u00f3w kolejnych decyzji wpisuj\u0105cych zabytek do rejestru, a aktualizacja danych na geoportalu odbywa si\u0119 w cyklu p\u00f3\u0142rocznym. Portal posiada wiele ciekawych rozwi\u0105za\u0144, m.in. macierz kartograficzn\u0105 i dynamiczn\u0105 legend\u0119, mo\u017cna tu odnale\u017a\u0107 granice wpis\u00f3w do rejestru zabytk\u00f3w, u\u017cytkownicy mog\u0105 tworzy\u0107 w\u0142asne kompozycje mapowe (np. wy\u015bwietlanie zabytk\u00f3w na tle ortofotomapy, mapy topograficznej, numerycznego modelu terenu itp.), geoportal posiada tak\u017ce w\u0142asn\u0105 wyszukiwark\u0119 zabytk\u00f3w.<\/p>\n<p>Narodowy Instytut Dziedzictwa od 2017 r. rozpocz\u0105\u0142 te\u017c prace zmierzaj\u0105ce do digitalizacji zasobu <strong>Krajowej Ewidencji Zabytk\u00f3w<\/strong>. Centralna Baza Danych o Zabytkach zosta\u0142a rozbudowana o modu\u0142 obejmuj\u0105cy ewidencj\u0119 oraz zosta\u0142o odpowiednio rozbudowane cyfrowe repozytorium dokumentacji. NID pozyska\u0142 \u015brodki na ten cel z Programu Operacyjnego Polska Cyfrowa i od listopada 2019 r. prowadzony jest w Instytucie projekt digitalizacji ewidencji zabytk\u00f3w nieruchomych i archeologicznych oraz zas\u00f3b ewidencji grob\u00f3w i cmentarzy wojennych.<\/p>\n<p>Dane pozyskane w ramach projektu pod koniec 2021 r. zosta\u0142y opublikowane na portalu <a href=\"http:\/\/mapy.zabytek.gov.pl\">mapy.zabytek.gov.pl<\/a>, gdzie obok istniej\u0105cego dotychczas zasobu rejestru zabytk\u00f3w zosta\u0142 przygotowany modu\u0142 dedykowany krajowej ewidencji zabytk\u00f3w oraz modu\u0142 dedykowany dla zbioru grob\u00f3w i cmentarzy wojennych. Analogicznie do zasob\u00f3w rejestru zabytk\u00f3w ka\u017cdy zabytek uj\u0119ty w ewidencji zabytk\u00f3w ma tu swoj\u0105 reprezentacj\u0119 geometryczn\u0105 oraz jest opisany zestawem atrybut\u00f3w, wraz z powi\u0105zaniem ka\u017cdego zabytku z odpowiadaj\u0105c\u0105 mu dokumentacj\u0105 na zlecenie Wojew\u00f3dzkich Konserwator\u00f3w Zabytk\u00f3w.<\/p>\n<p>Efekty prac zwi\u0105zanych z digitalizacj\u0105 rejestru zabytk\u00f3w oraz krajowej ewidencji zabytk\u00f3w mo\u017cna tak\u017ce odnale\u017a\u0107 na innym portalu przygotowanym i zarz\u0105dzanym przez NID, czyli portalu <a href=\"http:\/\/zabytek.pl\" target=\"_blank\" rel=\"noopener noreferrer\">zabytek.pl<\/a>. Portal ten jest portalem popularyzuj\u0105cym polskie zabytki wpisane do rejestru zabytk\u00f3w, uj\u0119te w krajowej ewidencji zabytk\u00f3w, obiekty z listy \u015bwiatowego dziedzictwa UNESCO, obiekty z listy Pomnik\u00f3w Historii oraz obiekty znajduj\u0105ce si\u0119 w ewidencji grob\u00f3w i cmentarzy wojennych. Serwis Zabytek.pl w nowoczesny spos\u00f3b udost\u0119pnia informacje o polskich zabytkach wraz z ich opisami, dokumentacj\u0105, towarzysz\u0105cymi zdj\u0119ciami, atrakcyjnymi zasobami cyfrowymi (np. modelami 3D obiekt\u00f3w, chmurami punkt\u00f3w, panoramami 360\u00b0, filmami) oraz lokalizacj\u0105 obiekt\u00f3w. Portal zabytek.pl zintegrowany jest z geoportalem. Ka\u017cda informacja o lokalizacji obiektu oraz podstawowych cechach zabytku zosta\u0142a umieszczona na podstawie szczeg\u00f3\u0142owych informacji zawartych w bazie danych przestrzennych Instytutu. Dodatkowo na portalu Zabytek.pl dla obiekt\u00f3w z krajowej ewidencji zabytk\u00f3w oraz ewidencji grob\u00f3w i cmentarzy wojennych dost\u0119pna jest ca\u0142a dokumentacja tych ewidencji w postaci skan\u00f3w dokument\u00f3w.<\/p>\n<p>W ramach dzia\u0142a\u0144 dotycz\u0105cych digitalizacji zosta\u0142o tak\u017ce zbudowane <strong>centralne repozytorium danych decyzji administracyjnych<\/strong> (skany dokumentacji: rejestru i ewidencji zabytk\u00f3w, ewidencji grob\u00f3w i cmentarzy wojennych oraz pozwole\u0144 na wywozy zabytk\u00f3w ruchomych za granic\u0119), wdro\u017cone i zarz\u0105dzane przez NID, dost\u0119pne dla instytucji zajmuj\u0105cych si\u0119 szeroko rozumian\u0105 ochron\u0105 zabytk\u00f3w i opiek\u0105 nad zabytkami.<\/p>\n<p>[\/et_pb_text][et_pb_text _builder_version=&#8221;4.7.4&#8243; _module_preset=&#8221;default&#8221; custom_margin=&#8221;20px||||false|false&#8221; locked=&#8221;off&#8221; global_colors_info=&#8221;{}&#8221;]<\/p>\n<h4><strong>Podstawy prawne<\/strong><\/h4>\n<ul>\n<li><a target=\"_blank\" href=\"https:\/\/isap.sejm.gov.pl\/isap.nsf\/DocDetails.xsp?id=WDU20031621568\" rel=\"noopener noreferrer\"><em>Ustawa z dnia 23 lipca 2003 roku o ochronie zabytk\u00f3w i opiece nad zabytkami (Dz.U. 2003, Nr 162, poz. 1568 ze zmianami)<\/em><\/a><\/li>\n<li><a target=\"_blank\" href=\"http:\/\/isap.sejm.gov.pl\/isap.nsf\/DocDetails.xsp?id=WDU20111130661\" rel=\"noopener noreferrer\"><em>Rozporz\u0105dzenie Ministra Kultury i Dziedzictwa Narodowego z dnia 26 maja 2011 r. w sprawie prowadzenia rejestru zabytk\u00f3w, krajowej, wojew\u00f3dzkiej i gminnej ewidencji zabytk\u00f3w oraz krajowego wykazu zabytk\u00f3w skradzionych lub wywiezionych za granic\u0119 niezgodnie z prawem (Dz.U. 2011, nr 113, poz. 661)<\/em><\/a><\/li>\n<li><a href=\"http:\/\/isap.sejm.gov.pl\/isap.nsf\/DocDetails.xsp?id=WDU20100760489\" target=\"_blank\" rel=\"noopener noreferrer\">Ustawa z dnia 4 marca 2010 r. o Infrastrukturze Informacji Przestrzennej<\/a>\u00a0<\/li>\n<li><a href=\"https:\/\/eur-lex.europa.eu\/legal-content\/PL\/TXT\/PDF\/?uri=CELEX:32007L0002&amp;from=PL\" target=\"_blank\" rel=\"noopener noreferrer\">Dyrektywa 2007\/2\/WE Parlamentu Europejskiego i Rady<\/a>\u00a0<\/li>\n<\/ul>\n<p>[\/et_pb_text][\/et_pb_column][\/et_pb_row][\/et_pb_section][et_pb_section fb_built=&#8221;1&#8243; _builder_version=&#8221;4.7.4&#8243; _module_preset=&#8221;default&#8221; custom_margin=&#8221;43px||||false|false&#8221; custom_padding=&#8221;0px||0px||false|false&#8221; global_module=&#8221;353&#8243; saved_tabs=&#8221;all&#8221; global_colors_info=&#8221;{}&#8221;][et_pb_row column_structure=&#8221;1_3,1_3,1_3&#8243; use_custom_gutter=&#8221;on&#8221; gutter_width=&#8221;1&#8243; _builder_version=&#8221;4.7.4&#8243; _module_preset=&#8221;default&#8221; background_color=&#8221;rgba(0,0,0,0)&#8221; width=&#8221;100%&#8221; max_width=&#8221;2560px&#8221; custom_padding=&#8221;0px||0px||false|false&#8221; global_colors_info=&#8221;{}&#8221;][et_pb_column type=&#8221;1_3&#8243; _builder_version=&#8221;4.7.4&#8243; _module_preset=&#8221;default&#8221; background_color=&#8221;#e52330&#8243; global_colors_info=&#8221;{}&#8221;][et_pb_blurb title=&#8221;Subskrybuj newsletter NID&#8221; use_icon=&#8221;on&#8221; font_icon=&#8221;&#xe106;||divi||400&#8243; icon_placement=&#8221;left&#8221; image_icon_width=&#8221;50px&#8221; module_class=&#8221;bigButtonModules&#8221; _builder_version=&#8221;4.14.9&#8243; _module_preset=&#8221;default&#8221; header_level=&#8221;h3&#8243; header_font=&#8221;|700|||||||&#8221; header_text_color=&#8221;#ffffff&#8221; body_text_color=&#8221;#ffffff&#8221; background_color=&#8221;#E52330&#8243; custom_margin=&#8221;||||false|false&#8221; custom_padding=&#8221;25px|25px|25px|25px|false|false&#8221; animation=&#8221;off&#8221; link_option_url=&#8221;https:\/\/nid.pl\/newsletter&#8221; custom_css_blurb_image=&#8221;padding-right: 20px;||vertical-align: middle;&#8221; icon_font_size=&#8221;50px&#8221; global_colors_info=&#8221;{}&#8221;]<\/p>\n<p>Zapisz si\u0119 do naszego newslettera i otrzymuj naj\u015bwie\u017csze informacj\u0119 ze \u015bwiata kultury.<\/p>\n<p>[\/et_pb_blurb][\/et_pb_column][et_pb_column type=&#8221;1_3&#8243; _builder_version=&#8221;4.7.4&#8243; _module_preset=&#8221;default&#8221; background_color=&#8221;#e52330&#8243; global_colors_info=&#8221;{}&#8221;][et_pb_blurb title=&#8221;Ksi\u0119garnia NID&#8221; url_new_window=&#8221;on&#8221; use_icon=&#8221;on&#8221; font_icon=&#8221;&#xe022;||divi||400&#8243; icon_placement=&#8221;left&#8221; image_icon_width=&#8221;50px&#8221; module_class=&#8221;bigButtonModules&#8221; _builder_version=&#8221;4.13.0&#8243; _module_preset=&#8221;default&#8221; header_level=&#8221;h3&#8243; header_font=&#8221;|700|||||||&#8221; header_text_color=&#8221;#ffffff&#8221; body_text_color=&#8221;#ffffff&#8221; background_color=&#8221;#444444&#8243; custom_margin=&#8221;||||false|false&#8221; custom_padding=&#8221;25px|25px|25px|25px|false|false&#8221; animation=&#8221;off&#8221; link_option_url=&#8221;https:\/\/ksiegarnia.nid.pl\/&#8221; link_option_url_new_window=&#8221;on&#8221; custom_css_blurb_image=&#8221;padding-right: 20px;||vertical-align: middle;&#8221; icon_font_size=&#8221;50px&#8221; global_colors_info=&#8221;{}&#8221;]<\/p>\n<p>Sprawd\u017a nasze produkty w ksi\u0119garni. Zamawiaj bez wychodzenia z domu ju\u017c teraz!<\/p>\n<p>[\/et_pb_blurb][\/et_pb_column][et_pb_column type=&#8221;1_3&#8243; _builder_version=&#8221;4.7.4&#8243; _module_preset=&#8221;default&#8221; background_color=&#8221;#e52330&#8243; global_colors_info=&#8221;{}&#8221;][et_pb_blurb title=&#8221;Platforma szkoleniowa&#8221; url_new_window=&#8221;on&#8221; use_icon=&#8221;on&#8221; font_icon=&#8221;&#xe0e9;||divi||400&#8243; icon_placement=&#8221;left&#8221; image_icon_width=&#8221;50px&#8221; module_class=&#8221;bigButtonModules&#8221; _builder_version=&#8221;4.13.0&#8243; _module_preset=&#8221;default&#8221; header_level=&#8221;h3&#8243; header_font=&#8221;|700|||||||&#8221; header_text_color=&#8221;#ffffff&#8221; body_text_color=&#8221;#ffffff&#8221; background_color=&#8221;#6b6b6b&#8221; custom_margin=&#8221;||||false|false&#8221; custom_padding=&#8221;25px|25px|25px|25px|false|false&#8221; animation=&#8221;off&#8221; link_option_url=&#8221;https:\/\/szkolenianid.learncom.pl&#8221; link_option_url_new_window=&#8221;on&#8221; custom_css_blurb_image=&#8221;padding-right: 20px;||vertical-align: middle;&#8221; icon_font_size=&#8221;50px&#8221; global_colors_info=&#8221;{}&#8221;]<\/p>\n<p>Zapisz si\u0119 na nasz\u0105 platform\u0119 e-szkoleniow\u0105 i dowiedz si\u0119 jak zarz\u0105dza\u0107 dziedzictwem i wykorzysta\u0107 jego potencja\u0142.<\/p>\n<p>[\/et_pb_blurb][\/et_pb_column][\/et_pb_row][\/et_pb_section]<\/p>","protected":false},"excerpt":{"rendered":"<p>\u2190Powr\u00f3t Narodowy Instytut Dziedzictwa pozyskuje, gromadzi i udost\u0119pnia dane cyfrowe dotycz\u0105ce rejestru zabytk\u00f3w i krajowej ewidencji zabytk\u00f3w. W przypadku rejestru zabytk\u00f3w jest to wynik realizacji przez NID zadania publicznego wykonywanego [&hellip;]<\/p>","protected":false},"author":1,"featured_media":0,"parent":0,"menu_order":0,"comment_status":"closed","ping_status":"closed","template":"","meta":{"_et_pb_use_builder":"on","_et_pb_old_content":"","_et_gb_content_width":"","_monsterinsights_skip_tracking":false,"_monsterinsights_sitenote_active":false,"_monsterinsights_sitenote_note":"","_monsterinsights_sitenote_category":0,"footnotes":""},"class_list":["post-4572","page","type-page","status-publish","hentry"],"yoast_head":"<!-- This site is optimized with the Yoast SEO plugin v26.5 - https:\/\/yoast.com\/wordpress\/plugins\/seo\/ -->\n<title>System danych o zabytkach - NID<\/title>\n<meta name=\"robots\" content=\"index, follow, max-snippet:-1, max-image-preview:large, max-video-preview:-1\" \/>\n<link rel=\"canonical\" href=\"https:\/\/nid.pl\/en\/system-danych-o-zabytkach\/\" \/>\n<meta property=\"og:locale\" content=\"en_GB\" \/>\n<meta property=\"og:type\" content=\"article\" \/>\n<meta property=\"og:title\" content=\"System danych o zabytkach - NID\" \/>\n<meta property=\"og:description\" content=\"\u2190Powr\u00f3t Narodowy Instytut Dziedzictwa pozyskuje, gromadzi i udost\u0119pnia dane cyfrowe dotycz\u0105ce rejestru zabytk\u00f3w i krajowej ewidencji zabytk\u00f3w. W przypadku rejestru zabytk\u00f3w jest to wynik realizacji przez NID zadania publicznego wykonywanego [&hellip;]\" \/>\n<meta property=\"og:url\" content=\"https:\/\/nid.pl\/en\/system-danych-o-zabytkach\/\" \/>\n<meta property=\"og:site_name\" content=\"NID\" \/>\n<meta property=\"article:publisher\" content=\"https:\/\/www.facebook.com\/zabytek\" \/>\n<meta property=\"article:modified_time\" content=\"2022-11-25T14:30:18+00:00\" \/>\n<meta name=\"twitter:card\" content=\"summary_large_image\" \/>\n<meta name=\"twitter:site\" content=\"@NarIDpl\" \/>\n<meta name=\"twitter:label1\" content=\"Estimated reading time\" \/>\n\t<meta name=\"twitter:data1\" content=\"8 minutes\" \/>\n<script type=\"application\/ld+json\" class=\"yoast-schema-graph\">{\"@context\":\"https:\/\/schema.org\",\"@graph\":[{\"@type\":\"WebPage\",\"@id\":\"https:\/\/nid.pl\/system-danych-o-zabytkach\/\",\"url\":\"https:\/\/nid.pl\/system-danych-o-zabytkach\/\",\"name\":\"System danych o zabytkach - NID\",\"isPartOf\":{\"@id\":\"https:\/\/nid.pl\/#website\"},\"datePublished\":\"2021-12-21T15:54:14+00:00\",\"dateModified\":\"2022-11-25T14:30:18+00:00\",\"breadcrumb\":{\"@id\":\"https:\/\/nid.pl\/system-danych-o-zabytkach\/#breadcrumb\"},\"inLanguage\":\"en-GB\",\"potentialAction\":[{\"@type\":\"ReadAction\",\"target\":[\"https:\/\/nid.pl\/system-danych-o-zabytkach\/\"]}]},{\"@type\":\"BreadcrumbList\",\"@id\":\"https:\/\/nid.pl\/system-danych-o-zabytkach\/#breadcrumb\",\"itemListElement\":[{\"@type\":\"ListItem\",\"position\":1,\"name\":\"Home\",\"item\":\"https:\/\/nid.pl\/\"},{\"@type\":\"ListItem\",\"position\":2,\"name\":\"System danych o zabytkach\"}]},{\"@type\":\"WebSite\",\"@id\":\"https:\/\/nid.pl\/#website\",\"url\":\"https:\/\/nid.pl\/\",\"name\":\"NID\",\"description\":\"Narodowy Instytut Dziedzictwa\",\"publisher\":{\"@id\":\"https:\/\/nid.pl\/#organization\"},\"potentialAction\":[{\"@type\":\"SearchAction\",\"target\":{\"@type\":\"EntryPoint\",\"urlTemplate\":\"https:\/\/nid.pl\/?s={search_term_string}\"},\"query-input\":{\"@type\":\"PropertyValueSpecification\",\"valueRequired\":true,\"valueName\":\"search_term_string\"}}],\"inLanguage\":\"en-GB\"},{\"@type\":\"Organization\",\"@id\":\"https:\/\/nid.pl\/#organization\",\"name\":\"Narodowy Instytut Dziedzictwa\",\"url\":\"https:\/\/nid.pl\/\",\"logo\":{\"@type\":\"ImageObject\",\"inLanguage\":\"en-GB\",\"@id\":\"https:\/\/nid.pl\/#\/schema\/logo\/image\/\",\"url\":\"https:\/\/nid.pl\/wp-content\/uploads\/2022\/10\/logoRedDark.png\",\"contentUrl\":\"https:\/\/nid.pl\/wp-content\/uploads\/2022\/10\/logoRedDark.png\",\"width\":200,\"height\":197,\"caption\":\"Narodowy Instytut Dziedzictwa\"},\"image\":{\"@id\":\"https:\/\/nid.pl\/#\/schema\/logo\/image\/\"},\"sameAs\":[\"https:\/\/www.facebook.com\/zabytek\",\"https:\/\/x.com\/NarIDpl\",\"https:\/\/www.instagram.com\/nid.pl\/?hl=pl\",\"https:\/\/www.linkedin.com\/company\/narodowy-instytut-dziedzictwa\",\"https:\/\/www.youtube.com\/channel\/UCQXuhKa2uHtmNvLRUSx40JA\"]}]}<\/script>\n<!-- \/ Yoast SEO plugin. -->","yoast_head_json":{"title":"System danych o zabytkach - NID","robots":{"index":"index","follow":"follow","max-snippet":"max-snippet:-1","max-image-preview":"max-image-preview:large","max-video-preview":"max-video-preview:-1"},"canonical":"https:\/\/nid.pl\/en\/system-danych-o-zabytkach\/","og_locale":"en_GB","og_type":"article","og_title":"System danych o zabytkach - NID","og_description":"\u2190Powr\u00f3t Narodowy Instytut Dziedzictwa pozyskuje, gromadzi i udost\u0119pnia dane cyfrowe dotycz\u0105ce rejestru zabytk\u00f3w i krajowej ewidencji zabytk\u00f3w. W przypadku rejestru zabytk\u00f3w jest to wynik realizacji przez NID zadania publicznego wykonywanego [&hellip;]","og_url":"https:\/\/nid.pl\/en\/system-danych-o-zabytkach\/","og_site_name":"NID","article_publisher":"https:\/\/www.facebook.com\/zabytek","article_modified_time":"2022-11-25T14:30:18+00:00","twitter_card":"summary_large_image","twitter_site":"@NarIDpl","twitter_misc":{"Estimated reading time":"8 minutes"},"schema":{"@context":"https:\/\/schema.org","@graph":[{"@type":"WebPage","@id":"https:\/\/nid.pl\/system-danych-o-zabytkach\/","url":"https:\/\/nid.pl\/system-danych-o-zabytkach\/","name":"System danych o zabytkach - NID","isPartOf":{"@id":"https:\/\/nid.pl\/#website"},"datePublished":"2021-12-21T15:54:14+00:00","dateModified":"2022-11-25T14:30:18+00:00","breadcrumb":{"@id":"https:\/\/nid.pl\/system-danych-o-zabytkach\/#breadcrumb"},"inLanguage":"en-GB","potentialAction":[{"@type":"ReadAction","target":["https:\/\/nid.pl\/system-danych-o-zabytkach\/"]}]},{"@type":"BreadcrumbList","@id":"https:\/\/nid.pl\/system-danych-o-zabytkach\/#breadcrumb","itemListElement":[{"@type":"ListItem","position":1,"name":"Home","item":"https:\/\/nid.pl\/"},{"@type":"ListItem","position":2,"name":"System danych o zabytkach"}]},{"@type":"WebSite","@id":"https:\/\/nid.pl\/#website","url":"https:\/\/nid.pl\/","name":"NID","description":"Narodowy Instytut Dziedzictwa","publisher":{"@id":"https:\/\/nid.pl\/#organization"},"potentialAction":[{"@type":"SearchAction","target":{"@type":"EntryPoint","urlTemplate":"https:\/\/nid.pl\/?s={search_term_string}"},"query-input":{"@type":"PropertyValueSpecification","valueRequired":true,"valueName":"search_term_string"}}],"inLanguage":"en-GB"},{"@type":"Organization","@id":"https:\/\/nid.pl\/#organization","name":"Narodowy Instytut Dziedzictwa","url":"https:\/\/nid.pl\/","logo":{"@type":"ImageObject","inLanguage":"en-GB","@id":"https:\/\/nid.pl\/#\/schema\/logo\/image\/","url":"https:\/\/nid.pl\/wp-content\/uploads\/2022\/10\/logoRedDark.png","contentUrl":"https:\/\/nid.pl\/wp-content\/uploads\/2022\/10\/logoRedDark.png","width":200,"height":197,"caption":"Narodowy Instytut Dziedzictwa"},"image":{"@id":"https:\/\/nid.pl\/#\/schema\/logo\/image\/"},"sameAs":["https:\/\/www.facebook.com\/zabytek","https:\/\/x.com\/NarIDpl","https:\/\/www.instagram.com\/nid.pl\/?hl=pl","https:\/\/www.linkedin.com\/company\/narodowy-instytut-dziedzictwa","https:\/\/www.youtube.com\/channel\/UCQXuhKa2uHtmNvLRUSx40JA"]}]}},"_links":{"self":[{"href":"https:\/\/nid.pl\/en\/wp-json\/wp\/v2\/pages\/4572","targetHints":{"allow":["GET"]}}],"collection":[{"href":"https:\/\/nid.pl\/en\/wp-json\/wp\/v2\/pages"}],"about":[{"href":"https:\/\/nid.pl\/en\/wp-json\/wp\/v2\/types\/page"}],"author":[{"embeddable":true,"href":"https:\/\/nid.pl\/en\/wp-json\/wp\/v2\/users\/1"}],"replies":[{"embeddable":true,"href":"https:\/\/nid.pl\/en\/wp-json\/wp\/v2\/comments?post=4572"}],"version-history":[{"count":0,"href":"https:\/\/nid.pl\/en\/wp-json\/wp\/v2\/pages\/4572\/revisions"}],"wp:attachment":[{"href":"https:\/\/nid.pl\/en\/wp-json\/wp\/v2\/media?parent=4572"}],"curies":[{"name":"wp","href":"https:\/\/api.w.org\/{rel}","templated":true}]}}