{"id":2046,"date":"2021-08-20T15:47:45","date_gmt":"2021-08-20T13:47:45","guid":{"rendered":"https:\/\/nid.pl\/?page_id=2046"},"modified":"2026-02-10T15:30:03","modified_gmt":"2026-02-10T14:30:03","slug":"katalogi","status":"publish","type":"page","link":"https:\/\/nid.pl\/en\/zasoby\/biblioteka\/katalogi\/","title":{"rendered":"Katalogi"},"content":{"rendered":"<p>[et_pb_section fb_built=&#8221;1&#8243; _builder_version=&#8221;4.16&#8243; _module_preset=&#8221;default&#8221; custom_padding=&#8221;0px||0px|||&#8221; global_colors_info=&#8221;{}&#8221;][et_pb_row _builder_version=&#8221;4.16&#8243; _module_preset=&#8221;default&#8221; background_image=&#8221;https:\/\/nid.pl\/wp-content\/uploads\/2021\/11\/biblioteka1900x560.jpg&#8221; width=&#8221;100%&#8221; max_width=&#8221;100%&#8221; height=&#8221;400px&#8221; custom_margin=&#8221;|auto||auto|false|false&#8221; custom_padding=&#8221;0px||0px|||&#8221; global_colors_info=&#8221;{}&#8221;][et_pb_column type=&#8221;4_4&#8243; _builder_version=&#8221;4.16&#8243; _module_preset=&#8221;default&#8221; global_colors_info=&#8221;{}&#8221;][\/et_pb_column][\/et_pb_row][\/et_pb_section][et_pb_section fb_built=&#8221;1&#8243; _builder_version=&#8221;4.16&#8243; _module_preset=&#8221;default&#8221; custom_padding=&#8221;0px|0px|0px|0px|false|false&#8221; global_colors_info=&#8221;{}&#8221;][et_pb_row _builder_version=&#8221;4.16&#8243; _module_preset=&#8221;default&#8221; width=&#8221;100%&#8221; max_width=&#8221;100%&#8221; custom_padding=&#8221;50px|50px|50px|50px|false|false&#8221; global_colors_info=&#8221;{}&#8221;][et_pb_column type=&#8221;4_4&#8243; _builder_version=&#8221;4.16&#8243; _module_preset=&#8221;default&#8221; global_colors_info=&#8221;{}&#8221;][et_pb_text module_id=&#8221;backButtonBox&#8221; _builder_version=&#8221;4.7.4&#8243; _module_preset=&#8221;default&#8221; custom_margin=&#8221;0px|0px|0px|0px|false|false&#8221; custom_padding=&#8221;0px|0px|0px|0px|false|false&#8221; global_module=&#8221;2594&#8243; locked=&#8221;off&#8221; global_colors_info=&#8221;{}&#8221;]<\/p>\n<div class=\"backButton\" onclick=\"javascript:window.history.back();\"><span>\u2190<\/span>Powr\u00f3t<\/div>\n<p>[\/et_pb_text][et_pb_text _builder_version=&#8221;4.16&#8243; _dynamic_attributes=&#8221;content&#8221; _module_preset=&#8221;default&#8221; text_font_size=&#8221;26px&#8221; custom_margin=&#8221;||25px||false|false&#8221; custom_padding=&#8221;||||false|false&#8221; global_colors_info=&#8221;{}&#8221;]@ET-DC@eyJkeW5hbWljIjp0cnVlLCJjb250ZW50IjoicG9zdF90aXRsZSIsInNldHRpbmdzIjp7ImJlZm9yZSI6IiIsImFmdGVyIjoiIn19@[\/et_pb_text][et_pb_divider _builder_version=&#8221;4.16&#8243; _module_preset=&#8221;default&#8221; background_color=&#8221;#E52330&#8243; height=&#8221;5px&#8221; custom_margin=&#8221;0px||25px||false|false&#8221; custom_padding=&#8221;0px||0px||false|false&#8221; global_colors_info=&#8221;{}&#8221;][\/et_pb_divider][et_pb_accordion open_toggle_text_color=&#8221;#E52330&#8243; open_toggle_background_color=&#8221;#ffffff&#8221; closed_toggle_text_color=&#8221;#E52330&#8243; icon_color=&#8221;#ffffff&#8221; _builder_version=&#8221;4.27.5&#8243; _module_preset=&#8221;default&#8221; toggle_text_color=&#8221;#E52330&#8243; toggle_level=&#8221;h6&#8243; toggle_font=&#8221;|700|||||||&#8221; text_orientation=&#8221;left&#8221; hover_enabled=&#8221;0&#8243; global_colors_info=&#8221;{}&#8221; sticky_enabled=&#8221;0&#8243;][et_pb_accordion_item title=&#8221;Katalog online&#8221; open=&#8221;on&#8221; open_toggle_text_color=&#8221;#E52330&#8243; closed_toggle_text_color=&#8221;#E52330&#8243; _builder_version=&#8221;4.27.5&#8243; _module_preset=&#8221;default&#8221; link_option_url=&#8221;http:\/\/biblioteka.nid.pl\/cgi-bin\/wspd_cgi.sh\/wo2_search.p?R=1&#038;IDBibl=166&#038;ID1=EKHKILNLNMKEGLO&#038;ln=pl&#8221; link_option_url_new_window=&#8221;on&#8221; hover_enabled=&#8221;0&#8243; global_colors_info=&#8221;{}&#8221; sticky_enabled=&#8221;0&#8243;]<\/p>\n<p><strong>Katalog online<\/strong> zawiera opisy bibliograficzne ksi\u0105\u017cek, czasopism wraz z zasobem, artyku\u0142\u00f3w z czasopism i ksi\u0105\u017cek, dokument\u00f3w elektronicznych, kt\u00f3re wp\u0142yn\u0119\u0142y do biblioteki po 1992 roku oraz wybranych publikacji wydanych wcze\u015bniej. Wcze\u015bniejszych publikacji nale\u017cy szuka\u0107 w dost\u0119pnych poni\u017cej zdigitalizowanych katalogach kartkowych ksi\u0105\u017cek i artyku\u0142\u00f3w z czasopism.<\/p>\n<p><strong>Katalog online:\u00a0<a href=\"https:\/\/biblioteka.nid.pl\/catalog\" target=\"_blank\" rel=\"noopener noreferrer\" title=\"Link zostanie otwarty w nowym oknie\">biblioteka.nid.pl<\/a><\/strong><\/p>\n<p>&nbsp;<\/p>\n<p><a href=\"https:\/\/nid.pl\/wp-content\/uploads\/2026\/02\/Instrukcja-korzystania-z-katalogu-online.pdf\" class=\"attachment\" rel=\"attachment noopener noreferrer wp-att-919\" target=\"_blank\" title=\"Link zostanie otwarty w nowym oknie\">Instrukcja korzystania z katalogu online (PDF)<\/a><\/p>\n<p>[\/et_pb_accordion_item][et_pb_accordion_item title=&#8221;Katalog kartkowy&#8221; open_toggle_text_color=&#8221;#E52330&#8243; _builder_version=&#8221;4.16&#8243; _module_preset=&#8221;default&#8221; link_option_url=&#8221;http:\/\/katalogi.nid.pl\/katalogkart\/&#8221; link_option_url_new_window=&#8221;on&#8221; global_colors_info=&#8221;{}&#8221; toggle_text_color=&#8221;#E52330&#8243; open=&#8221;off&#8221;]<\/p>\n<p><strong>Katalog kartkowy ksi\u0105\u017cek<\/strong><span>\u00a0<\/span>zawiera opisy bibliograficzne publikacji zgromadzonych w latach 1962-1992. Umo\u017cliwia wyszukiwanie wed\u0142ug nazwisk autor\u00f3w, w przypadku prac zbiorowych \u2013 wed\u0142ug tytu\u0142\u00f3w publikacji, a tak\u017ce wed\u0142ug tytu\u0142\u00f3w serii.<\/p>\n<p><strong>Katalog kartkowy artyku\u0142\u00f3w<\/strong><span>\u00a0<\/span>uwzgl\u0119dnia zawarto\u015b\u0107 czasopism zgromadzonych w latach 1962-1992. Umo\u017cliwia wyszukiwanie wed\u0142ug nazwisk autor\u00f3w, a w przypadku prac zbiorowych \u2013 wed\u0142ug tytu\u0142\u00f3w opracowa\u0144.<\/p>\n<p><strong>Bibliografia Konserwatorska<\/strong><span>\u00a0<\/span>ma form\u0119 tradycyjnego katalogu kartkowego zawieraj\u0105cego ponad 40 tysi\u0119cy fiszek. Odsy\u0142a on do zawarto\u015bci czasopism i ksi\u0105\u017cek z kt\u00f3rych wi\u0119kszo\u015b\u0107 znajduje si\u0119 w Bibliotece NID. Wyszukiwanie odbywa si\u0119 za pomoc\u0105 klucza geograficznego \u2013 pod nazw\u0105 miejscowo\u015bci znajduj\u0105 si\u0119 wskaz\u00f3wki bibliograficzne do konkretnych publikacji, ze wskazaniem obiektu lub tematu. Katalog obejmuje bardzo r\u00f3\u017cne kategorie informacji m.in. od wzmianek historycznych poprzez sprawozdania z konserwacji po wskaz\u00f3wki dotycz\u0105ce ikonografii. Szczeg\u00f3lnie cenne s\u0105 odniesienia do XIX-wiecznych polskich czasopism i wydawnictw niemieckoj\u0119zycznych. Ponadto zawiera r\u00f3wnie\u017c odsy\u0142acze dotycz\u0105ce miejscowo\u015bci, kt\u00f3re po II wojnie \u015bwiatowej znalaz\u0142y si\u0119 poza wschodni\u0105 granic\u0105 Polski. S\u0105 to tre\u015bci potencjalnie cenne dla konserwator\u00f3w zabytk\u00f3w, historyk\u00f3w sztuki, regionalist\u00f3w i badaczy zajmuj\u0105cych si\u0119 dziedzictwem.<\/p>\n<p>G\u0142\u00f3wn\u0105 autork\u0105 katalogu by\u0142a pani Maria \u0141otysz. Rozpisywa\u0142a ona zawarto\u015b\u0107 specjalistycznej biblioteki \u00f3wczesnego O\u015brodka Dokumentacji Zabytk\u00f3w. Zacz\u0119\u0142a od pozycji najstarszych, czyli z po\u0142owy XIX wieku a zako\u0144czy\u0142a na tych wydanych pod koniec lat 60-tych XX wieku.<\/p>\n<p><strong>Katalog kartkowy:\u00a0<a href=\"http:\/\/katalogi.nid.pl\/katalogkart\/\" target=\"_blank\" rel=\"noopener noreferrer\">katalogi.nid.pl\/katalogkart\/<\/a><\/strong><\/p>\n<p><a href=\"https:\/\/nid.pl\/wp-content\/uploads\/2021\/07\/INFORMACJE-O-KATALOGU.pdf\" class=\"attachment\" rel=\"attachment wp-att-919 noopener noreferrer\" target=\"_blank\">Informacje o katalogu<\/a><\/p>\n<p>[\/et_pb_accordion_item][\/et_pb_accordion][\/et_pb_column][\/et_pb_row][\/et_pb_section][et_pb_section fb_built=&#8221;1&#8243; _builder_version=&#8221;4.7.4&#8243; _module_preset=&#8221;default&#8221; custom_margin=&#8221;43px||||false|false&#8221; custom_padding=&#8221;0px||0px||false|false&#8221; global_module=&#8221;353&#8243; saved_tabs=&#8221;all&#8221; global_colors_info=&#8221;{}&#8221;][et_pb_row column_structure=&#8221;1_3,1_3,1_3&#8243; use_custom_gutter=&#8221;on&#8221; gutter_width=&#8221;1&#8243; _builder_version=&#8221;4.16&#8243; _module_preset=&#8221;default&#8221; background_color=&#8221;rgba(0,0,0,0)&#8221; width=&#8221;100%&#8221; max_width=&#8221;2560px&#8221; custom_padding=&#8221;0px||0px||false|false&#8221; global_colors_info=&#8221;{}&#8221;][et_pb_column type=&#8221;1_3&#8243; _builder_version=&#8221;4.16&#8243; _module_preset=&#8221;default&#8221; background_color=&#8221;#e52330&#8243; global_colors_info=&#8221;{}&#8221;][et_pb_blurb title=&#8221;Logotypy NID&#8221; url_new_window=&#8221;on&#8221; use_icon=&#8221;on&#8221; font_icon=&#8221;&#xe004;||divi||400&#8243; icon_placement=&#8221;left&#8221; image_icon_width=&#8221;50px&#8221; module_class=&#8221;bigButtonModules&#8221; _builder_version=&#8221;4.27.2&#8243; _module_preset=&#8221;default&#8221; header_level=&#8221;h3&#8243; header_font=&#8221;|700|||||||&#8221; header_text_color=&#8221;#ffffff&#8221; body_text_color=&#8221;#ffffff&#8221; background_color=&#8221;#E52330&#8243; custom_margin=&#8221;||||false|false&#8221; custom_padding=&#8221;25px|25px|25px|25px|false|false&#8221; animation=&#8221;off&#8221; link_option_url=&#8221;https:\/\/nid.pl\/logotypy\/&#8221; link_option_url_new_window=&#8221;on&#8221; custom_css_blurb_image=&#8221;padding-right: 20px;||vertical-align: middle;&#8221; icon_font_size=&#8221;50px&#8221; global_colors_info=&#8221;{}&#8221;]<\/p>\n<p>Pobierz znaki promocyjne <br \/>Narodowego Instytutu Dziedzictwa<\/p>\n<p>[\/et_pb_blurb][\/et_pb_column][et_pb_column type=&#8221;1_3&#8243; _builder_version=&#8221;4.16&#8243; _module_preset=&#8221;default&#8221; background_color=&#8221;#e52330&#8243; global_colors_info=&#8221;{}&#8221;][et_pb_code _builder_version=&#8221;4.23.2&#8243; _module_preset=&#8221;default&#8221; global_colors_info=&#8221;{}&#8221;][\/et_pb_code][et_pb_blurb title=&#8221;Ksi\u0119garnia NID&#8221; url_new_window=&#8221;on&#8221; use_icon=&#8221;on&#8221; font_icon=&#8221;&#xe022;||divi||400&#8243; icon_placement=&#8221;left&#8221; image_icon_width=&#8221;50px&#8221; module_class=&#8221;bigButtonModules&#8221; _builder_version=&#8221;4.16&#8243; _module_preset=&#8221;default&#8221; header_level=&#8221;h3&#8243; header_font=&#8221;|700|||||||&#8221; header_text_color=&#8221;#ffffff&#8221; body_text_color=&#8221;#ffffff&#8221; background_color=&#8221;#444444&#8243; custom_margin=&#8221;||||false|false&#8221; custom_padding=&#8221;25px|25px|25px|25px|false|false&#8221; animation=&#8221;off&#8221; link_option_url=&#8221;https:\/\/ksiegarnia.nid.pl\/&#8221; link_option_url_new_window=&#8221;on&#8221; custom_css_blurb_image=&#8221;padding-right: 20px;||vertical-align: middle;&#8221; icon_font_size=&#8221;50px&#8221; global_colors_info=&#8221;{}&#8221;]<\/p>\n<p>Sprawd\u017a nasze produkty w ksi\u0119garni. Zamawiaj bez wychodzenia z domu ju\u017c teraz!<\/p>\n<p>[\/et_pb_blurb][\/et_pb_column][et_pb_column type=&#8221;1_3&#8243; _builder_version=&#8221;4.16&#8243; _module_preset=&#8221;default&#8221; background_color=&#8221;#e52330&#8243; global_colors_info=&#8221;{}&#8221;][et_pb_blurb title=&#8221;Zabytek.pl&#8221; url_new_window=&#8221;on&#8221; image=&#8221;https:\/\/nid.pl\/wp-content\/uploads\/2025\/12\/zabytek.pl_favicona_sm.png&#8221; icon_placement=&#8221;left&#8221; image_icon_width=&#8221;50px&#8221; module_class=&#8221;bigButtonModules&#8221; _builder_version=&#8221;4.27.5&#8243; _module_preset=&#8221;default&#8221; header_level=&#8221;h3&#8243; header_font=&#8221;|700|||||||&#8221; header_text_color=&#8221;#ffffff&#8221; body_text_color=&#8221;#ffffff&#8221; background_color=&#8221;#6b6b6b&#8221; custom_margin=&#8221;||||false|false&#8221; custom_padding=&#8221;25px|25px|25px|25px|false|false&#8221; animation=&#8221;off&#8221; link_option_url=&#8221;https:\/\/zabytek.pl\/pl&#8221; link_option_url_new_window=&#8221;on&#8221; custom_css_blurb_image=&#8221;padding-right: 20px;||vertical-align: middle;&#8221; icon_font_size=&#8221;50px&#8221; global_colors_info=&#8221;{}&#8221;]<\/p>\n<p>Serwis Narodowego Instytutu Dziedzictwa, kt\u00f3ry w nowoczesny i kompleksowy spos\u00f3b udost\u0119pnia informacje o polskich zabytkach!<\/p>\n<p>[\/et_pb_blurb][\/et_pb_column][\/et_pb_row][\/et_pb_section]<\/p>","protected":false},"excerpt":{"rendered":"<p>\u2190Powr\u00f3t Katalog online zawiera opisy bibliograficzne ksi\u0105\u017cek, czasopism wraz z zasobem, artyku\u0142\u00f3w z czasopism i ksi\u0105\u017cek, dokument\u00f3w elektronicznych, kt\u00f3re wp\u0142yn\u0119\u0142y do biblioteki po 1992 roku oraz wybranych publikacji wydanych wcze\u015bniej. [&hellip;]<\/p>","protected":false},"author":1,"featured_media":0,"parent":1476,"menu_order":0,"comment_status":"closed","ping_status":"closed","template":"","meta":{"_et_pb_use_builder":"on","_et_pb_old_content":"","_et_gb_content_width":"","_monsterinsights_skip_tracking":false,"_monsterinsights_sitenote_active":false,"_monsterinsights_sitenote_note":"","_monsterinsights_sitenote_category":0,"footnotes":""},"class_list":["post-2046","page","type-page","status-publish","hentry"],"yoast_head":"<!-- This site is optimized with the Yoast SEO plugin v26.5 - https:\/\/yoast.com\/wordpress\/plugins\/seo\/ -->\n<title>Katalogi - NID<\/title>\n<meta name=\"robots\" content=\"index, follow, max-snippet:-1, max-image-preview:large, max-video-preview:-1\" \/>\n<link rel=\"canonical\" href=\"https:\/\/nid.pl\/en\/zasoby\/biblioteka\/katalogi\/\" \/>\n<meta property=\"og:locale\" content=\"en_GB\" \/>\n<meta property=\"og:type\" content=\"article\" \/>\n<meta property=\"og:title\" content=\"Katalogi - NID\" \/>\n<meta property=\"og:description\" content=\"\u2190Powr\u00f3t Katalog online zawiera opisy bibliograficzne ksi\u0105\u017cek, czasopism wraz z zasobem, artyku\u0142\u00f3w z czasopism i ksi\u0105\u017cek, dokument\u00f3w elektronicznych, kt\u00f3re wp\u0142yn\u0119\u0142y do biblioteki po 1992 roku oraz wybranych publikacji wydanych wcze\u015bniej. [&hellip;]\" \/>\n<meta property=\"og:url\" content=\"https:\/\/nid.pl\/en\/zasoby\/biblioteka\/katalogi\/\" \/>\n<meta property=\"og:site_name\" content=\"NID\" \/>\n<meta property=\"article:publisher\" content=\"https:\/\/www.facebook.com\/zabytek\" \/>\n<meta property=\"article:modified_time\" content=\"2026-02-10T14:30:03+00:00\" \/>\n<meta name=\"twitter:card\" content=\"summary_large_image\" \/>\n<meta name=\"twitter:site\" content=\"@NarIDpl\" \/>\n<meta name=\"twitter:label1\" content=\"Estimated reading time\" \/>\n\t<meta name=\"twitter:data1\" content=\"6 minutes\" \/>\n<script type=\"application\/ld+json\" class=\"yoast-schema-graph\">{\"@context\":\"https:\/\/schema.org\",\"@graph\":[{\"@type\":\"WebPage\",\"@id\":\"https:\/\/nid.pl\/zasoby\/biblioteka\/katalogi\/\",\"url\":\"https:\/\/nid.pl\/zasoby\/biblioteka\/katalogi\/\",\"name\":\"Katalogi - NID\",\"isPartOf\":{\"@id\":\"https:\/\/nid.pl\/#website\"},\"datePublished\":\"2021-08-20T13:47:45+00:00\",\"dateModified\":\"2026-02-10T14:30:03+00:00\",\"breadcrumb\":{\"@id\":\"https:\/\/nid.pl\/zasoby\/biblioteka\/katalogi\/#breadcrumb\"},\"inLanguage\":\"en-GB\",\"potentialAction\":[{\"@type\":\"ReadAction\",\"target\":[\"https:\/\/nid.pl\/zasoby\/biblioteka\/katalogi\/\"]}]},{\"@type\":\"BreadcrumbList\",\"@id\":\"https:\/\/nid.pl\/zasoby\/biblioteka\/katalogi\/#breadcrumb\",\"itemListElement\":[{\"@type\":\"ListItem\",\"position\":1,\"name\":\"Home\",\"item\":\"https:\/\/nid.pl\/\"},{\"@type\":\"ListItem\",\"position\":2,\"name\":\"Zasoby\",\"item\":\"https:\/\/nid.pl\/zasoby\/\"},{\"@type\":\"ListItem\",\"position\":3,\"name\":\"Biblioteka\",\"item\":\"https:\/\/nid.pl\/zasoby\/biblioteka\/\"},{\"@type\":\"ListItem\",\"position\":4,\"name\":\"Katalogi\"}]},{\"@type\":\"WebSite\",\"@id\":\"https:\/\/nid.pl\/#website\",\"url\":\"https:\/\/nid.pl\/\",\"name\":\"NID\",\"description\":\"Narodowy Instytut Dziedzictwa\",\"publisher\":{\"@id\":\"https:\/\/nid.pl\/#organization\"},\"potentialAction\":[{\"@type\":\"SearchAction\",\"target\":{\"@type\":\"EntryPoint\",\"urlTemplate\":\"https:\/\/nid.pl\/?s={search_term_string}\"},\"query-input\":{\"@type\":\"PropertyValueSpecification\",\"valueRequired\":true,\"valueName\":\"search_term_string\"}}],\"inLanguage\":\"en-GB\"},{\"@type\":\"Organization\",\"@id\":\"https:\/\/nid.pl\/#organization\",\"name\":\"Narodowy Instytut Dziedzictwa\",\"url\":\"https:\/\/nid.pl\/\",\"logo\":{\"@type\":\"ImageObject\",\"inLanguage\":\"en-GB\",\"@id\":\"https:\/\/nid.pl\/#\/schema\/logo\/image\/\",\"url\":\"https:\/\/nid.pl\/wp-content\/uploads\/2022\/10\/logoRedDark.png\",\"contentUrl\":\"https:\/\/nid.pl\/wp-content\/uploads\/2022\/10\/logoRedDark.png\",\"width\":200,\"height\":197,\"caption\":\"Narodowy Instytut Dziedzictwa\"},\"image\":{\"@id\":\"https:\/\/nid.pl\/#\/schema\/logo\/image\/\"},\"sameAs\":[\"https:\/\/www.facebook.com\/zabytek\",\"https:\/\/x.com\/NarIDpl\",\"https:\/\/www.instagram.com\/nid.pl\/?hl=pl\",\"https:\/\/www.linkedin.com\/company\/narodowy-instytut-dziedzictwa\",\"https:\/\/www.youtube.com\/channel\/UCQXuhKa2uHtmNvLRUSx40JA\"]}]}<\/script>\n<!-- \/ Yoast SEO plugin. -->","yoast_head_json":{"title":"Katalogi - NID","robots":{"index":"index","follow":"follow","max-snippet":"max-snippet:-1","max-image-preview":"max-image-preview:large","max-video-preview":"max-video-preview:-1"},"canonical":"https:\/\/nid.pl\/en\/zasoby\/biblioteka\/katalogi\/","og_locale":"en_GB","og_type":"article","og_title":"Katalogi - NID","og_description":"\u2190Powr\u00f3t Katalog online zawiera opisy bibliograficzne ksi\u0105\u017cek, czasopism wraz z zasobem, artyku\u0142\u00f3w z czasopism i ksi\u0105\u017cek, dokument\u00f3w elektronicznych, kt\u00f3re wp\u0142yn\u0119\u0142y do biblioteki po 1992 roku oraz wybranych publikacji wydanych wcze\u015bniej. [&hellip;]","og_url":"https:\/\/nid.pl\/en\/zasoby\/biblioteka\/katalogi\/","og_site_name":"NID","article_publisher":"https:\/\/www.facebook.com\/zabytek","article_modified_time":"2026-02-10T14:30:03+00:00","twitter_card":"summary_large_image","twitter_site":"@NarIDpl","twitter_misc":{"Estimated reading time":"6 minutes"},"schema":{"@context":"https:\/\/schema.org","@graph":[{"@type":"WebPage","@id":"https:\/\/nid.pl\/zasoby\/biblioteka\/katalogi\/","url":"https:\/\/nid.pl\/zasoby\/biblioteka\/katalogi\/","name":"Katalogi - NID","isPartOf":{"@id":"https:\/\/nid.pl\/#website"},"datePublished":"2021-08-20T13:47:45+00:00","dateModified":"2026-02-10T14:30:03+00:00","breadcrumb":{"@id":"https:\/\/nid.pl\/zasoby\/biblioteka\/katalogi\/#breadcrumb"},"inLanguage":"en-GB","potentialAction":[{"@type":"ReadAction","target":["https:\/\/nid.pl\/zasoby\/biblioteka\/katalogi\/"]}]},{"@type":"BreadcrumbList","@id":"https:\/\/nid.pl\/zasoby\/biblioteka\/katalogi\/#breadcrumb","itemListElement":[{"@type":"ListItem","position":1,"name":"Home","item":"https:\/\/nid.pl\/"},{"@type":"ListItem","position":2,"name":"Zasoby","item":"https:\/\/nid.pl\/zasoby\/"},{"@type":"ListItem","position":3,"name":"Biblioteka","item":"https:\/\/nid.pl\/zasoby\/biblioteka\/"},{"@type":"ListItem","position":4,"name":"Katalogi"}]},{"@type":"WebSite","@id":"https:\/\/nid.pl\/#website","url":"https:\/\/nid.pl\/","name":"NID","description":"Narodowy Instytut Dziedzictwa","publisher":{"@id":"https:\/\/nid.pl\/#organization"},"potentialAction":[{"@type":"SearchAction","target":{"@type":"EntryPoint","urlTemplate":"https:\/\/nid.pl\/?s={search_term_string}"},"query-input":{"@type":"PropertyValueSpecification","valueRequired":true,"valueName":"search_term_string"}}],"inLanguage":"en-GB"},{"@type":"Organization","@id":"https:\/\/nid.pl\/#organization","name":"Narodowy Instytut Dziedzictwa","url":"https:\/\/nid.pl\/","logo":{"@type":"ImageObject","inLanguage":"en-GB","@id":"https:\/\/nid.pl\/#\/schema\/logo\/image\/","url":"https:\/\/nid.pl\/wp-content\/uploads\/2022\/10\/logoRedDark.png","contentUrl":"https:\/\/nid.pl\/wp-content\/uploads\/2022\/10\/logoRedDark.png","width":200,"height":197,"caption":"Narodowy Instytut Dziedzictwa"},"image":{"@id":"https:\/\/nid.pl\/#\/schema\/logo\/image\/"},"sameAs":["https:\/\/www.facebook.com\/zabytek","https:\/\/x.com\/NarIDpl","https:\/\/www.instagram.com\/nid.pl\/?hl=pl","https:\/\/www.linkedin.com\/company\/narodowy-instytut-dziedzictwa","https:\/\/www.youtube.com\/channel\/UCQXuhKa2uHtmNvLRUSx40JA"]}]}},"_links":{"self":[{"href":"https:\/\/nid.pl\/en\/wp-json\/wp\/v2\/pages\/2046","targetHints":{"allow":["GET"]}}],"collection":[{"href":"https:\/\/nid.pl\/en\/wp-json\/wp\/v2\/pages"}],"about":[{"href":"https:\/\/nid.pl\/en\/wp-json\/wp\/v2\/types\/page"}],"author":[{"embeddable":true,"href":"https:\/\/nid.pl\/en\/wp-json\/wp\/v2\/users\/1"}],"replies":[{"embeddable":true,"href":"https:\/\/nid.pl\/en\/wp-json\/wp\/v2\/comments?post=2046"}],"version-history":[{"count":1,"href":"https:\/\/nid.pl\/en\/wp-json\/wp\/v2\/pages\/2046\/revisions"}],"predecessor-version":[{"id":32204,"href":"https:\/\/nid.pl\/en\/wp-json\/wp\/v2\/pages\/2046\/revisions\/32204"}],"up":[{"embeddable":true,"href":"https:\/\/nid.pl\/en\/wp-json\/wp\/v2\/pages\/1476"}],"wp:attachment":[{"href":"https:\/\/nid.pl\/en\/wp-json\/wp\/v2\/media?parent=2046"}],"curies":[{"name":"wp","href":"https:\/\/api.w.org\/{rel}","templated":true}]}}