{"id":2017,"date":"2021-08-20T15:25:50","date_gmt":"2021-08-20T13:25:50","guid":{"rendered":"https:\/\/nid.pl\/?page_id=2017"},"modified":"2021-12-24T12:52:37","modified_gmt":"2021-12-24T11:52:37","slug":"rejestr-zabytkow","status":"publish","type":"page","link":"https:\/\/nid.pl\/en\/rejestr-zabytkow\/","title":{"rendered":"Rejestr zabytk\u00f3w"},"content":{"rendered":"<p>[et_pb_section fb_built=&#8221;1&#8243; _builder_version=&#8221;4.7.4&#8243; _module_preset=&#8221;default&#8221; custom_padding=&#8221;0px||0px|||&#8221;][et_pb_row _builder_version=&#8221;4.7.4&#8243; _module_preset=&#8221;default&#8221; background_image=&#8221;https:\/\/nid.pl\/wp-content\/uploads\/2021\/08\/Dzialalnosc-Gromadzenie-danych-o-zabytkach.jpg&#8221; width=&#8221;100%&#8221; max_width=&#8221;100%&#8221; height=&#8221;400px&#8221; custom_margin=&#8221;|auto||auto|false|false&#8221; custom_padding=&#8221;0px||0px|||&#8221;][et_pb_column type=&#8221;4_4&#8243; _builder_version=&#8221;4.7.4&#8243; _module_preset=&#8221;default&#8221;][\/et_pb_column][\/et_pb_row][\/et_pb_section][et_pb_section fb_built=&#8221;1&#8243; _builder_version=&#8221;4.7.4&#8243; _module_preset=&#8221;default&#8221; custom_padding=&#8221;0px|0px|0px|0px|false|false&#8221;][et_pb_row _builder_version=&#8221;4.7.4&#8243; _module_preset=&#8221;default&#8221; width=&#8221;100%&#8221; max_width=&#8221;100%&#8221; custom_padding=&#8221;50px|50px|50px|50px|false|false&#8221;][et_pb_column type=&#8221;4_4&#8243; _builder_version=&#8221;4.7.4&#8243; _module_preset=&#8221;default&#8221;][et_pb_text module_id=&#8221;backButtonBox&#8221; _builder_version=&#8221;4.7.4&#8243; _module_preset=&#8221;default&#8221; custom_margin=&#8221;0px|0px|0px|0px|false|false&#8221; custom_padding=&#8221;0px|0px|0px|0px|false|false&#8221; global_module=&#8221;2594&#8243; locked=&#8221;off&#8221; saved_tabs=&#8221;all&#8221;]<\/p>\n<div class=\"backButton\" onclick=\"javascript:window.history.back();\"><span>\u2190<\/span>Powr\u00f3t<\/div>\n<p>[\/et_pb_text][et_pb_text _builder_version=&#8221;4.7.4&#8243; _dynamic_attributes=&#8221;content&#8221; _module_preset=&#8221;default&#8221; text_font_size=&#8221;26px&#8221; custom_margin=&#8221;||25px||false|false&#8221; custom_padding=&#8221;||||false|false&#8221;]@ET-DC@eyJkeW5hbWljIjp0cnVlLCJjb250ZW50IjoicG9zdF90aXRsZSIsInNldHRpbmdzIjp7ImJlZm9yZSI6IiIsImFmdGVyIjoiIn19@[\/et_pb_text][et_pb_divider _builder_version=&#8221;4.7.4&#8243; _module_preset=&#8221;default&#8221; background_color=&#8221;#e52330&#8243; height=&#8221;5px&#8221; custom_margin=&#8221;0px||25px||false|false&#8221; custom_padding=&#8221;0px||0px||false|false&#8221;][\/et_pb_divider][et_pb_text _builder_version=&#8221;4.7.4&#8243; _module_preset=&#8221;default&#8221;]<strong>Rejestr zabytk\u00f3w jest podstawow\u0105 form\u0105 ochrony zabyt\u00adk\u00f3w i prowadzony jest na podstawie Ustawy o ochronie zabytk\u00f3w i opiece nad zabytkami z 2003 r. (<\/strong><span>Dz.U. 2003 Nr 162 poz. 1568)<\/span><strong> oraz Rozporz\u0105dzenia Ministra Kultury i Dziedzictwa Na\u00adrodowego z 2011 roku w sprawie prowadzenia rejestru zabytk\u00f3w, krajowej, wojew\u00f3dzkiej i gminnej ewidencji zabytk\u00f3w oraz krajowego wykazu zabytk\u00f3w skra\u00addzionych lub wywiezionych za granic\u0119 niezgodnie z prawem (Dz. U. z 2011 r. nr 113, poz. 661).<\/strong><\/p>\n<p>Rejestr dla zabytk\u00f3w na terenie wojew\u00f3dztwa prowadzi wojew\u00f3dzki konserwator zabytk\u00f3w w formie odr\u0119bnych ksi\u0105g dla zabytk\u00f3w:<\/p>\n<p>A \u2013 nieruchomych<\/p>\n<p>B \u2013 ruchomych<\/p>\n<p>C \u2013 archeologicznych<\/p>\n<p>&nbsp;<\/p>\n<p>Wpisy do rejestru zabytk\u00f3w dokonywane s\u0105 na wniosek w\u0142a\u015bciciela, b\u0105d\u017a z urz\u0119du. Z okre\u015blonych przyczyn mo\u017ce r\u00f3wnie\u017c nast\u0105pi\u0107 skre\u015blenie zabytku z rejestru. Nale\u017c\u0105 do nich:<\/p>\n<ul>\n<li>zniszczenie zabytku w stopniu powoduj\u0105cym utrat\u0119 jego warto\u015bci historycznej, artystycznej lub naukowej,<\/li>\n<li>brak potwierdzenia w nowych ustaleniach naukowych warto\u015bci b\u0119d\u0105cej podstaw\u0105 wydania decyzji o wpisie do rejestru<\/li>\n<li>wpis na List\u0119 Skarb\u00f3w Dziedzictwa<\/li>\n<li>wpis do inwentarza muzeum<\/li>\n<li>wci\u0105gni\u0119cie zabytku w sk\u0142ad narodowego zasobu bibliotecznego<\/li>\n<\/ul>\n<p>Skre\u015blenia zabytku z rejestru, na podstawie decyzji administracyjnej, dokonuje minister w\u0142a\u015bciwy do spraw kultury i dziedzictwa narodowego.<\/p>\n<p>W Zespole ds. Rejestru i Ewidencji Zabytk\u00f3w dzia\u0142u Danych o Zabytkach NID, gromadzone s\u0105 decyzje o wpisie do rejestru zabytk\u00f3w z terenu ca\u0142ego kraju, do dostarczenia kt\u00f3rych zobligowani s\u0105 wojew\u00f3dzcy konserwatorzy zabytk\u00f3w.<\/p>\n<p>&nbsp;<\/p>\n<p><u>Przetwarzanie i opracowywanie dokumentacji rejestru zabytk\u00f3w w NID<\/u><\/p>\n<ul>\n<li><span> <\/span><span>NID na potrzeby wsp\u00f3\u0142pracy z wojew\u00f3dzkimi urz\u0119dami ochrony zabytk\u00f3w w zakresie wydawanych decyzji oraz w celu ujednolicenia zasob\u00f3w wojew\u00f3dzkich z krajowymi, stworzy\u0142 narz\u0119dzie ScanManager, b\u0119d\u0105ce bazodanowym repozytorium dokumentacji rejestrowej. Repozytorium zosta\u0142o zasilone dokumentami znajduj\u0105cymi si\u0119 w NID, a obecnie uzupe\u0142niane jest r\u00f3wnie\u017c przez urz\u0119dy wojew\u00f3dzkie. Przedsi\u0119wzi\u0119cie to umo\u017cliwia podgl\u0105d dokument\u00f3w on-line, u\u0142atwia por\u00f3wnanie dokumentacji oraz pozwala na szybk\u0105 aktualizacj\u0119 zasobu.<\/span><\/li>\n<li><span> <\/span><span>Zabytki rejestrowe na podstawie wydanych decyzji o wpisie do rejestru, s\u0105 od lat 80 XX w. wpisywane do baz danych NID, co pozwala na sporz\u0105dzanie spis\u00f3w zabytk\u00f3w wpisanych do rejestru w poszczeg\u00f3lnych wojew\u00f3dztwach, generowanie statystyk oraz tworzenie analiz merytorycznych.<\/span><\/li>\n<li><span> <\/span><span>Ponadto na podstawie zasob\u00f3w dokumentacji rejestrowej NID przygotowuje propozycje zmian legislacyjnych w systemie ochrony zabytk\u00f3w oraz wykonuje analizy istniej\u0105cej ochrony zabytk\u00f3w na podstawie wpis\u00f3w do rejestru dokonanych w r\u00f3\u017cnych przedzia\u0142ach czasowych, dla r\u00f3\u017cnych typ\u00f3w zabytk\u00f3w (np. dla wpis\u00f3w obszarowych)<\/span><\/li>\n<li><span> <\/span><span>W wykonaniu zadania weryfikacji stanu zachowania rejestrowych obiekt\u00f3w nieruchomych i archeologicznych, realizowanego przez NID w ramach Krajowego Programu Ochrony Zabytk\u00f3w i Opieki nad Zabytkami w latach 2013-2016, posiadany zas\u00f3b wiedzy o zabytkach wpisanych do rejestru, okaza\u0142 si\u0119 pomocny w przygotowaniu list zabytk\u00f3w. Na podstawie tych spis\u00f3w dokonano wizji lokalnych, sprawdzono stan zachowania weryfikowanych zabytk\u00f3w, przygotowano dla wojew\u00f3dzkich konserwator\u00f3w zabytk\u00f3w listy zabytk\u00f3w nieistniej\u0105cych oraz zniszczonych, kt\u00f3re powinny zosta\u0107 skre\u015blone z rejestru oraz listy takich zabytk\u00f3w, kt\u00f3re warto obj\u0105\u0107 ochron\u0105 prawn\u0105. <\/span><\/li>\n<\/ul>\n<p><span>Na koniec, na podstawie wybranej grupy zabytk\u00f3w sporz\u0105dzono raport o stanie zachowania rejestrowych zabytk\u00f3w nieruchomych oraz archeologicznych.<\/span><\/p>\n<p><span><a class=\"attachment\" href=\"https:\/\/nid.pl\/wp-content\/uploads\/2021\/11\/Raport_o_stanie_zabytkow_2004.pdf\" rel=\"attachment wp-att-2428 noopener\" target=\"_blank\">Raport analizuj\u0105cy stan zabytk\u00f3w nieruchomych. Raport zosta\u0142 opracowany w 2004 r. na podstawie danych zgromadzonych przez wojew\u00f3dzkich konserwator\u00f3w zabytk\u00f3w w 2003 r.<\/a> <\/span><\/p>\n<p><span><a class=\"attachment\" href=\"https:\/\/nid.pl\/wp-content\/uploads\/2021\/11\/RAPORT-TABELE.xls\" rel=\"attachment wp-att-2429\">Tabele z danymi liczbowymi do Raportu o stanie zachowania zabytk\u00f3w. Tabele przedstawiaj\u0105 dane z 2003 r.<\/a><\/span><\/p>\n<p><span><a class=\"attachment\" href=\"https:\/\/nid.pl\/wp-content\/uploads\/2021\/11\/RAPORT-O-STANIE-ZACHOWANIA-ZABYTKOW-NIERUCHOMYCH.pdf\" rel=\"attachment wp-att-2427 noopener\" target=\"_blank\">Raport o stanie zachowania zabytk\u00f3w w Polsce 2017<\/a> <\/span>[\/et_pb_text][\/et_pb_column][\/et_pb_row][\/et_pb_section][et_pb_section fb_built=&#8221;1&#8243; _builder_version=&#8221;4.7.4&#8243; _module_preset=&#8221;default&#8221; custom_margin=&#8221;||||false|false&#8221; custom_padding=&#8221;0px||0px||false|false&#8221; global_module=&#8221;353&#8243; saved_tabs=&#8221;all&#8221;][et_pb_row column_structure=&#8221;1_3,1_3,1_3&#8243; use_custom_gutter=&#8221;on&#8221; gutter_width=&#8221;1&#8243; _builder_version=&#8221;4.7.4&#8243; _module_preset=&#8221;default&#8221; background_color=&#8221;rgba(0,0,0,0)&#8221; width=&#8221;100%&#8221; max_width=&#8221;2560px&#8221; custom_padding=&#8221;0px||0px||false|false&#8221;][et_pb_column type=&#8221;1_3&#8243; _builder_version=&#8221;4.7.4&#8243; _module_preset=&#8221;default&#8221; background_color=&#8221;#e52330&#8243;][et_pb_blurb title=&#8221;Subskrybuj newsletter NID&#8221; use_icon=&#8221;on&#8221; font_icon=&#8221;%%151%%&#8221; icon_placement=&#8221;left&#8221; use_icon_font_size=&#8221;on&#8221; icon_font_size=&#8221;50px&#8221; module_class=&#8221;bigButtonModules&#8221; _builder_version=&#8221;4.7.4&#8243; _module_preset=&#8221;default&#8221; header_level=&#8221;h3&#8243; header_font=&#8221;|700|||||||&#8221; header_text_color=&#8221;#ffffff&#8221; body_text_color=&#8221;#ffffff&#8221; background_color=&#8221;#e52330&#8243; custom_margin=&#8221;||||false|false&#8221; custom_padding=&#8221;25px|25px|25px|25px|false|false&#8221; animation=&#8221;off&#8221; link_option_url=&#8221;https:\/\/nid.pl\/newsletter&#8221; custom_css_blurb_image=&#8221;padding-right: 20px;||vertical-align: middle;&#8221;]<\/p>\n<p>Zapisz si\u0119 do naszego newslettera i otrzymuj naj\u015bwie\u017csze informacj\u0119 ze \u015bwiata kultury.<\/p>\n<p>[\/et_pb_blurb][\/et_pb_column][et_pb_column type=&#8221;1_3&#8243; _builder_version=&#8221;4.7.4&#8243; _module_preset=&#8221;default&#8221; background_color=&#8221;#e52330&#8243;][et_pb_blurb title=&#8221;Ksi\u0119garnia NID&#8221; url_new_window=&#8221;on&#8221; use_icon=&#8221;on&#8221; font_icon=&#8221;%%127%%&#8221; icon_placement=&#8221;left&#8221; use_icon_font_size=&#8221;on&#8221; icon_font_size=&#8221;50px&#8221; module_class=&#8221;bigButtonModules&#8221; _builder_version=&#8221;4.7.4&#8243; _module_preset=&#8221;default&#8221; header_level=&#8221;h3&#8243; header_font=&#8221;|700|||||||&#8221; header_text_color=&#8221;#ffffff&#8221; body_text_color=&#8221;#ffffff&#8221; background_color=&#8221;#444444&#8243; custom_margin=&#8221;||||false|false&#8221; custom_padding=&#8221;25px|25px|25px|25px|false|false&#8221; animation=&#8221;off&#8221; link_option_url=&#8221;https:\/\/ksiegarnia.nid.pl\/&#8221; link_option_url_new_window=&#8221;on&#8221; custom_css_blurb_image=&#8221;padding-right: 20px;||vertical-align: middle;&#8221;]<\/p>\n<p>Sprawd\u017a nasze produkty w ksi\u0119garni. Zamawiaj bez wychodzenia z domu ju\u017c teraz!<\/p>\n<p>[\/et_pb_blurb][\/et_pb_column][et_pb_column type=&#8221;1_3&#8243; _builder_version=&#8221;4.7.4&#8243; _module_preset=&#8221;default&#8221; background_color=&#8221;#e52330&#8243;][et_pb_blurb title=&#8221;Platforma szkoleniowa&#8221; url_new_window=&#8221;on&#8221; use_icon=&#8221;on&#8221; font_icon=&#8221;%%158%%&#8221; icon_placement=&#8221;left&#8221; use_icon_font_size=&#8221;on&#8221; icon_font_size=&#8221;50px&#8221; module_class=&#8221;bigButtonModules&#8221; _builder_version=&#8221;4.7.4&#8243; _module_preset=&#8221;default&#8221; header_level=&#8221;h3&#8243; header_font=&#8221;|700|||||||&#8221; header_text_color=&#8221;#ffffff&#8221; body_text_color=&#8221;#ffffff&#8221; background_color=&#8221;#6b6b6b&#8221; custom_margin=&#8221;||||false|false&#8221; custom_padding=&#8221;25px|25px|25px|25px|false|false&#8221; animation=&#8221;off&#8221; link_option_url=&#8221;https:\/\/szkolenianid.learncom.pl&#8221; link_option_url_new_window=&#8221;on&#8221; custom_css_blurb_image=&#8221;padding-right: 20px;||vertical-align: middle;&#8221;]<\/p>\n<p>Zapisz si\u0119 na nasz\u0105 platform\u0119 e-szkoleniow\u0105 i dowiedz si\u0119 jak zarz\u0105dza\u0107 dziedzictwem i wykorzysta\u0107 jego potencja\u0142.<\/p>\n<p>[\/et_pb_blurb][\/et_pb_column][\/et_pb_row][\/et_pb_section]<\/p>","protected":false},"excerpt":{"rendered":"<p>\u2190Powr\u00f3t Rejestr zabytk\u00f3w jest podstawow\u0105 form\u0105 ochrony zabyt\u00adk\u00f3w i prowadzony jest na podstawie Ustawy o ochronie zabytk\u00f3w i opiece nad zabytkami z 2003 r. (Dz.U. 2003 Nr 162 poz. 1568) [&hellip;]<\/p>","protected":false},"author":1,"featured_media":0,"parent":0,"menu_order":0,"comment_status":"closed","ping_status":"closed","template":"","meta":{"_et_pb_use_builder":"on","_et_pb_old_content":"","_et_gb_content_width":"","_monsterinsights_skip_tracking":false,"_monsterinsights_sitenote_active":false,"_monsterinsights_sitenote_note":"","_monsterinsights_sitenote_category":0,"footnotes":""},"class_list":["post-2017","page","type-page","status-publish","hentry"],"yoast_head":"<!-- This site is optimized with the Yoast SEO plugin v26.5 - https:\/\/yoast.com\/wordpress\/plugins\/seo\/ -->\n<title>Rejestr zabytk\u00f3w - NID<\/title>\n<meta name=\"robots\" content=\"index, follow, max-snippet:-1, max-image-preview:large, max-video-preview:-1\" \/>\n<link rel=\"canonical\" href=\"https:\/\/nid.pl\/en\/rejestr-zabytkow\/\" \/>\n<meta property=\"og:locale\" content=\"en_GB\" \/>\n<meta property=\"og:type\" content=\"article\" \/>\n<meta property=\"og:title\" content=\"Rejestr zabytk\u00f3w - NID\" \/>\n<meta property=\"og:description\" content=\"\u2190Powr\u00f3t Rejestr zabytk\u00f3w jest podstawow\u0105 form\u0105 ochrony zabyt\u00adk\u00f3w i prowadzony jest na podstawie Ustawy o ochronie zabytk\u00f3w i opiece nad zabytkami z 2003 r. (Dz.U. 2003 Nr 162 poz. 1568) [&hellip;]\" \/>\n<meta property=\"og:url\" content=\"https:\/\/nid.pl\/en\/rejestr-zabytkow\/\" \/>\n<meta property=\"og:site_name\" content=\"NID\" \/>\n<meta property=\"article:publisher\" content=\"https:\/\/www.facebook.com\/zabytek\" \/>\n<meta property=\"article:modified_time\" content=\"2021-12-24T11:52:37+00:00\" \/>\n<meta name=\"twitter:card\" content=\"summary_large_image\" \/>\n<meta name=\"twitter:site\" content=\"@NarIDpl\" \/>\n<meta name=\"twitter:label1\" content=\"Estimated reading time\" \/>\n\t<meta name=\"twitter:data1\" content=\"6 minutes\" \/>\n<script type=\"application\/ld+json\" class=\"yoast-schema-graph\">{\"@context\":\"https:\/\/schema.org\",\"@graph\":[{\"@type\":\"WebPage\",\"@id\":\"https:\/\/nid.pl\/rejestr-zabytkow\/\",\"url\":\"https:\/\/nid.pl\/rejestr-zabytkow\/\",\"name\":\"Rejestr zabytk\u00f3w - NID\",\"isPartOf\":{\"@id\":\"https:\/\/nid.pl\/#website\"},\"datePublished\":\"2021-08-20T13:25:50+00:00\",\"dateModified\":\"2021-12-24T11:52:37+00:00\",\"breadcrumb\":{\"@id\":\"https:\/\/nid.pl\/rejestr-zabytkow\/#breadcrumb\"},\"inLanguage\":\"en-GB\",\"potentialAction\":[{\"@type\":\"ReadAction\",\"target\":[\"https:\/\/nid.pl\/rejestr-zabytkow\/\"]}]},{\"@type\":\"BreadcrumbList\",\"@id\":\"https:\/\/nid.pl\/rejestr-zabytkow\/#breadcrumb\",\"itemListElement\":[{\"@type\":\"ListItem\",\"position\":1,\"name\":\"Home\",\"item\":\"https:\/\/nid.pl\/\"},{\"@type\":\"ListItem\",\"position\":2,\"name\":\"Rejestr zabytk\u00f3w\"}]},{\"@type\":\"WebSite\",\"@id\":\"https:\/\/nid.pl\/#website\",\"url\":\"https:\/\/nid.pl\/\",\"name\":\"NID\",\"description\":\"Narodowy Instytut Dziedzictwa\",\"publisher\":{\"@id\":\"https:\/\/nid.pl\/#organization\"},\"potentialAction\":[{\"@type\":\"SearchAction\",\"target\":{\"@type\":\"EntryPoint\",\"urlTemplate\":\"https:\/\/nid.pl\/?s={search_term_string}\"},\"query-input\":{\"@type\":\"PropertyValueSpecification\",\"valueRequired\":true,\"valueName\":\"search_term_string\"}}],\"inLanguage\":\"en-GB\"},{\"@type\":\"Organization\",\"@id\":\"https:\/\/nid.pl\/#organization\",\"name\":\"Narodowy Instytut Dziedzictwa\",\"url\":\"https:\/\/nid.pl\/\",\"logo\":{\"@type\":\"ImageObject\",\"inLanguage\":\"en-GB\",\"@id\":\"https:\/\/nid.pl\/#\/schema\/logo\/image\/\",\"url\":\"https:\/\/nid.pl\/wp-content\/uploads\/2022\/10\/logoRedDark.png\",\"contentUrl\":\"https:\/\/nid.pl\/wp-content\/uploads\/2022\/10\/logoRedDark.png\",\"width\":200,\"height\":197,\"caption\":\"Narodowy Instytut Dziedzictwa\"},\"image\":{\"@id\":\"https:\/\/nid.pl\/#\/schema\/logo\/image\/\"},\"sameAs\":[\"https:\/\/www.facebook.com\/zabytek\",\"https:\/\/x.com\/NarIDpl\",\"https:\/\/www.instagram.com\/nid.pl\/?hl=pl\",\"https:\/\/www.linkedin.com\/company\/narodowy-instytut-dziedzictwa\",\"https:\/\/www.youtube.com\/channel\/UCQXuhKa2uHtmNvLRUSx40JA\"]}]}<\/script>\n<!-- \/ Yoast SEO plugin. -->","yoast_head_json":{"title":"Rejestr zabytk\u00f3w - NID","robots":{"index":"index","follow":"follow","max-snippet":"max-snippet:-1","max-image-preview":"max-image-preview:large","max-video-preview":"max-video-preview:-1"},"canonical":"https:\/\/nid.pl\/en\/rejestr-zabytkow\/","og_locale":"en_GB","og_type":"article","og_title":"Rejestr zabytk\u00f3w - NID","og_description":"\u2190Powr\u00f3t Rejestr zabytk\u00f3w jest podstawow\u0105 form\u0105 ochrony zabyt\u00adk\u00f3w i prowadzony jest na podstawie Ustawy o ochronie zabytk\u00f3w i opiece nad zabytkami z 2003 r. (Dz.U. 2003 Nr 162 poz. 1568) [&hellip;]","og_url":"https:\/\/nid.pl\/en\/rejestr-zabytkow\/","og_site_name":"NID","article_publisher":"https:\/\/www.facebook.com\/zabytek","article_modified_time":"2021-12-24T11:52:37+00:00","twitter_card":"summary_large_image","twitter_site":"@NarIDpl","twitter_misc":{"Estimated reading time":"6 minutes"},"schema":{"@context":"https:\/\/schema.org","@graph":[{"@type":"WebPage","@id":"https:\/\/nid.pl\/rejestr-zabytkow\/","url":"https:\/\/nid.pl\/rejestr-zabytkow\/","name":"Rejestr zabytk\u00f3w - NID","isPartOf":{"@id":"https:\/\/nid.pl\/#website"},"datePublished":"2021-08-20T13:25:50+00:00","dateModified":"2021-12-24T11:52:37+00:00","breadcrumb":{"@id":"https:\/\/nid.pl\/rejestr-zabytkow\/#breadcrumb"},"inLanguage":"en-GB","potentialAction":[{"@type":"ReadAction","target":["https:\/\/nid.pl\/rejestr-zabytkow\/"]}]},{"@type":"BreadcrumbList","@id":"https:\/\/nid.pl\/rejestr-zabytkow\/#breadcrumb","itemListElement":[{"@type":"ListItem","position":1,"name":"Home","item":"https:\/\/nid.pl\/"},{"@type":"ListItem","position":2,"name":"Rejestr zabytk\u00f3w"}]},{"@type":"WebSite","@id":"https:\/\/nid.pl\/#website","url":"https:\/\/nid.pl\/","name":"NID","description":"Narodowy Instytut Dziedzictwa","publisher":{"@id":"https:\/\/nid.pl\/#organization"},"potentialAction":[{"@type":"SearchAction","target":{"@type":"EntryPoint","urlTemplate":"https:\/\/nid.pl\/?s={search_term_string}"},"query-input":{"@type":"PropertyValueSpecification","valueRequired":true,"valueName":"search_term_string"}}],"inLanguage":"en-GB"},{"@type":"Organization","@id":"https:\/\/nid.pl\/#organization","name":"Narodowy Instytut Dziedzictwa","url":"https:\/\/nid.pl\/","logo":{"@type":"ImageObject","inLanguage":"en-GB","@id":"https:\/\/nid.pl\/#\/schema\/logo\/image\/","url":"https:\/\/nid.pl\/wp-content\/uploads\/2022\/10\/logoRedDark.png","contentUrl":"https:\/\/nid.pl\/wp-content\/uploads\/2022\/10\/logoRedDark.png","width":200,"height":197,"caption":"Narodowy Instytut Dziedzictwa"},"image":{"@id":"https:\/\/nid.pl\/#\/schema\/logo\/image\/"},"sameAs":["https:\/\/www.facebook.com\/zabytek","https:\/\/x.com\/NarIDpl","https:\/\/www.instagram.com\/nid.pl\/?hl=pl","https:\/\/www.linkedin.com\/company\/narodowy-instytut-dziedzictwa","https:\/\/www.youtube.com\/channel\/UCQXuhKa2uHtmNvLRUSx40JA"]}]}},"_links":{"self":[{"href":"https:\/\/nid.pl\/en\/wp-json\/wp\/v2\/pages\/2017","targetHints":{"allow":["GET"]}}],"collection":[{"href":"https:\/\/nid.pl\/en\/wp-json\/wp\/v2\/pages"}],"about":[{"href":"https:\/\/nid.pl\/en\/wp-json\/wp\/v2\/types\/page"}],"author":[{"embeddable":true,"href":"https:\/\/nid.pl\/en\/wp-json\/wp\/v2\/users\/1"}],"replies":[{"embeddable":true,"href":"https:\/\/nid.pl\/en\/wp-json\/wp\/v2\/comments?post=2017"}],"version-history":[{"count":0,"href":"https:\/\/nid.pl\/en\/wp-json\/wp\/v2\/pages\/2017\/revisions"}],"wp:attachment":[{"href":"https:\/\/nid.pl\/en\/wp-json\/wp\/v2\/media?parent=2017"}],"curies":[{"name":"wp","href":"https:\/\/api.w.org\/{rel}","templated":true}]}}