{"id":16486,"date":"2024-02-21T15:06:06","date_gmt":"2024-02-21T14:06:06","guid":{"rendered":"https:\/\/nid.pl\/?page_id=16486"},"modified":"2025-10-15T15:16:52","modified_gmt":"2025-10-15T13:16:52","slug":"park-muzakowski","status":"publish","type":"page","link":"https:\/\/nid.pl\/en\/park-muzakowski\/","title":{"rendered":"Park Mu\u017cakowski"},"content":{"rendered":"<p>[et_pb_section fb_built=&#8221;1&#8243; _builder_version=&#8221;4.16&#8243; _module_preset=&#8221;default&#8221; custom_padding=&#8221;0px||0px|||&#8221; global_colors_info=&#8221;{}&#8221;][et_pb_row _builder_version=&#8221;4.23.2&#8243; _module_preset=&#8221;default&#8221; background_image=&#8221;https:\/\/nid.pl\/wp-content\/uploads\/2024\/02\/Park_Muzakowski_9-header.jpg&#8221; width=&#8221;100%&#8221; max_width=&#8221;100%&#8221; height=&#8221;400px&#8221; custom_margin=&#8221;|auto||auto|false|false&#8221; custom_padding=&#8221;0px||0px|||&#8221; global_colors_info=&#8221;{}&#8221;][et_pb_column type=&#8221;4_4&#8243; _builder_version=&#8221;4.23.2&#8243; _module_preset=&#8221;default&#8221; global_colors_info=&#8221;{}&#8221;][\/et_pb_column][\/et_pb_row][\/et_pb_section][et_pb_section fb_built=&#8221;1&#8243; _builder_version=&#8221;4.16&#8243; _module_preset=&#8221;default&#8221; custom_padding=&#8221;0px|0px|0px|0px|false|false&#8221; global_colors_info=&#8221;{}&#8221;][et_pb_row _builder_version=&#8221;4.16&#8243; _module_preset=&#8221;default&#8221; width=&#8221;100%&#8221; max_width=&#8221;100%&#8221; custom_padding=&#8221;50px|50px|50px|50px|false|false&#8221; global_colors_info=&#8221;{}&#8221;][et_pb_column type=&#8221;4_4&#8243; _builder_version=&#8221;4.16&#8243; _module_preset=&#8221;default&#8221; global_colors_info=&#8221;{}&#8221;][et_pb_text module_id=&#8221;backButtonBox&#8221; _builder_version=&#8221;4.7.4&#8243; _module_preset=&#8221;default&#8221; custom_margin=&#8221;0px|0px|0px|0px|false|false&#8221; custom_padding=&#8221;0px|0px|0px|0px|false|false&#8221; global_module=&#8221;2594&#8243; locked=&#8221;off&#8221; global_colors_info=&#8221;{}&#8221;]<\/p>\n<div class=\"backButton\" onclick=\"javascript:window.history.back();\"><span>\u2190<\/span>Powr\u00f3t<\/div>\n<p>[\/et_pb_text][et_pb_text _builder_version=&#8221;4.16&#8243; _dynamic_attributes=&#8221;content&#8221; _module_preset=&#8221;default&#8221; text_font_size=&#8221;26px&#8221; custom_margin=&#8221;||25px||false|false&#8221; custom_padding=&#8221;||||false|false&#8221; global_colors_info=&#8221;{}&#8221;]@ET-DC@eyJkeW5hbWljIjp0cnVlLCJjb250ZW50IjoicG9zdF90aXRsZSIsInNldHRpbmdzIjp7ImJlZm9yZSI6IiIsImFmdGVyIjoiIn19@[\/et_pb_text][et_pb_divider _builder_version=&#8221;4.16&#8243; _module_preset=&#8221;default&#8221; background_color=&#8221;#e52330&#8243; height=&#8221;5px&#8221; custom_margin=&#8221;0px||25px||false|false&#8221; custom_padding=&#8221;0px||0px||false|false&#8221; global_colors_info=&#8221;{}&#8221;][\/et_pb_divider][et_pb_text _builder_version=&#8221;4.25.1&#8243; _module_preset=&#8221;default&#8221; global_colors_info=&#8221;{}&#8221;]<\/p>\n<p>Park Mu\u017cakowski, znany r\u00f3wnie\u017c jako Muskauer Park, stanowi niezwyk\u0142e dzie\u0142o XIX wieku, stworzone przez ksi\u0119cia Hermanna von P\u00fccklera-Muskau. Historyczny park krajobrazowy w stylu angielskim rozci\u0105ga si\u0119 po obu stronach Nysy \u0141u\u017cyckiej, obejmuj\u0105c ponad 700 ha terenu, z czego oko\u0142o 2\/3 znajduje si\u0119 w Polsce.<\/p>\n<p>Rozporz\u0105dzeniem Prezydenta Rzeczypospolitej Polskiej z dnia 14 kwietnia 2004 roku, polska cz\u0119\u015b\u0107 Parku Mu\u017cakowskiego w \u0141\u0119knicy zosta\u0142a uznana za pomnik historii. W tym samym roku Park po obydwu stronach Nysy \u0141u\u017cyckiej, jako integralna ca\u0142o\u015b\u0107, zosta\u0142 wpisany na List\u0119 \u015bwiatowego dziedzictwa UNESCO.<\/p>\n<p>Ksi\u0105\u017c\u0119 P\u00fcckler-Muskau, fascynuj\u0105c si\u0119 ogrodami angielskimi, od 1815 do 1845 roku przekszta\u0142ci\u0142 odziedziczon\u0105 po przodkach barokow\u0105 rezydencj\u0119 w genialn\u0105 kompozycj\u0119 krajobrazow\u0105. Wsp\u00f3lnie z architektem Karlem Friedrichem Schinklem podj\u0105\u0142 si\u0119 szeroko zakrojonych prac, w tym likwidacji fosy, wytyczenia meandruj\u0105cego kana\u0142u i stworzenia sztucznego jeziora. Mimo finansowych trudno\u015bci, P\u00fcckler kontynuowa\u0142 rozwijanie parku do 1845 roku, kiedy zmuszony by\u0142 go sprzeda\u0107.<\/p>\n<p>Nowy w\u0142a\u015bciciel, ksi\u0105\u017c\u0119 Fryderyk Niderlandzki, kontynuowa\u0142 przekszta\u0142canie rezydencji, dodaj\u0105c nowe nasadzenia, drogi, cieki wodne i architektoniczne elementy. Rodzina von Arnin, b\u0119d\u0105ca w\u0142a\u015bcicielem od 1883 roku, dba\u0142a o park przez kolejne lata, wznosz\u0105c mauzoleum i pomnik upami\u0119tniaj\u0105cy P\u00fccklera. Zauwa\u017caj\u0105c wyj\u0105tkowe walory tego miejsca, w 1931 roku, w centralnej cz\u0119\u015bci Parku, stworzono Rezerwat Przyrody Park Mu\u017cakowski.<\/p>\n<p>II wojna \u015bwiatowa przynios\u0142a ogromne straty w ca\u0142ym za\u0142o\u017ceniu. Zniszczeniu uleg\u0142y zabudowania, cz\u0119\u015bciowo \u0142\u0105ki parkowe, jak i drzewostan, a tak\u017ce g\u0142\u00f3wna rezydencja \u2013 Nowy Zamek. Unicestwiona zosta\u0142a ma\u0142a architektura ogrodowa po polskiej stronie, m.in. Domek Angielski. W 1945 r. Po zako\u0144czeniu II wojny \u015bwiatowej, Park podzielono pomi\u0119dzy Polsk\u0119 a NRD, a brak bie\u017c\u0105cej piel\u0119gnacji doprowadzi\u0142 do jego dalszej degradacji.<\/p>\n<p>Od 1989 roku, dzi\u0119ki polsko-niemieckiej wsp\u00f3\u0142pracy, podj\u0119to wysi\u0142ki maj\u0105ce na celu ochron\u0119 i rewaloryzacj\u0119 Parku Mu\u017cakowskiego. Pracownicy Narodowego Instytutu Dziedzictwa wspieraj\u0105c dzia\u0142ania Specjalistycznej Pracowni Terenowej \u201ePark Mu\u017cakowski\u201d w \u0141\u0119knicy, od 1990 roku realizuj\u0105 intensywne prace konserwatorskie, kt\u00f3re koncentruj\u0105 si\u0119 na zachowaniu autentyczno\u015bci za\u0142o\u017ce\u0144 P\u00fccklera, przy jednoczesnym dostosowaniu do wsp\u00f3\u0142czesnych standard\u00f3w ochrony dziedzictwa kulturowego.<\/p>\n<p>Prace konserwatorskie, prowadzone r\u00f3wnolegle z dzia\u0142aniami edukacyjnymi i promocyjnymi, stanowi\u0105 kompleksowe podej\u015bcie do ochrony i rozwijania Parku Mu\u017cakowskiego jako unikalnego dziedzictwa kulturowego, zgodnie z za\u0142o\u017ceniami ksi\u0119cia Hermanna von P\u00fccklera-Muskau.<\/p>\n<p><strong>Proces rewaloryzacji Parku Mu\u017cakowskiego mo\u017cna podzieli\u0107 na 6 okres\u00f3w: <\/strong><\/p>\n<ul>\n<li><strong>1988-1992<\/strong> \u2013 przygotowania do rewaloryzacji, pierwsze dzia\u0142ania konserwatorskie, odtworzenie Kamienia P\u00fccklera, kt\u00f3re stanowi\u0142o symboliczny pocz\u0105tek rewaloryzacji polskiej cz\u0119\u015bci parku;<\/li>\n<li><strong>1993-1997<\/strong> \u2013 organizacja pracowni terenowej, opracowanie metod ochrony, poszukiwanie finansowania, systematyczne prace konserwatorskie na tarasie zalewowym Nysy \u0141u\u017cyckiej;<\/li>\n<li><strong>1998-2001<\/strong> \u2013 intensywne prace w centralnej cz\u0119\u015bci parku, remont Mostu Ksi\u0105\u017c\u0119cego\/Kr\u00f3lewskiego, zabezpieczenie Mauzoleum, rekultywacja \u0142\u0105k, prace w rejonie Mostu Angielskiego i Domu Angielskiego;<\/li>\n<li><strong>2002-2004<\/strong> \u2013 kontynuacja integracji przestrzennej, odtwarzanie powi\u0105za\u0144 widokowych, prace przy odbudowie Mostu Podw\u00f3jnego, systematyczne odtwarzanie uk\u0142adu dr\u00f3g;<\/li>\n<li><strong>2005-2015<\/strong> \u2013 kontynuacja odtwarzania struktury przestrzennej, prace nad Mostem Arkadowym, Grobem Nieznajomego, ogrodzeniem Szk\u00f3\u0142ki, piel\u0119gnacja drzewostanu, usuwanie skutk\u00f3w powodzi, integracja funkcjonalna po odbudowie Mostu Angielskiego;<\/li>\n<li><strong>2016-2020<\/strong> \u2013 remont Wiaduktu, kszta\u0142towanie struktury przestrzennej w kierunku wschodnim w Sektorze D\u0119bu Hermanna, korekty uk\u0142adu przestrzennego na Tarasach, obszerne badania terenowe przygotowuj\u0105ce podstawy ewentualnych inwestycji.<\/li>\n<\/ul>\n<p>Na terenie Parku Mu\u017cakowskiego przeprowadzono tak\u017ce badania i sonda\u017ce archeologiczne. W ramach ich realizacji na Tarasie Domu Angielskiego poszukiwano pozosta\u0142o\u015bci: Bramy Koble\u0144skiej, altan ogrodowych i budynku gospodarczego \u2013 \u201eMa\u0142ego Cottage\u201d. W przypadku Bramy Koble\u0144skiej nie uda\u0142o si\u0119 zlokalizowa\u0107 budowli. Spo\u015br\u00f3d trzech altan ogrodowych znaleziono jedynie relikty altany \u015brodkowej. Po usuni\u0119ciu grubej warstwy \u015bci\u00f3\u0142ki, humusu, korzeni, ziemi oraz gruzu ods\u0142oni\u0119to fundamenty i pod\u0142og\u0119 \u201eMa\u0142ego Cottage\u201d. W Mauzoleum r\u00f3wnie\u017c przeprowadzono badania w celu rozpoznania relikt\u00f3w, zagospodarowania terenu i ustalenia narysu budowli. Natomiast dzi\u0119ki sonda\u017com archeologicznym, przeprowadzonym w miejscu poprzedzaj\u0105cym \u0142awk\u0119 przy D\u0119bach Si\u00f3str i przedpolu Grobu Nieznajomego, mo\u017cna by\u0142o ustali\u0107 historyczny profil terenu.<\/p>\n<p>Park Mu\u017cakowski, dzi\u0119ki ci\u0105g\u0142ym pracom prowadzonym przez pracownik\u00f3w Narodowego Instytutu Dziedzictwa przy wsparciu Specjalistycznej Pracowni Terenowej, sta\u0142 si\u0119 nie tylko miejscem o bogatej historii, ale r\u00f3wnie\u017c inspiracj\u0105 dla dzisiejszych projekt\u00f3w ogrodowych, wp\u0142ywaj\u0105c na rozw\u00f3j \u201earchitektury krajobrazu\u201d na ca\u0142ym \u015bwiecie.<\/p>\n<p>Park Mu\u017cakowski, wraz z Fundacj\u0105 \u201ePark Ksi\u0119cia P\u00fccklera Bad Muskau\u201d, rozpocz\u0105\u0142 realizacj\u0119 wsp\u00f3lnego projektu pt. \u201ePark Mu\u017cakowski \u2013 zwi\u0119kszenie atrakcyjno\u015bci turystycznej i dost\u0119pno\u015bci obiektu \u015bwiatowego dziedzictwa UNESCO\u201d\/ Muskauer Park \u2013 Steigerung der touristischen Attraktivit\u00e4t und Barrierefreiheit des UNESCO-Weltkulturerbes, finansowanego w ramach Programu Wsp\u00f3\u0142pracy INTERREG Polska-Saksonia 2021-2027 oraz dotacji Ministerstwa Kultury i Dziedzictwa Narodowego.\u00a0 \u00a0W ramach zadania organizowany jest bogaty program wydarze\u0144 kulturalno-edukacyjnych, m.in. spacery, warsztaty, spotkania i koncerty. Dotychczas w Parku odby\u0142y si\u0119 <a href=\"https:\/\/parkmuzakowski.nid.pl\/jak-obchodzilismy-zielone-swiatki-w-parku-muzakowskim\/\">Zielone \u015awi\u0105tki<\/a> oraz <a href=\"https:\/\/parkmuzakowski.nid.pl\/majowka-z-parkiem-muzakowskim-za-nami\/\">maj\u00f3wka<\/a> w ramach obchod\u00f3w Mi\u0119dzynarodowego Dnia Ochrony Zabytk\u00f3w 2024. Natomiast 22 i 23 czerwca b\u0119dziemy obchodzi\u0107 <a href=\"https:\/\/parkmuzakowski.nid.pl\/swieto-parku-muzakowskiego-juz-wkrotce\/\">\u015awi\u0119to Parku Mu\u017cakowskiego<\/a>. Ponadto, w ramach projektu planowane s\u0105: rekonstrukcja zniszczonej w czasie II wojny \u015bwiatowej Bramy Koble\u0144skiej, stworzenie programu rewitalizacji pozosta\u0142ych historycznych i niezachowanych budynk\u00f3w po polskiej stronie, nowa infrastruktura w postaci tablic informacyjnych, \u0142awek oraz koszy na \u015bmieci i wiele innych. Wi\u0119cej informacji: <a href=\"https:\/\/parkmuzakowski.nid.pl\/project\/park-muzakowski-zwiekszenie-atrakcyjnosci-turystycznej-i-dostepnosci-obiektu-swiatowego-dziedzictwa-unesco\/\">https:\/\/parkmuzakowski.nid.pl\/project\/park-muzakowski-zwiekszenie-atrakcyjnosci-turystycznej-i-dostepnosci-obiektu-swiatowego-dziedzictwa-unesco\/<\/a><\/p>\n<p>Park zarz\u0105dzany jest przez Narodowy Instytut Dziedzictwa (polska strona) i Fundacj\u0119 \u201ePark Ksi\u0119cia P\u00fccklera Bad Muskau\u201d (niemiecka strona).<\/p>\n<p>Aby by\u0107 na bie\u017c\u0105co z nowymi informacjami, zach\u0119camy do \u015bledzenia medi\u00f3w spo\u0142eczno\u015bciowych Parku Mu\u017cakowskiego \u2013 <a href=\"https:\/\/www.instagram.com\/park_muzakowski\/\">Instagrama<\/a> i <a href=\"https:\/\/www.facebook.com\/parkmuzakowski.nid\">Facebooka<\/a>.<\/p>\n<p>Wi\u0119cej: <strong><a href=\"https:\/\/parkmuzakowski.nid.pl\/\" target=\"_blank\" rel=\"noopener noreferrer\">parkmuzakowski.nid.pl<\/a><\/strong><\/p>\n<p>[\/et_pb_text][et_pb_text _builder_version=&#8221;4.25.1&#8243; _module_preset=&#8221;default&#8221; custom_padding=&#8221;||1px|||&#8221; locked=&#8221;off&#8221; global_colors_info=&#8221;{}&#8221;]<\/p>\n<p><strong>News<\/strong><\/p>\n<p>[\/et_pb_text][et_pb_blog posts_number=&#8221;4&#8243; include_categories=&#8221;119&#8243; excerpt_length=&#8221;150&#8243; show_author=&#8221;off&#8221; show_categories=&#8221;off&#8221; module_class=&#8221;specialPosts&#8221; _builder_version=&#8221;4.25.1&#8243; _module_preset=&#8221;default&#8221; header_font=&#8221;|600|||||||&#8221; header_text_color=&#8221;#e52330&#8243; header_font_size=&#8221;19px&#8221; header_line_height=&#8221;1.2em&#8221; body_text_color=&#8221;#000000&#8243; meta_font=&#8221;||||||||&#8221; meta_text_color=&#8221;#9b9b9b&#8221; read_more_font=&#8221;|700||||on|||&#8221; read_more_text_color=&#8221;#000000&#8243; custom_margin=&#8221;-32px|||||&#8221; custom_padding=&#8221;||||false|false&#8221; custom_css_main_element=&#8221;column-count: 4;||column-gap: 25px;&#8221; locked=&#8221;off&#8221; global_colors_info=&#8221;{}&#8221; custom_css_main_element_last_edited=&#8221;on|phone&#8221; custom_css_main_element_tablet=&#8221;column-count: 2;||column-gap: 25px;&#8221; custom_css_main_element_phone=&#8221;column-count: 1;||column-gap: 0px;&#8221;][\/et_pb_blog][\/et_pb_column][\/et_pb_row][\/et_pb_section][et_pb_section fb_built=&#8221;1&#8243; _builder_version=&#8221;4.7.4&#8243; _module_preset=&#8221;default&#8221; custom_margin=&#8221;43px||||false|false&#8221; custom_padding=&#8221;0px||0px||false|false&#8221; global_module=&#8221;353&#8243; saved_tabs=&#8221;all&#8221; global_colors_info=&#8221;{}&#8221;][et_pb_row column_structure=&#8221;1_3,1_3,1_3&#8243; use_custom_gutter=&#8221;on&#8221; gutter_width=&#8221;1&#8243; _builder_version=&#8221;4.16&#8243; _module_preset=&#8221;default&#8221; background_color=&#8221;rgba(0,0,0,0)&#8221; width=&#8221;100%&#8221; max_width=&#8221;2560px&#8221; custom_padding=&#8221;0px||0px||false|false&#8221; global_colors_info=&#8221;{}&#8221;][et_pb_column type=&#8221;1_3&#8243; _builder_version=&#8221;4.16&#8243; _module_preset=&#8221;default&#8221; background_color=&#8221;#e52330&#8243; global_colors_info=&#8221;{}&#8221;][et_pb_blurb title=&#8221;Logotypy NID&#8221; url_new_window=&#8221;on&#8221; use_icon=&#8221;on&#8221; font_icon=&#8221;&#xe004;||divi||400&#8243; icon_placement=&#8221;left&#8221; image_icon_width=&#8221;50px&#8221; module_class=&#8221;bigButtonModules&#8221; _builder_version=&#8221;4.27.2&#8243; _module_preset=&#8221;default&#8221; header_level=&#8221;h3&#8243; header_font=&#8221;|700|||||||&#8221; header_text_color=&#8221;#ffffff&#8221; body_text_color=&#8221;#ffffff&#8221; background_color=&#8221;#E52330&#8243; custom_margin=&#8221;||||false|false&#8221; custom_padding=&#8221;25px|25px|25px|25px|false|false&#8221; animation=&#8221;off&#8221; link_option_url=&#8221;https:\/\/nid.pl\/logotypy\/&#8221; link_option_url_new_window=&#8221;on&#8221; custom_css_blurb_image=&#8221;padding-right: 20px;||vertical-align: middle;&#8221; icon_font_size=&#8221;50px&#8221; global_colors_info=&#8221;{}&#8221;]<\/p>\n<p>Pobierz znaki promocyjne Narodowego Instytutu Dziedzictwa<\/p>\n<p>[\/et_pb_blurb][\/et_pb_column][et_pb_column type=&#8221;1_3&#8243; _builder_version=&#8221;4.16&#8243; _module_preset=&#8221;default&#8221; background_color=&#8221;#e52330&#8243; global_colors_info=&#8221;{}&#8221;][et_pb_code _builder_version=&#8221;4.23.2&#8243; _module_preset=&#8221;default&#8221; global_colors_info=&#8221;{}&#8221;][\/et_pb_code][et_pb_blurb title=&#8221;Ksi\u0119garnia NID&#8221; url_new_window=&#8221;on&#8221; use_icon=&#8221;on&#8221; font_icon=&#8221;&#xe022;||divi||400&#8243; icon_placement=&#8221;left&#8221; image_icon_width=&#8221;50px&#8221; module_class=&#8221;bigButtonModules&#8221; _builder_version=&#8221;4.16&#8243; _module_preset=&#8221;default&#8221; header_level=&#8221;h3&#8243; header_font=&#8221;|700|||||||&#8221; header_text_color=&#8221;#ffffff&#8221; body_text_color=&#8221;#ffffff&#8221; background_color=&#8221;#444444&#8243; custom_margin=&#8221;||||false|false&#8221; custom_padding=&#8221;25px|25px|25px|25px|false|false&#8221; animation=&#8221;off&#8221; link_option_url=&#8221;https:\/\/ksiegarnia.nid.pl\/&#8221; link_option_url_new_window=&#8221;on&#8221; custom_css_blurb_image=&#8221;padding-right: 20px;||vertical-align: middle;&#8221; icon_font_size=&#8221;50px&#8221; global_colors_info=&#8221;{}&#8221;]<\/p>\n<p>Sprawd\u017a nasze produkty w ksi\u0119garni. Zamawiaj bez wychodzenia z domu ju\u017c teraz!<\/p>\n<p>[\/et_pb_blurb][\/et_pb_column][et_pb_column type=&#8221;1_3&#8243; _builder_version=&#8221;4.16&#8243; _module_preset=&#8221;default&#8221; background_color=&#8221;#e52330&#8243; global_colors_info=&#8221;{}&#8221;][et_pb_blurb title=&#8221;Platforma szkoleniowa&#8221; url_new_window=&#8221;on&#8221; use_icon=&#8221;on&#8221; font_icon=&#8221;&#xe0e9;||divi||400&#8243; icon_placement=&#8221;left&#8221; image_icon_width=&#8221;50px&#8221; module_class=&#8221;bigButtonModules&#8221; _builder_version=&#8221;4.16&#8243; _module_preset=&#8221;default&#8221; header_level=&#8221;h3&#8243; header_font=&#8221;|700|||||||&#8221; header_text_color=&#8221;#ffffff&#8221; body_text_color=&#8221;#ffffff&#8221; background_color=&#8221;#6b6b6b&#8221; custom_margin=&#8221;||||false|false&#8221; custom_padding=&#8221;25px|25px|25px|25px|false|false&#8221; animation=&#8221;off&#8221; link_option_url=&#8221;https:\/\/szkolenianid.learncom.pl&#8221; link_option_url_new_window=&#8221;on&#8221; custom_css_blurb_image=&#8221;padding-right: 20px;||vertical-align: middle;&#8221; icon_font_size=&#8221;50px&#8221; global_colors_info=&#8221;{}&#8221;]<\/p>\n<p>Zapisz si\u0119 na nasz\u0105 platform\u0119 e-szkoleniow\u0105 i dowiedz si\u0119 jak zarz\u0105dza\u0107 dziedzictwem i wykorzysta\u0107 jego potencja\u0142.<\/p>\n<p>[\/et_pb_blurb][\/et_pb_column][\/et_pb_row][\/et_pb_section]<\/p>","protected":false},"excerpt":{"rendered":"<p>\u2190Powr\u00f3t Park Mu\u017cakowski, znany r\u00f3wnie\u017c jako Muskauer Park, stanowi niezwyk\u0142e dzie\u0142o XIX wieku, stworzone przez ksi\u0119cia Hermanna von P\u00fccklera-Muskau. Historyczny park krajobrazowy w stylu angielskim rozci\u0105ga si\u0119 po obu stronach [&hellip;]<\/p>","protected":false},"author":4,"featured_media":0,"parent":0,"menu_order":0,"comment_status":"closed","ping_status":"closed","template":"","meta":{"_et_pb_use_builder":"on","_et_pb_old_content":"","_et_gb_content_width":"","_monsterinsights_skip_tracking":false,"_monsterinsights_sitenote_active":false,"_monsterinsights_sitenote_note":"","_monsterinsights_sitenote_category":0,"footnotes":""},"class_list":["post-16486","page","type-page","status-publish","hentry"],"yoast_head":"<!-- This site is optimized with the Yoast SEO plugin v26.5 - https:\/\/yoast.com\/wordpress\/plugins\/seo\/ -->\n<title>Park Mu\u017cakowski - NID<\/title>\n<meta name=\"robots\" content=\"index, follow, max-snippet:-1, max-image-preview:large, max-video-preview:-1\" \/>\n<link rel=\"canonical\" href=\"https:\/\/nid.pl\/en\/park-muzakowski\/\" \/>\n<meta property=\"og:locale\" content=\"en_GB\" \/>\n<meta property=\"og:type\" content=\"article\" \/>\n<meta property=\"og:title\" content=\"Park Mu\u017cakowski - NID\" \/>\n<meta property=\"og:description\" content=\"\u2190Powr\u00f3t Park Mu\u017cakowski, znany r\u00f3wnie\u017c jako Muskauer Park, stanowi niezwyk\u0142e dzie\u0142o XIX wieku, stworzone przez ksi\u0119cia Hermanna von P\u00fccklera-Muskau. Historyczny park krajobrazowy w stylu angielskim rozci\u0105ga si\u0119 po obu stronach [&hellip;]\" \/>\n<meta property=\"og:url\" content=\"https:\/\/nid.pl\/en\/park-muzakowski\/\" \/>\n<meta property=\"og:site_name\" content=\"NID\" \/>\n<meta property=\"article:publisher\" content=\"https:\/\/www.facebook.com\/zabytek\" \/>\n<meta property=\"article:modified_time\" content=\"2025-10-15T13:16:52+00:00\" \/>\n<meta name=\"twitter:card\" content=\"summary_large_image\" \/>\n<meta name=\"twitter:site\" content=\"@NarIDpl\" \/>\n<meta name=\"twitter:label1\" content=\"Estimated reading time\" \/>\n\t<meta name=\"twitter:data1\" content=\"9 minutes\" \/>\n<script type=\"application\/ld+json\" class=\"yoast-schema-graph\">{\"@context\":\"https:\/\/schema.org\",\"@graph\":[{\"@type\":\"WebPage\",\"@id\":\"https:\/\/nid.pl\/park-muzakowski\/\",\"url\":\"https:\/\/nid.pl\/park-muzakowski\/\",\"name\":\"Park Mu\u017cakowski - NID\",\"isPartOf\":{\"@id\":\"https:\/\/nid.pl\/#website\"},\"datePublished\":\"2024-02-21T14:06:06+00:00\",\"dateModified\":\"2025-10-15T13:16:52+00:00\",\"breadcrumb\":{\"@id\":\"https:\/\/nid.pl\/park-muzakowski\/#breadcrumb\"},\"inLanguage\":\"en-GB\",\"potentialAction\":[{\"@type\":\"ReadAction\",\"target\":[\"https:\/\/nid.pl\/park-muzakowski\/\"]}]},{\"@type\":\"BreadcrumbList\",\"@id\":\"https:\/\/nid.pl\/park-muzakowski\/#breadcrumb\",\"itemListElement\":[{\"@type\":\"ListItem\",\"position\":1,\"name\":\"Home\",\"item\":\"https:\/\/nid.pl\/\"},{\"@type\":\"ListItem\",\"position\":2,\"name\":\"Park Mu\u017cakowski\"}]},{\"@type\":\"WebSite\",\"@id\":\"https:\/\/nid.pl\/#website\",\"url\":\"https:\/\/nid.pl\/\",\"name\":\"NID\",\"description\":\"Narodowy Instytut Dziedzictwa\",\"publisher\":{\"@id\":\"https:\/\/nid.pl\/#organization\"},\"potentialAction\":[{\"@type\":\"SearchAction\",\"target\":{\"@type\":\"EntryPoint\",\"urlTemplate\":\"https:\/\/nid.pl\/?s={search_term_string}\"},\"query-input\":{\"@type\":\"PropertyValueSpecification\",\"valueRequired\":true,\"valueName\":\"search_term_string\"}}],\"inLanguage\":\"en-GB\"},{\"@type\":\"Organization\",\"@id\":\"https:\/\/nid.pl\/#organization\",\"name\":\"Narodowy Instytut Dziedzictwa\",\"url\":\"https:\/\/nid.pl\/\",\"logo\":{\"@type\":\"ImageObject\",\"inLanguage\":\"en-GB\",\"@id\":\"https:\/\/nid.pl\/#\/schema\/logo\/image\/\",\"url\":\"https:\/\/nid.pl\/wp-content\/uploads\/2022\/10\/logoRedDark.png\",\"contentUrl\":\"https:\/\/nid.pl\/wp-content\/uploads\/2022\/10\/logoRedDark.png\",\"width\":200,\"height\":197,\"caption\":\"Narodowy Instytut Dziedzictwa\"},\"image\":{\"@id\":\"https:\/\/nid.pl\/#\/schema\/logo\/image\/\"},\"sameAs\":[\"https:\/\/www.facebook.com\/zabytek\",\"https:\/\/x.com\/NarIDpl\",\"https:\/\/www.instagram.com\/nid.pl\/?hl=pl\",\"https:\/\/www.linkedin.com\/company\/narodowy-instytut-dziedzictwa\",\"https:\/\/www.youtube.com\/channel\/UCQXuhKa2uHtmNvLRUSx40JA\"]}]}<\/script>\n<!-- \/ Yoast SEO plugin. -->","yoast_head_json":{"title":"Park Mu\u017cakowski - NID","robots":{"index":"index","follow":"follow","max-snippet":"max-snippet:-1","max-image-preview":"max-image-preview:large","max-video-preview":"max-video-preview:-1"},"canonical":"https:\/\/nid.pl\/en\/park-muzakowski\/","og_locale":"en_GB","og_type":"article","og_title":"Park Mu\u017cakowski - NID","og_description":"\u2190Powr\u00f3t Park Mu\u017cakowski, znany r\u00f3wnie\u017c jako Muskauer Park, stanowi niezwyk\u0142e dzie\u0142o XIX wieku, stworzone przez ksi\u0119cia Hermanna von P\u00fccklera-Muskau. Historyczny park krajobrazowy w stylu angielskim rozci\u0105ga si\u0119 po obu stronach [&hellip;]","og_url":"https:\/\/nid.pl\/en\/park-muzakowski\/","og_site_name":"NID","article_publisher":"https:\/\/www.facebook.com\/zabytek","article_modified_time":"2025-10-15T13:16:52+00:00","twitter_card":"summary_large_image","twitter_site":"@NarIDpl","twitter_misc":{"Estimated reading time":"9 minutes"},"schema":{"@context":"https:\/\/schema.org","@graph":[{"@type":"WebPage","@id":"https:\/\/nid.pl\/park-muzakowski\/","url":"https:\/\/nid.pl\/park-muzakowski\/","name":"Park Mu\u017cakowski - NID","isPartOf":{"@id":"https:\/\/nid.pl\/#website"},"datePublished":"2024-02-21T14:06:06+00:00","dateModified":"2025-10-15T13:16:52+00:00","breadcrumb":{"@id":"https:\/\/nid.pl\/park-muzakowski\/#breadcrumb"},"inLanguage":"en-GB","potentialAction":[{"@type":"ReadAction","target":["https:\/\/nid.pl\/park-muzakowski\/"]}]},{"@type":"BreadcrumbList","@id":"https:\/\/nid.pl\/park-muzakowski\/#breadcrumb","itemListElement":[{"@type":"ListItem","position":1,"name":"Home","item":"https:\/\/nid.pl\/"},{"@type":"ListItem","position":2,"name":"Park Mu\u017cakowski"}]},{"@type":"WebSite","@id":"https:\/\/nid.pl\/#website","url":"https:\/\/nid.pl\/","name":"NID","description":"Narodowy Instytut Dziedzictwa","publisher":{"@id":"https:\/\/nid.pl\/#organization"},"potentialAction":[{"@type":"SearchAction","target":{"@type":"EntryPoint","urlTemplate":"https:\/\/nid.pl\/?s={search_term_string}"},"query-input":{"@type":"PropertyValueSpecification","valueRequired":true,"valueName":"search_term_string"}}],"inLanguage":"en-GB"},{"@type":"Organization","@id":"https:\/\/nid.pl\/#organization","name":"Narodowy Instytut Dziedzictwa","url":"https:\/\/nid.pl\/","logo":{"@type":"ImageObject","inLanguage":"en-GB","@id":"https:\/\/nid.pl\/#\/schema\/logo\/image\/","url":"https:\/\/nid.pl\/wp-content\/uploads\/2022\/10\/logoRedDark.png","contentUrl":"https:\/\/nid.pl\/wp-content\/uploads\/2022\/10\/logoRedDark.png","width":200,"height":197,"caption":"Narodowy Instytut Dziedzictwa"},"image":{"@id":"https:\/\/nid.pl\/#\/schema\/logo\/image\/"},"sameAs":["https:\/\/www.facebook.com\/zabytek","https:\/\/x.com\/NarIDpl","https:\/\/www.instagram.com\/nid.pl\/?hl=pl","https:\/\/www.linkedin.com\/company\/narodowy-instytut-dziedzictwa","https:\/\/www.youtube.com\/channel\/UCQXuhKa2uHtmNvLRUSx40JA"]}]}},"_links":{"self":[{"href":"https:\/\/nid.pl\/en\/wp-json\/wp\/v2\/pages\/16486","targetHints":{"allow":["GET"]}}],"collection":[{"href":"https:\/\/nid.pl\/en\/wp-json\/wp\/v2\/pages"}],"about":[{"href":"https:\/\/nid.pl\/en\/wp-json\/wp\/v2\/types\/page"}],"author":[{"embeddable":true,"href":"https:\/\/nid.pl\/en\/wp-json\/wp\/v2\/users\/4"}],"replies":[{"embeddable":true,"href":"https:\/\/nid.pl\/en\/wp-json\/wp\/v2\/comments?post=16486"}],"version-history":[{"count":0,"href":"https:\/\/nid.pl\/en\/wp-json\/wp\/v2\/pages\/16486\/revisions"}],"wp:attachment":[{"href":"https:\/\/nid.pl\/en\/wp-json\/wp\/v2\/media?parent=16486"}],"curies":[{"name":"wp","href":"https:\/\/api.w.org\/{rel}","templated":true}]}}