{"id":13577,"date":"2023-09-22T17:09:31","date_gmt":"2023-09-22T15:09:31","guid":{"rendered":"https:\/\/nid.pl\/?page_id=13577"},"modified":"2023-10-11T18:59:15","modified_gmt":"2023-10-11T16:59:15","slug":"wystawa-skarby-plansza-ua-22","status":"publish","type":"page","link":"https:\/\/nid.pl\/en\/wystawa-skarby-plansza-ua-22\/","title":{"rendered":"Skarby drewnianej architektury sakralnej_plansza_UA_22 &#8211; TURZA\u0143SK"},"content":{"rendered":"<p>[et_pb_section fb_built=&#8221;1&#8243; _builder_version=&#8221;4.16&#8243; _module_preset=&#8221;default&#8221; custom_padding=&#8221;0px||0px|||&#8221; global_colors_info=&#8221;{}&#8221;][et_pb_row _builder_version=&#8221;4.22.1&#8243; _module_preset=&#8221;default&#8221; background_image=&#8221;https:\/\/nid.pl\/wp-content\/uploads\/2023\/09\/header-wystawa-skarby-ua.jpg&#8221; width=&#8221;100%&#8221; max_width=&#8221;100%&#8221; height=&#8221;400px&#8221; custom_margin=&#8221;|auto||auto|false|false&#8221; custom_padding=&#8221;0px||0px|||&#8221; global_colors_info=&#8221;{}&#8221;][et_pb_column type=&#8221;4_4&#8243; _builder_version=&#8221;4.16&#8243; _module_preset=&#8221;default&#8221; global_colors_info=&#8221;{}&#8221;][\/et_pb_column][\/et_pb_row][\/et_pb_section][et_pb_section fb_built=&#8221;1&#8243; _builder_version=&#8221;4.16&#8243; _module_preset=&#8221;default&#8221; custom_padding=&#8221;0px|0px|0px|0px|false|false&#8221; global_colors_info=&#8221;{}&#8221;][et_pb_row _builder_version=&#8221;4.16&#8243; _module_preset=&#8221;default&#8221; width=&#8221;100%&#8221; max_width=&#8221;100%&#8221; custom_padding=&#8221;50px|50px|50px|50px|true|false&#8221; global_colors_info=&#8221;{}&#8221;][et_pb_column type=&#8221;4_4&#8243; _builder_version=&#8221;4.16&#8243; _module_preset=&#8221;default&#8221; global_colors_info=&#8221;{}&#8221;][et_pb_text module_id=&#8221;backButtonBox&#8221; _builder_version=&#8221;4.7.4&#8243; _module_preset=&#8221;default&#8221; custom_margin=&#8221;0px|0px|0px|0px|false|false&#8221; custom_padding=&#8221;0px|0px|0px|0px|false|false&#8221; global_module=&#8221;2594&#8243; locked=&#8221;off&#8221; global_colors_info=&#8221;{}&#8221;]<\/p>\n<div class=\"backButton\" onclick=\"javascript:window.history.back();\"><span>\u2190<\/span>Powr\u00f3t<\/div>\n<p>[\/et_pb_text][et_pb_text _builder_version=&#8221;4.22.1&#8243; _module_preset=&#8221;default&#8221; text_font_size=&#8221;26px&#8221; custom_margin=&#8221;||25px||false|false&#8221; custom_padding=&#8221;||||false|false&#8221; hover_enabled=&#8221;0&#8243; locked=&#8221;off&#8221; global_colors_info=&#8221;{}&#8221; sticky_enabled=&#8221;0&#8243;]<\/p>\n<p><strong>\u0422\u0423\u0416\u0410\u041d\u0421\u042c\u041a<\/strong><br \/><strong>\u0426\u0435\u0440\u043a\u0432\u0430 \u0421\u0432\u044f\u0442\u043e\u0433\u043e \u0410\u0440\u0445\u0430\u043d\u0433\u0435\u043b\u0430 \u041c\u0438\u0445\u0430\u0457\u043b\u0430<\/strong> <br \/>(\u041f\u043e\u043b\u044c\u0449\u0430, \u041f\u0456\u0434\u043a\u0430\u0440\u043f\u0430\u0442\u0441\u044c\u043a\u0435 \u0432\u043e\u0454\u0432\u043e\u0434\u0441\u0442\u0432\u043e, \u0421\u044f\u043d\u043e\u0446\u044c\u043a\u0438\u0439 \u043f\u043e\u0432\u0456\u0442)<\/p>\n<p>[\/et_pb_text][et_pb_divider _builder_version=&#8221;4.16&#8243; _module_preset=&#8221;default&#8221; background_color=&#8221;#e52330&#8243; height=&#8221;5px&#8221; custom_margin=&#8221;0px||25px||false|false&#8221; custom_padding=&#8221;0px||0px||false|false&#8221; global_colors_info=&#8221;{}&#8221;][\/et_pb_divider][et_pb_text _builder_version=&#8221;4.22.1&#8243; _module_preset=&#8221;default&#8221; hover_enabled=&#8221;0&#8243; global_colors_info=&#8221;{}&#8221; sticky_enabled=&#8221;0&#8243;]<\/p>\n<p><strong>\u041e\u0434\u043d\u0430 \u0437 \u043d\u0435\u0431\u0430\u0433\u0430\u0442\u044c\u043e\u0445 \u0437\u0431\u0435\u0440\u0435\u0436\u0435\u043d\u0438\u0445 \u043f\u0440\u0430\u0432\u043e\u0441\u043b\u0430\u0432\u043d\u0438\u0445 \u0446\u0435\u0440\u043a\u043e\u0432, \u0449\u043e \u043f\u0440\u0435\u0437\u0435\u043d\u0442\u0443\u0454 \u043b\u0435\u043c\u043a\u0456\u0432\u0441\u044c\u043a\u0438\u0439 \u0442\u0438\u043f \u0441\u0445\u0456\u0434\u043d\u043e\u0433\u043e \u0440\u0456\u0437\u043d\u043e\u0432\u0438\u0434\u0443, \u0442\u043e\u0431\u0442\u043e \u0446\u0435\u0440\u043a\u0432\u0438 \u0431\u0435\u0437 \u0432\u0435\u0436.<\/strong><\/p>\n<p>\u0417\u0432\u0435\u0434\u0435\u043d\u0430 \u0443 1801\u20131803 \u0440\u043e\u043a\u0430\u0445 \u043d\u0430 \u043c\u0430\u043b\u044c\u043e\u0432\u043d\u0438\u0447\u043e\u043c\u0443 \u043f\u0430\u0433\u043e\u0440\u0431\u0456, \u0434\u043e \u044f\u043a\u043e\u0433\u043e \u0432\u0435\u0434\u0443\u0442\u044c \u043a\u0430\u043c\u2019\u044f\u043d\u0456 \u0441\u0445\u043e\u0434\u0438. \u041e\u043a\u0440\u0435\u043c\u043e \u0440\u043e\u0437\u0442\u0430\u0448\u043e\u0432\u0430\u043d\u0456 \u0434\u0435\u0440\u0435\u0432\u2019\u044f\u043d\u0430 \u0434\u0437\u0432\u0456\u043d\u0438\u0446\u044f \u0442\u0430 \u043a\u043b\u0430\u0434\u043e\u0432\u0438\u0449\u0435. \u0426\u0435\u0440\u043a\u0432\u0430 \u0437\u0440\u0443\u0431\u043d\u043e\u0457 \u043a\u043e\u043d\u0441\u0442\u0440\u0443\u043a\u0446\u0456\u0457, \u0442\u0440\u0438\u0434\u0456\u043b\u044c\u043d\u0430, \u0437 \u0434\u0432\u043e\u043c\u0430 \u0437\u0430\u0445\u0440\u0438\u0441\u0442\u0456\u044f\u043c\u0438 \u0442\u0430 \u043a\u0440\u0443\u0445\u0442\u043e\u044e. \u041f\u0435\u0440\u0435\u043a\u0440\u0438\u0442\u0430 \u0431\u0430\u0433\u0430\u0442\u043e\u0441\u0445\u0438\u043b\u0438\u043c \u0434\u0430\u0445\u043e\u043c \u0456\u0437 \u0441\u043f\u0456\u043b\u044c\u043d\u0438\u043c \u0432\u0435\u0440\u0445\u043d\u0456\u043c \u0440\u0435\u0431\u0440\u043e\u043c \u0442\u0430 \u0442\u0440\u044c\u043e\u043c\u0430 \u043d\u0435\u0432\u0435\u043b\u0438\u043a\u0438\u043c\u0438 \u0432\u0435\u0436\u0430\u043c\u0438 \u0456\u0437 \u043f\u043e\u0434\u0456\u0431\u043d\u0438\u043c\u0438 \u0434\u043e \u043b\u0456\u0445\u0442\u0430\u0440\u0456\u0432 \u0432\u0435\u0440\u0448\u0438\u043d\u0430\u043c\u0438. \u0417\u0430\u0445\u0440\u0438\u0441\u0442\u0456\u0457 \u0432\u043a\u0440\u0438\u0442\u0456 \u0448\u0430\u0442\u0440\u043e\u0432\u0438\u043c\u0438 \u0434\u0430\u0445\u0430\u043c\u0438 \u0437\u0456 \u0441\u0444\u0435\u0440\u0438\u0447\u043d\u0438\u043c\u0438 \u0437\u0430\u0432\u0435\u0440\u0448\u0435\u043d\u043d\u044f\u043c\u0438. \u0412\u0441\u0435\u0440\u0435\u0434\u0438\u043d\u0456, \u043d\u0430\u0434 \u043d\u0430\u0432\u043e\u044e, \u0441\u0432\u044f\u0442\u0438\u043b\u0438\u0449\u0435\u043c \u0442\u0430 \u0431\u0430\u0431\u0438\u043d\u0446\u0435\u043c, \u0440\u043e\u0437\u0442\u0430\u0448\u043e\u0432\u0430\u043d\u0456 \u0432\u043e\u0441\u044c\u043c\u0438\u0433\u0440\u0430\u043d\u043d\u0456 \u043a\u0443\u043f\u043e\u043b\u0438 \u043d\u0430 \u043f\u0456\u0434\u0432\u0456\u0441\u043a\u0430\u0445. \u0421\u0442\u0456\u043d\u0438 \u043e\u0437\u0434\u043e\u0431\u043b\u0435\u043d\u0456 \u0444\u0456\u0433\u0443\u0440\u043d\u043e-\u043e\u0440\u043d\u0430\u043c\u0435\u043d\u0442\u0430\u043b\u044c\u043d\u043e\u044e \u043f\u043e\u043b\u0456\u0445\u0440\u043e\u043c\u0456\u0454\u044e (1898 \u0440.) \u0419\u043e\u0441\u0438\u0444\u0430 \u0411\u0443\u043a\u043e\u0432\u0447\u0438\u043a\u0430, \u0449\u043e \u0431\u0443\u043b\u0430 \u043d\u0430\u043c\u0430\u043b\u044c\u043e\u0432\u0430\u043d\u0430 \u043d\u0430 \u0434\u0430\u0432\u043d\u0456\u0448\u043e\u043c\u0443 \u0448\u0430\u0440\u0456 \u0440\u043e\u0437\u043f\u0438\u0441\u0443. \u0412 \u0446\u0435\u0440\u043a\u0432\u0456 \u0442\u0430\u043a\u043e\u0436 \u0440\u043e\u0437\u0442\u0430\u0448\u043e\u0432\u0430\u043d\u0456 \u0456\u043a\u043e\u043d\u043e\u0441\u0442\u0430\u0441 \u043f\u043e\u0447\u0430\u0442\u043a\u0443 \u0425\u0406\u0425 \u0441\u0442., \u0434\u0432\u0430 \u0431\u0456\u0447\u043d\u0438\u0445 \u0432\u0456\u0432\u0442\u0430\u0440\u0456, \u043f\u0440\u0435\u0441\u0442\u043e\u043b \u0442\u0430 \u0441\u043a\u0440\u0438\u043d\u044f \u0434\u043b\u044f \u043f\u043e\u0436\u0435\u0440\u0442\u0432.<\/p>\n<p>[\/et_pb_text][et_pb_gallery gallery_ids=&#8221;10682,10683,10684,10685,10686,10687,10688,10689,10690,10691,10692,10693,10694,10695,10696,10697,10698,10699,10700,10701,10702,10703,10704,10705,10706,10707,10708,10709,10710,10711&#8243; fullwidth=&#8221;on&#8221; _builder_version=&#8221;4.16&#8243; _module_preset=&#8221;default&#8221; width=&#8221;27%&#8221; module_alignment=&#8221;center&#8221; global_colors_info=&#8221;{}&#8221;][\/et_pb_gallery][\/et_pb_column][\/et_pb_row][\/et_pb_section][et_pb_section fb_built=&#8221;1&#8243; _builder_version=&#8221;4.7.4&#8243; _module_preset=&#8221;default&#8221; custom_margin=&#8221;43px||||false|false&#8221; custom_padding=&#8221;0px||0px||false|false&#8221; global_module=&#8221;353&#8243; saved_tabs=&#8221;all&#8221; global_colors_info=&#8221;{}&#8221;][et_pb_row column_structure=&#8221;1_3,1_3,1_3&#8243; use_custom_gutter=&#8221;on&#8221; gutter_width=&#8221;1&#8243; _builder_version=&#8221;4.16&#8243; _module_preset=&#8221;default&#8221; background_color=&#8221;rgba(0,0,0,0)&#8221; width=&#8221;100%&#8221; max_width=&#8221;2560px&#8221; custom_padding=&#8221;0px||0px||false|false&#8221; global_colors_info=&#8221;{}&#8221;][et_pb_column type=&#8221;1_3&#8243; _builder_version=&#8221;4.16&#8243; _module_preset=&#8221;default&#8221; background_color=&#8221;#e52330&#8243; global_colors_info=&#8221;{}&#8221;][et_pb_blurb title=&#8221;Subskrybuj newsletter NID&#8221; use_icon=&#8221;on&#8221; font_icon=&#8221;&#xe106;||divi||400&#8243; icon_placement=&#8221;left&#8221; image_icon_width=&#8221;50px&#8221; module_class=&#8221;bigButtonModules&#8221; _builder_version=&#8221;4.16&#8243; _module_preset=&#8221;default&#8221; header_level=&#8221;h3&#8243; header_font=&#8221;|700|||||||&#8221; header_text_color=&#8221;#ffffff&#8221; body_text_color=&#8221;#ffffff&#8221; background_color=&#8221;#E52330&#8243; custom_margin=&#8221;||||false|false&#8221; custom_padding=&#8221;25px|25px|25px|25px|false|false&#8221; animation=&#8221;off&#8221; link_option_url=&#8221;https:\/\/nid.pl\/newsletter&#8221; custom_css_blurb_image=&#8221;padding-right: 20px;||vertical-align: middle;&#8221; icon_font_size=&#8221;50px&#8221; global_colors_info=&#8221;{}&#8221;]<\/p>\n<p>Zapisz si\u0119 do naszego newslettera i otrzymuj naj\u015bwie\u017csze informacj\u0119 ze \u015bwiata kultury.<\/p>\n<p>[\/et_pb_blurb][\/et_pb_column][et_pb_column type=&#8221;1_3&#8243; _builder_version=&#8221;4.16&#8243; _module_preset=&#8221;default&#8221; background_color=&#8221;#e52330&#8243; global_colors_info=&#8221;{}&#8221;][et_pb_blurb title=&#8221;Ksi\u0119garnia NID&#8221; url_new_window=&#8221;on&#8221; use_icon=&#8221;on&#8221; font_icon=&#8221;&#xe022;||divi||400&#8243; icon_placement=&#8221;left&#8221; image_icon_width=&#8221;50px&#8221; module_class=&#8221;bigButtonModules&#8221; _builder_version=&#8221;4.16&#8243; _module_preset=&#8221;default&#8221; header_level=&#8221;h3&#8243; header_font=&#8221;|700|||||||&#8221; header_text_color=&#8221;#ffffff&#8221; body_text_color=&#8221;#ffffff&#8221; background_color=&#8221;#444444&#8243; custom_margin=&#8221;||||false|false&#8221; custom_padding=&#8221;25px|25px|25px|25px|false|false&#8221; animation=&#8221;off&#8221; link_option_url=&#8221;https:\/\/ksiegarnia.nid.pl\/&#8221; link_option_url_new_window=&#8221;on&#8221; custom_css_blurb_image=&#8221;padding-right: 20px;||vertical-align: middle;&#8221; icon_font_size=&#8221;50px&#8221; global_colors_info=&#8221;{}&#8221;]<\/p>\n<p>Sprawd\u017a nasze produkty w ksi\u0119garni. Zamawiaj bez wychodzenia z domu ju\u017c teraz!<\/p>\n<p>[\/et_pb_blurb][\/et_pb_column][et_pb_column type=&#8221;1_3&#8243; _builder_version=&#8221;4.16&#8243; _module_preset=&#8221;default&#8221; background_color=&#8221;#e52330&#8243; global_colors_info=&#8221;{}&#8221;][et_pb_blurb title=&#8221;Platforma szkoleniowa&#8221; url_new_window=&#8221;on&#8221; use_icon=&#8221;on&#8221; font_icon=&#8221;&#xe0e9;||divi||400&#8243; icon_placement=&#8221;left&#8221; image_icon_width=&#8221;50px&#8221; module_class=&#8221;bigButtonModules&#8221; _builder_version=&#8221;4.16&#8243; _module_preset=&#8221;default&#8221; header_level=&#8221;h3&#8243; header_font=&#8221;|700|||||||&#8221; header_text_color=&#8221;#ffffff&#8221; body_text_color=&#8221;#ffffff&#8221; background_color=&#8221;#6b6b6b&#8221; custom_margin=&#8221;||||false|false&#8221; custom_padding=&#8221;25px|25px|25px|25px|false|false&#8221; animation=&#8221;off&#8221; link_option_url=&#8221;https:\/\/szkolenianid.learncom.pl&#8221; link_option_url_new_window=&#8221;on&#8221; custom_css_blurb_image=&#8221;padding-right: 20px;||vertical-align: middle;&#8221; icon_font_size=&#8221;50px&#8221; global_colors_info=&#8221;{}&#8221;]<\/p>\n<p>Zapisz si\u0119 na nasz\u0105 platform\u0119 e-szkoleniow\u0105 i dowiedz si\u0119 jak zarz\u0105dza\u0107 dziedzictwem i wykorzysta\u0107 jego potencja\u0142.<\/p>\n<p>[\/et_pb_blurb][\/et_pb_column][\/et_pb_row][\/et_pb_section]<\/p>","protected":false},"excerpt":{"rendered":"<p>\u2190Powr\u00f3t \u0422\u0423\u0416\u0410\u041d\u0421\u042c\u041a\u0426\u0435\u0440\u043a\u0432\u0430 \u0421\u0432\u044f\u0442\u043e\u0433\u043e \u0410\u0440\u0445\u0430\u043d\u0433\u0435\u043b\u0430 \u041c\u0438\u0445\u0430\u0457\u043b\u0430 (\u041f\u043e\u043b\u044c\u0449\u0430, \u041f\u0456\u0434\u043a\u0430\u0440\u043f\u0430\u0442\u0441\u044c\u043a\u0435 \u0432\u043e\u0454\u0432\u043e\u0434\u0441\u0442\u0432\u043e, \u0421\u044f\u043d\u043e\u0446\u044c\u043a\u0438\u0439 \u043f\u043e\u0432\u0456\u0442)\u041e\u0434\u043d\u0430 \u0437 \u043d\u0435\u0431\u0430\u0433\u0430\u0442\u044c\u043e\u0445 \u0437\u0431\u0435\u0440\u0435\u0436\u0435\u043d\u0438\u0445 \u043f\u0440\u0430\u0432\u043e\u0441\u043b\u0430\u0432\u043d\u0438\u0445 \u0446\u0435\u0440\u043a\u043e\u0432, \u0449\u043e \u043f\u0440\u0435\u0437\u0435\u043d\u0442\u0443\u0454 \u043b\u0435\u043c\u043a\u0456\u0432\u0441\u044c\u043a\u0438\u0439 \u0442\u0438\u043f \u0441\u0445\u0456\u0434\u043d\u043e\u0433\u043e \u0440\u0456\u0437\u043d\u043e\u0432\u0438\u0434\u0443, \u0442\u043e\u0431\u0442\u043e \u0446\u0435\u0440\u043a\u0432\u0438 \u0431\u0435\u0437 \u0432\u0435\u0436. \u0417\u0432\u0435\u0434\u0435\u043d\u0430 \u0443 1801\u20131803 \u0440\u043e\u043a\u0430\u0445 \u043d\u0430 [&hellip;]<\/p>","protected":false},"author":4,"featured_media":0,"parent":0,"menu_order":0,"comment_status":"closed","ping_status":"closed","template":"","meta":{"_et_pb_use_builder":"on","_et_pb_old_content":"","_et_gb_content_width":"","_monsterinsights_skip_tracking":false,"_monsterinsights_sitenote_active":false,"_monsterinsights_sitenote_note":"","_monsterinsights_sitenote_category":0,"footnotes":""},"class_list":["post-13577","page","type-page","status-publish","hentry"],"yoast_head":"<!-- This site is optimized with the Yoast SEO plugin v26.5 - https:\/\/yoast.com\/wordpress\/plugins\/seo\/ -->\n<title>Skarby drewnianej architektury sakralnej_plansza_UA_22 - TURZA\u0143SK - NID<\/title>\n<meta name=\"robots\" content=\"index, follow, max-snippet:-1, max-image-preview:large, max-video-preview:-1\" \/>\n<link rel=\"canonical\" href=\"https:\/\/nid.pl\/en\/wystawa-skarby-plansza-ua-22\/\" \/>\n<meta property=\"og:locale\" content=\"en_GB\" \/>\n<meta property=\"og:type\" content=\"article\" \/>\n<meta property=\"og:title\" content=\"Skarby drewnianej architektury sakralnej_plansza_UA_22 - TURZA\u0143SK - NID\" \/>\n<meta property=\"og:description\" content=\"\u2190Powr\u00f3t \u0422\u0423\u0416\u0410\u041d\u0421\u042c\u041a\u0426\u0435\u0440\u043a\u0432\u0430 \u0421\u0432\u044f\u0442\u043e\u0433\u043e \u0410\u0440\u0445\u0430\u043d\u0433\u0435\u043b\u0430 \u041c\u0438\u0445\u0430\u0457\u043b\u0430 (\u041f\u043e\u043b\u044c\u0449\u0430, \u041f\u0456\u0434\u043a\u0430\u0440\u043f\u0430\u0442\u0441\u044c\u043a\u0435 \u0432\u043e\u0454\u0432\u043e\u0434\u0441\u0442\u0432\u043e, \u0421\u044f\u043d\u043e\u0446\u044c\u043a\u0438\u0439 \u043f\u043e\u0432\u0456\u0442)\u041e\u0434\u043d\u0430 \u0437 \u043d\u0435\u0431\u0430\u0433\u0430\u0442\u044c\u043e\u0445 \u0437\u0431\u0435\u0440\u0435\u0436\u0435\u043d\u0438\u0445 \u043f\u0440\u0430\u0432\u043e\u0441\u043b\u0430\u0432\u043d\u0438\u0445 \u0446\u0435\u0440\u043a\u043e\u0432, \u0449\u043e \u043f\u0440\u0435\u0437\u0435\u043d\u0442\u0443\u0454 \u043b\u0435\u043c\u043a\u0456\u0432\u0441\u044c\u043a\u0438\u0439 \u0442\u0438\u043f \u0441\u0445\u0456\u0434\u043d\u043e\u0433\u043e \u0440\u0456\u0437\u043d\u043e\u0432\u0438\u0434\u0443, \u0442\u043e\u0431\u0442\u043e \u0446\u0435\u0440\u043a\u0432\u0438 \u0431\u0435\u0437 \u0432\u0435\u0436. \u0417\u0432\u0435\u0434\u0435\u043d\u0430 \u0443 1801\u20131803 \u0440\u043e\u043a\u0430\u0445 \u043d\u0430 [&hellip;]\" \/>\n<meta property=\"og:url\" content=\"https:\/\/nid.pl\/en\/wystawa-skarby-plansza-ua-22\/\" \/>\n<meta property=\"og:site_name\" content=\"NID\" \/>\n<meta property=\"article:publisher\" content=\"https:\/\/www.facebook.com\/zabytek\" \/>\n<meta property=\"article:modified_time\" content=\"2023-10-11T16:59:15+00:00\" \/>\n<meta name=\"twitter:card\" content=\"summary_large_image\" \/>\n<meta name=\"twitter:site\" content=\"@NarIDpl\" \/>\n<script type=\"application\/ld+json\" class=\"yoast-schema-graph\">{\"@context\":\"https:\/\/schema.org\",\"@graph\":[{\"@type\":\"WebPage\",\"@id\":\"https:\/\/nid.pl\/wystawa-skarby-plansza-ua-22\/\",\"url\":\"https:\/\/nid.pl\/wystawa-skarby-plansza-ua-22\/\",\"name\":\"Skarby drewnianej architektury sakralnej_plansza_UA_22 - TURZA\u0143SK - NID\",\"isPartOf\":{\"@id\":\"https:\/\/nid.pl\/#website\"},\"datePublished\":\"2023-09-22T15:09:31+00:00\",\"dateModified\":\"2023-10-11T16:59:15+00:00\",\"breadcrumb\":{\"@id\":\"https:\/\/nid.pl\/wystawa-skarby-plansza-ua-22\/#breadcrumb\"},\"inLanguage\":\"en-GB\",\"potentialAction\":[{\"@type\":\"ReadAction\",\"target\":[\"https:\/\/nid.pl\/wystawa-skarby-plansza-ua-22\/\"]}]},{\"@type\":\"BreadcrumbList\",\"@id\":\"https:\/\/nid.pl\/wystawa-skarby-plansza-ua-22\/#breadcrumb\",\"itemListElement\":[{\"@type\":\"ListItem\",\"position\":1,\"name\":\"Home\",\"item\":\"https:\/\/nid.pl\/\"},{\"@type\":\"ListItem\",\"position\":2,\"name\":\"Skarby drewnianej architektury sakralnej_plansza_UA_22 &#8211; TURZA\u0143SK\"}]},{\"@type\":\"WebSite\",\"@id\":\"https:\/\/nid.pl\/#website\",\"url\":\"https:\/\/nid.pl\/\",\"name\":\"NID\",\"description\":\"Narodowy Instytut Dziedzictwa\",\"publisher\":{\"@id\":\"https:\/\/nid.pl\/#organization\"},\"potentialAction\":[{\"@type\":\"SearchAction\",\"target\":{\"@type\":\"EntryPoint\",\"urlTemplate\":\"https:\/\/nid.pl\/?s={search_term_string}\"},\"query-input\":{\"@type\":\"PropertyValueSpecification\",\"valueRequired\":true,\"valueName\":\"search_term_string\"}}],\"inLanguage\":\"en-GB\"},{\"@type\":\"Organization\",\"@id\":\"https:\/\/nid.pl\/#organization\",\"name\":\"Narodowy Instytut Dziedzictwa\",\"url\":\"https:\/\/nid.pl\/\",\"logo\":{\"@type\":\"ImageObject\",\"inLanguage\":\"en-GB\",\"@id\":\"https:\/\/nid.pl\/#\/schema\/logo\/image\/\",\"url\":\"https:\/\/nid.pl\/wp-content\/uploads\/2022\/10\/logoRedDark.png\",\"contentUrl\":\"https:\/\/nid.pl\/wp-content\/uploads\/2022\/10\/logoRedDark.png\",\"width\":200,\"height\":197,\"caption\":\"Narodowy Instytut Dziedzictwa\"},\"image\":{\"@id\":\"https:\/\/nid.pl\/#\/schema\/logo\/image\/\"},\"sameAs\":[\"https:\/\/www.facebook.com\/zabytek\",\"https:\/\/x.com\/NarIDpl\",\"https:\/\/www.instagram.com\/nid.pl\/?hl=pl\",\"https:\/\/www.linkedin.com\/company\/narodowy-instytut-dziedzictwa\",\"https:\/\/www.youtube.com\/channel\/UCQXuhKa2uHtmNvLRUSx40JA\"]}]}<\/script>\n<!-- \/ Yoast SEO plugin. -->","yoast_head_json":{"title":"Skarby drewnianej architektury sakralnej_plansza_UA_22 - TURZA\u0143SK - NID","robots":{"index":"index","follow":"follow","max-snippet":"max-snippet:-1","max-image-preview":"max-image-preview:large","max-video-preview":"max-video-preview:-1"},"canonical":"https:\/\/nid.pl\/en\/wystawa-skarby-plansza-ua-22\/","og_locale":"en_GB","og_type":"article","og_title":"Skarby drewnianej architektury sakralnej_plansza_UA_22 - TURZA\u0143SK - NID","og_description":"\u2190Powr\u00f3t \u0422\u0423\u0416\u0410\u041d\u0421\u042c\u041a\u0426\u0435\u0440\u043a\u0432\u0430 \u0421\u0432\u044f\u0442\u043e\u0433\u043e \u0410\u0440\u0445\u0430\u043d\u0433\u0435\u043b\u0430 \u041c\u0438\u0445\u0430\u0457\u043b\u0430 (\u041f\u043e\u043b\u044c\u0449\u0430, \u041f\u0456\u0434\u043a\u0430\u0440\u043f\u0430\u0442\u0441\u044c\u043a\u0435 \u0432\u043e\u0454\u0432\u043e\u0434\u0441\u0442\u0432\u043e, \u0421\u044f\u043d\u043e\u0446\u044c\u043a\u0438\u0439 \u043f\u043e\u0432\u0456\u0442)\u041e\u0434\u043d\u0430 \u0437 \u043d\u0435\u0431\u0430\u0433\u0430\u0442\u044c\u043e\u0445 \u0437\u0431\u0435\u0440\u0435\u0436\u0435\u043d\u0438\u0445 \u043f\u0440\u0430\u0432\u043e\u0441\u043b\u0430\u0432\u043d\u0438\u0445 \u0446\u0435\u0440\u043a\u043e\u0432, \u0449\u043e \u043f\u0440\u0435\u0437\u0435\u043d\u0442\u0443\u0454 \u043b\u0435\u043c\u043a\u0456\u0432\u0441\u044c\u043a\u0438\u0439 \u0442\u0438\u043f \u0441\u0445\u0456\u0434\u043d\u043e\u0433\u043e \u0440\u0456\u0437\u043d\u043e\u0432\u0438\u0434\u0443, \u0442\u043e\u0431\u0442\u043e \u0446\u0435\u0440\u043a\u0432\u0438 \u0431\u0435\u0437 \u0432\u0435\u0436. \u0417\u0432\u0435\u0434\u0435\u043d\u0430 \u0443 1801\u20131803 \u0440\u043e\u043a\u0430\u0445 \u043d\u0430 [&hellip;]","og_url":"https:\/\/nid.pl\/en\/wystawa-skarby-plansza-ua-22\/","og_site_name":"NID","article_publisher":"https:\/\/www.facebook.com\/zabytek","article_modified_time":"2023-10-11T16:59:15+00:00","twitter_card":"summary_large_image","twitter_site":"@NarIDpl","schema":{"@context":"https:\/\/schema.org","@graph":[{"@type":"WebPage","@id":"https:\/\/nid.pl\/wystawa-skarby-plansza-ua-22\/","url":"https:\/\/nid.pl\/wystawa-skarby-plansza-ua-22\/","name":"Skarby drewnianej architektury sakralnej_plansza_UA_22 - TURZA\u0143SK - NID","isPartOf":{"@id":"https:\/\/nid.pl\/#website"},"datePublished":"2023-09-22T15:09:31+00:00","dateModified":"2023-10-11T16:59:15+00:00","breadcrumb":{"@id":"https:\/\/nid.pl\/wystawa-skarby-plansza-ua-22\/#breadcrumb"},"inLanguage":"en-GB","potentialAction":[{"@type":"ReadAction","target":["https:\/\/nid.pl\/wystawa-skarby-plansza-ua-22\/"]}]},{"@type":"BreadcrumbList","@id":"https:\/\/nid.pl\/wystawa-skarby-plansza-ua-22\/#breadcrumb","itemListElement":[{"@type":"ListItem","position":1,"name":"Home","item":"https:\/\/nid.pl\/"},{"@type":"ListItem","position":2,"name":"Skarby drewnianej architektury sakralnej_plansza_UA_22 &#8211; TURZA\u0143SK"}]},{"@type":"WebSite","@id":"https:\/\/nid.pl\/#website","url":"https:\/\/nid.pl\/","name":"NID","description":"Narodowy Instytut Dziedzictwa","publisher":{"@id":"https:\/\/nid.pl\/#organization"},"potentialAction":[{"@type":"SearchAction","target":{"@type":"EntryPoint","urlTemplate":"https:\/\/nid.pl\/?s={search_term_string}"},"query-input":{"@type":"PropertyValueSpecification","valueRequired":true,"valueName":"search_term_string"}}],"inLanguage":"en-GB"},{"@type":"Organization","@id":"https:\/\/nid.pl\/#organization","name":"Narodowy Instytut Dziedzictwa","url":"https:\/\/nid.pl\/","logo":{"@type":"ImageObject","inLanguage":"en-GB","@id":"https:\/\/nid.pl\/#\/schema\/logo\/image\/","url":"https:\/\/nid.pl\/wp-content\/uploads\/2022\/10\/logoRedDark.png","contentUrl":"https:\/\/nid.pl\/wp-content\/uploads\/2022\/10\/logoRedDark.png","width":200,"height":197,"caption":"Narodowy Instytut Dziedzictwa"},"image":{"@id":"https:\/\/nid.pl\/#\/schema\/logo\/image\/"},"sameAs":["https:\/\/www.facebook.com\/zabytek","https:\/\/x.com\/NarIDpl","https:\/\/www.instagram.com\/nid.pl\/?hl=pl","https:\/\/www.linkedin.com\/company\/narodowy-instytut-dziedzictwa","https:\/\/www.youtube.com\/channel\/UCQXuhKa2uHtmNvLRUSx40JA"]}]}},"_links":{"self":[{"href":"https:\/\/nid.pl\/en\/wp-json\/wp\/v2\/pages\/13577","targetHints":{"allow":["GET"]}}],"collection":[{"href":"https:\/\/nid.pl\/en\/wp-json\/wp\/v2\/pages"}],"about":[{"href":"https:\/\/nid.pl\/en\/wp-json\/wp\/v2\/types\/page"}],"author":[{"embeddable":true,"href":"https:\/\/nid.pl\/en\/wp-json\/wp\/v2\/users\/4"}],"replies":[{"embeddable":true,"href":"https:\/\/nid.pl\/en\/wp-json\/wp\/v2\/comments?post=13577"}],"version-history":[{"count":0,"href":"https:\/\/nid.pl\/en\/wp-json\/wp\/v2\/pages\/13577\/revisions"}],"wp:attachment":[{"href":"https:\/\/nid.pl\/en\/wp-json\/wp\/v2\/media?parent=13577"}],"curies":[{"name":"wp","href":"https:\/\/api.w.org\/{rel}","templated":true}]}}